{"id":5417,"date":"2017-12-08T15:12:29","date_gmt":"2017-12-08T20:12:29","guid":{"rendered":"https:\/\/www.myphillylawyer.com\/?page_id=5417"},"modified":"2024-05-01T10:42:38","modified_gmt":"2024-05-01T15:42:38","slug":"resbalon-y-caida-en-wendys-nuestros-abogados-pueden-ayudar","status":"publish","type":"page","link":"https:\/\/www.myphillylawyer.com\/es\/areas-de-practica\/danos-personales\/responsabilidad-de-las-instalaciones\/resbalones-y-caidas\/resbalon-y-caida-en-wendys-nuestros-abogados-pueden-ayudar\/","title":{"rendered":"\u00bfResbal\u00f3n y ca\u00edda en Wendy's? Nuestros abogados pueden ayudarle"},"content":{"rendered":"<h1 class=\"wp-block-heading\">Resbal\u00f3n y ca\u00edda en Wendy's<\/h1>\n\n\n\n<p>Wendy's es una cadena internacional estadounidense de restaurantes de comida r\u00e1pida. En 2016, era la tercera cadena de comida r\u00e1pida de hamburguesas m\u00e1s grande del mundo, por detr\u00e1s de Burger King y McDonald's. A fecha de 2 de enero de 2017, Wendy's contaba con un total de 6.537 establecimientos, 330 de los cuales son propiedad de la empresa.<\/p>\n\n\n\n<p>Debido a los miles de clientes que visitan Wendy's a diario, los empleados pueden a menudo no darse cuenta de los derrames que pueden ocurrir en el restaurante, y pueden no limpiar los derrames a tiempo para evitar que los clientes sufran una lesi\u00f3n en un resbal\u00f3n, tropiezo y ca\u00edda. O puede que no adviertan de las condiciones peligrosas que podr\u00edan provocar un accidente a los clientes. Los empleados de Wendy's tienen el deber de asegurarse de que sus clientes est\u00e9n seguros mientras est\u00e1n cenando en el restaurante, o simplemente esperando en la cola para ser atendidos. Si se lesion\u00f3 en Wendy's, llame al <a href=\"https:\/\/www.myphillylawyer.com\/es\/areas-de-practica\/danos-personales\/\">abogados de lesiones personales<\/a> en <a href=\"https:\/\/www.myphillylawyer.com\/es\/\">MyPhillyLawyer<\/a> en el (215) 789-9346.<\/p>\n\n\n\n<p><strong>\u00bfQu\u00e9 tipo de lesiones han sufrido los clientes de Wendy's?<\/strong><\/p>\n\n\n\n<p>M\u00e1s <a href=\"https:\/\/www.myphillylawyer.com\/es\/areas-de-practica\/danos-personales\/responsabilidad-de-las-instalaciones\/resbalones-y-caidas\/\">accidentes por resbalones y ca\u00eddas<\/a> en Wendy's no han dado lugar a lesiones graves o potencialmente mortales. Sin embargo, a veces, los clientes resbalan, tropiezan y se caen y, por lo tanto, sufren lesiones graves. Cada vez que un cliente visita un restaurante de comida r\u00e1pida, existen peligros potenciales. Los lugares especialmente peligrosos son aquellos en los que hay comida, como la estaci\u00f3n de condimentos. Entre los elementos que podr\u00edan resultar en un ambiente resbaladizo e inseguro en Wendy's est\u00e1n:<\/p>\n\n\n\n<ul class=\"wp-block-list\">\n<li>Alimentos, como helados y condimentos<\/li>\n\n\n\n<li>Grasa para cocinar<\/li>\n\n\n\n<li>Suelos reci\u00e9n fregados, sobre todo si un empleado no ha colocado una se\u00f1al de PELIGRO.<\/li>\n\n\n\n<li>Inclemencias meteorol\u00f3gicas, especialmente en una zona en la que se pueda acumular nieve y hielo.<\/li>\n<\/ul>\n\n\n\n<p>Si usted sufri\u00f3 una lesi\u00f3n grave mientras era cliente de Wendy's, puede tener un caso v\u00e1lido de negligencia contra la cadena de comida r\u00e1pida. Usted puede ser capaz de recibir da\u00f1os y perjuicios por su lesi\u00f3n. Entre los tipos comunes de lesiones que las personas sufren en accidentes de resbalones y ca\u00eddas se encuentran:<\/p>\n\n\n\n<ul class=\"wp-block-list\">\n<li>Lesi\u00f3n medular<\/li>\n\n\n\n<li>Esguince de rodilla<\/li>\n\n\n\n<li>Fractura de clav\u00edcula<\/li>\n\n\n\n<li>Fractura de rabadilla<\/li>\n<\/ul>\n\n\n\n<p>Si ha sufrido estas u otras lesiones por resbal\u00f3n y ca\u00edda en Wendy's, es posible que pueda obtener una indemnizaci\u00f3n. Esta indemnizaci\u00f3n es similar a la de otras demandas por lesiones personales, y podr\u00eda incluir:<\/p>\n\n\n\n<ul class=\"wp-block-list\">\n<li>Facturas m\u00e9dicas<\/li>\n\n\n\n<li>Salarios perdidos<\/li>\n\n\n\n<li>Dolor y sufrimiento<\/li>\n\n\n\n<li>P\u00e9rdida del disfrute de la vida<\/li>\n<\/ul>\n\n\n\n<p><strong><br>Qu\u00e9 hacer tras un accidente por resbal\u00f3n y ca\u00edda en Wendy's<\/strong><\/p>\n\n\n\n<p>1. Acude inmediatamente a un profesional m\u00e9dico.<\/p>\n\n\n\n<p>2. No firme ning\u00fan formulario de la direcci\u00f3n de Wendy's ni de nadie que act\u00fae en su nombre, incluidos sus abogados y los representantes de la compa\u00f1\u00eda de seguros, hasta que haya hablado con un asesor jur\u00eddico.<\/p>\n\n\n\n<p>3. No presente una reclamaci\u00f3n contra ellos por su cuenta. Llame al MyPhillyLawyer, y que un abogado con experiencia en lesiones personales lo represente.<\/p>","protected":false},"excerpt":{"rendered":"<p>Resbal\u00f3n y ca\u00edda en Wendy's Wendy's es una cadena internacional estadounidense de restaurantes de comida r\u00e1pida. En 2016, era la tercera cadena de comida r\u00e1pida de hamburguesas m\u00e1s grande del mundo, por detr\u00e1s de Burger King y McDonald's. A 2 de enero de 2017, Wendy's contaba con un total de 6.537 locales, de los cuales 330 son propiedad de la empresa. Debido a la...<\/p>","protected":false},"author":9,"featured_media":0,"parent":7406,"menu_order":0,"comment_status":"closed","ping_status":"closed","template":"","meta":{"_acf_changed":false,"jetpack_post_was_ever_published":false,"footnotes":""},"class_list":["post-5417","page","type-page","status-publish","hentry"],"acf":[],"jetpack_sharing_enabled":true,"_links":{"self":[{"href":"https:\/\/www.myphillylawyer.com\/es\/wp-json\/wp\/v2\/pages\/5417","targetHints":{"allow":["GET"]}}],"collection":[{"href":"https:\/\/www.myphillylawyer.com\/es\/wp-json\/wp\/v2\/pages"}],"about":[{"href":"https:\/\/www.myphillylawyer.com\/es\/wp-json\/wp\/v2\/types\/page"}],"author":[{"embeddable":true,"href":"https:\/\/www.myphillylawyer.com\/es\/wp-json\/wp\/v2\/users\/9"}],"replies":[{"embeddable":true,"href":"https:\/\/www.myphillylawyer.com\/es\/wp-json\/wp\/v2\/comments?post=5417"}],"version-history":[{"count":3,"href":"https:\/\/www.myphillylawyer.com\/es\/wp-json\/wp\/v2\/pages\/5417\/revisions"}],"predecessor-version":[{"id":11668,"href":"https:\/\/www.myphillylawyer.com\/es\/wp-json\/wp\/v2\/pages\/5417\/revisions\/11668"}],"up":[{"embeddable":true,"href":"https:\/\/www.myphillylawyer.com\/es\/wp-json\/wp\/v2\/pages\/7406"}],"wp:attachment":[{"href":"https:\/\/www.myphillylawyer.com\/es\/wp-json\/wp\/v2\/media?parent=5417"}],"curies":[{"name":"wp","href":"https:\/\/api.w.org\/{rel}","templated":true}]}}