{"id":84,"date":"2016-11-01T16:39:24","date_gmt":"2016-11-01T21:39:24","guid":{"rendered":"http:\/\/myphillylawyer.adviadev.com\/?page_id=84"},"modified":"2018-10-02T07:48:24","modified_gmt":"2018-10-02T12:48:24","slug":"paralisis-cerebral","status":"publish","type":"page","link":"https:\/\/www.myphillylawyer.com\/es\/areas-de-practica\/lesiones-de-nacimiento\/paralisis-cerebral\/","title":{"rendered":"Par\u00e1lisis cerebral"},"content":{"rendered":"<h4>Lesiones de nacimiento: Causas de la par\u00e1lisis cerebral<\/h4>\n<p>La par\u00e1lisis cerebral es un trastorno neurol\u00f3gico causado por da\u00f1os en la parte del cerebro que controla el movimiento muscular. Se caracteriza por rigidez de movimientos musculares, p\u00e9rdida de equilibrio, movimientos musculares incontrolables o involuntarios, o una combinaci\u00f3n de estos s\u00edntomas.<\/p>\n<p>La par\u00e1lisis cerebral es especialmente traum\u00e1tica porque podr\u00eda haberse evitado con atenci\u00f3n m\u00e9dica. H\u00e1gase estas preguntas:<\/p>\n<ul>\n<li>\u00bfSu m\u00e9dico no atendi\u00f3 el parto en las 24 horas siguientes a romper aguas?<\/li>\n<li>\u00bfSu m\u00e9dico no orden\u00f3 una ces\u00e1rea durante un parto largo?<\/li>\n<li>\u00bfSu m\u00e9dico no se tom\u00f3 en serio su ITU u otra infecci\u00f3n durante el embarazo?<\/li>\n<li class=\"last-child\">\u00bfPodr\u00eda su m\u00e9dico haber evitado el parto prematuro de su beb\u00e9?<\/li>\n<\/ul>\n<p>A veces la par\u00e1lisis cerebral se debe a complicaciones inevitables durante el embarazo o el parto. Sin embargo, si su m\u00e9dico no cumpli\u00f3 las normas de atenci\u00f3n m\u00e9dica, contribuyendo as\u00ed a la afecci\u00f3n, usted tiene derecho a solicitar la m\u00e1xima indemnizaci\u00f3n por el sufrimiento de por vida de su hijo.<\/p>\n<p>Un experimentado <a href=\"https:\/\/www.myphillylawyer.com\/es\/areas-de-practica\/lesiones-de-nacimiento\/\">abogado de lesiones de nacimiento<\/a> puede revisar su situaci\u00f3n y ayudarle a determinar si tiene una reclamaci\u00f3n v\u00e1lida por negligencia m\u00e9dica. Su abogado puede consultar a profesionales m\u00e9dicos y otros expertos a los que usted no tiene acceso para apoyar su reclamaci\u00f3n. Adem\u00e1s, su abogado puede ayudarle a asegurarse de que las compa\u00f1\u00edas de seguros no se aprovechen de su situaci\u00f3n y le ofrezcan una indemnizaci\u00f3n inferior a la que usted merece.<\/p>\n<h4>MyPhillyLawyer: 215-227-2727 (llamada local) o (866) 352-4572 (llamada gratuita)<\/h4>","protected":false},"excerpt":{"rendered":"<p>Lesiones de nacimiento: Causas de la par\u00e1lisis cerebral La par\u00e1lisis cerebral es un trastorno neurol\u00f3gico causado por da\u00f1os en la parte del cerebro que controla el movimiento muscular. Se caracteriza por rigidez en los movimientos musculares, p\u00e9rdida del equilibrio, movimientos musculares incontrolables o involuntarios, o una combinaci\u00f3n de estos s\u00edntomas. La par\u00e1lisis cerebral es especialmente traum\u00e1tica porque puede...<\/p>","protected":false},"author":9,"featured_media":0,"parent":27,"menu_order":0,"comment_status":"closed","ping_status":"closed","template":"","meta":{"_acf_changed":false,"footnotes":""},"class_list":["post-84","page","type-page","status-publish","hentry"],"acf":[],"jetpack_sharing_enabled":true,"_links":{"self":[{"href":"https:\/\/www.myphillylawyer.com\/es\/wp-json\/wp\/v2\/pages\/84","targetHints":{"allow":["GET"]}}],"collection":[{"href":"https:\/\/www.myphillylawyer.com\/es\/wp-json\/wp\/v2\/pages"}],"about":[{"href":"https:\/\/www.myphillylawyer.com\/es\/wp-json\/wp\/v2\/types\/page"}],"author":[{"embeddable":true,"href":"https:\/\/www.myphillylawyer.com\/es\/wp-json\/wp\/v2\/users\/9"}],"replies":[{"embeddable":true,"href":"https:\/\/www.myphillylawyer.com\/es\/wp-json\/wp\/v2\/comments?post=84"}],"version-history":[{"count":4,"href":"https:\/\/www.myphillylawyer.com\/es\/wp-json\/wp\/v2\/pages\/84\/revisions"}],"predecessor-version":[{"id":5052,"href":"https:\/\/www.myphillylawyer.com\/es\/wp-json\/wp\/v2\/pages\/84\/revisions\/5052"}],"up":[{"embeddable":true,"href":"https:\/\/www.myphillylawyer.com\/es\/wp-json\/wp\/v2\/pages\/27"}],"wp:attachment":[{"href":"https:\/\/www.myphillylawyer.com\/es\/wp-json\/wp\/v2\/media?parent=84"}],"curies":[{"name":"wp","href":"https:\/\/api.w.org\/{rel}","templated":true}]}}