{"id":8408,"date":"2020-09-22T14:01:04","date_gmt":"2020-09-22T19:01:04","guid":{"rendered":"https:\/\/www.myphillylawyer.com\/?page_id=8408"},"modified":"2024-04-26T00:25:10","modified_gmt":"2024-04-26T05:25:10","slug":"el-accidente-fue-en-parte-culpa-mia-puedo-reclamar-una-indemnizacion","status":"publish","type":"page","link":"https:\/\/www.myphillylawyer.com\/es\/areas-de-practica\/accidentes-de-trafico-2\/preguntas-frecuentes-2\/el-accidente-fue-en-parte-culpa-mia-puedo-reclamar-una-indemnizacion\/","title":{"rendered":"El accidente fue en parte culpa m\u00eda, \u00bfpuedo reclamar una indemnizaci\u00f3n?"},"content":{"rendered":"<h1 class=\"wp-block-heading\">El accidente fue en parte culpa m\u00eda, \u00bfpuedo reclamar una indemnizaci\u00f3n?<\/h1>\n\n\n\n<p>Cuando la v\u00edctima de un accidente tiene parte de culpa, es culpable de negligencia concurrente. Esto significa que tambi\u00e9n contribuyeron al accidente. Seg\u00fan la ley de Pensilvania, la negligencia contribuyente no impide autom\u00e1ticamente a la v\u00edctima recuperar los da\u00f1os sufridos.<\/p>\n\n\n\n<p>La legislaci\u00f3n estatal aplica la ley de negligencia comparativa, que establece la cantidad de culpa de cada parte para determinar si la parte perjudicada puede presentar una reclamaci\u00f3n de indemnizaci\u00f3n. Si la persona que presenta la reclamaci\u00f3n de indemnizaci\u00f3n tiene m\u00e1s culpa que la presunta parte culpable, no recibe indemnizaci\u00f3n. Si la culpa del conductor v\u00edctima es menor que la de la otra parte, la indemnizaci\u00f3n disminuye en la cuant\u00eda de la culpa de la persona que presenta la reclamaci\u00f3n.<\/p>\n\n\n\n<h3>Otras preguntas frecuentes sobre accidentes de tr\u00e1fico:<\/h3>\n<ul class=\"list-pages-shortcode sibling-pages\"><li class=\"page_item page-item-8822\"><a href=\"https:\/\/www.myphillylawyer.com\/es\/areas-de-practica\/accidentes-de-trafico-2\/preguntas-frecuentes-2\/puedo-ser-indemnizado-aunque-tenga-parte-de-culpa-en-el-accidente-de-trafico\/\">\u00bfPuedo cobrar una indemnizaci\u00f3n aunque tenga parte de culpa en el accidente de tr\u00e1fico?<\/a><\/li>\n<li class=\"page_item page-item-8931\"><a href=\"https:\/\/www.myphillylawyer.com\/es\/areas-de-practica\/accidentes-de-trafico-2\/preguntas-frecuentes-2\/es-frecuente-el-dolor-de-espalda-por-accidente-de-trafico\/\">\u00bfEs frecuente el dolor de espalda por accidente de tr\u00e1fico?<\/a><\/li>\n<li class=\"page_item page-item-9010\"><a href=\"https:\/\/www.myphillylawyer.com\/es\/areas-de-practica\/accidentes-de-trafico-2\/preguntas-frecuentes-2\/cuanto-tiempo-despues-de-un-accidente-de-coche-puede-experimentar-dolor\/\">\u00bfCu\u00e1nto tiempo despu\u00e9s de un accidente de tr\u00e1fico se puede experimentar dolor?<\/a><\/li>\n<li class=\"page_item page-item-8884\"><a href=\"https:\/\/www.myphillylawyer.com\/es\/areas-de-practica\/accidentes-de-trafico-2\/preguntas-frecuentes-2\/cuanto-tiempo-despues-de-un-accidente-de-coche-se-puede-demandar-en-pennsylvania\/\">\u00bfCu\u00e1nto tiempo despu\u00e9s de un accidente de coche se puede demandar en Pennsylvania?<\/a><\/li>\n<li class=\"page_item page-item-8538\"><a href=\"https:\/\/www.myphillylawyer.com\/es\/areas-de-practica\/accidentes-de-trafico-2\/preguntas-frecuentes-2\/cuanto-tiempo-tengo-para-presentar-una-demanda-por-accidente-de-coche\/\">\u00bfDe cu\u00e1nto tiempo dispongo para presentar una demanda por accidente de tr\u00e1fico?<\/a><\/li>\n<li class=\"page_item page-item-8528\"><a href=\"https:\/\/www.myphillylawyer.com\/es\/areas-de-practica\/accidentes-de-trafico-2\/preguntas-frecuentes-2\/cuanto-tiempo-tengo-para-reclamar-tras-un-accidente-de-trafico\/\">\u00bfDe cu\u00e1nto tiempo dispongo para reclamar tras un accidente de tr\u00e1fico?<\/a><\/li>\n<li class=\"page_item page-item-8888\"><a href=\"https:\/\/www.myphillylawyer.com\/es\/areas-de-practica\/accidentes-de-trafico-2\/preguntas-frecuentes-2\/cuanto-tiempo-tiene-una-compania-de-seguros-para-resolver-una-reclamacion-en-pennsylvania\/\">\u00bfDe cu\u00e1nto tiempo dispone una compa\u00f1\u00eda de seguros para resolver una reclamaci\u00f3n en Pensilvania?<\/a><\/li>\n<li class=\"page_item page-item-8733\"><a href=\"https:\/\/www.myphillylawyer.com\/es\/areas-de-practica\/accidentes-de-trafico-2\/preguntas-frecuentes-2\/cuanto-tiempo-se-tarda-en-resolver-una-demanda-por-accidente-de-trafico\/\">\u00bfCu\u00e1nto tiempo se tarda en resolver una demanda por accidente de tr\u00e1fico?<\/a><\/li>\n<li class=\"page_item page-item-8890\"><a href=\"https:\/\/www.myphillylawyer.com\/es\/areas-de-practica\/accidentes-de-trafico-2\/preguntas-frecuentes-2\/cuanto-tiempo-tardare-en-recuperar-los-danos-en-mi-caso-de-accidente-de-coche-en-pennsylvania\/\">\u00bfCu\u00e1nto tiempo se tarda en recuperar los da\u00f1os en mi caso de accidente de coche Pennsylvania?<\/a><\/li>\n<li class=\"page_item page-item-8832\"><a href=\"https:\/\/www.myphillylawyer.com\/es\/areas-de-practica\/accidentes-de-trafico-2\/preguntas-frecuentes-2\/como-debo-prepararme-para-mi-primera-reunion-con-mi-abogado-de-accidente-de-coche-de-pennsylvania\/\">\u00bfC\u00f3mo debo prepararme para mi primera reuni\u00f3n con mi abogado de accidente de coche de Pennsylvania?<\/a><\/li>\n<li class=\"page_item page-item-8993\"><a href=\"https:\/\/www.myphillylawyer.com\/es\/areas-de-practica\/accidentes-de-trafico-2\/preguntas-frecuentes-2\/he-tenido-un-accidente-de-coche-y-me-he-golpeado-la-cabeza-que-debo-hacer\/\">He tenido un accidente de coche y me he golpeado la cabeza; \u00bfqu\u00e9 debo hacer?<\/a><\/li>\n<li class=\"page_item page-item-8360\"><a href=\"https:\/\/www.myphillylawyer.com\/es\/areas-de-practica\/accidentes-de-trafico-2\/preguntas-frecuentes-2\/he-tenido-un-accidente-de-coche-mis-heridas-son-leves-debo-ir-al-medico\/\">He tenido un accidente de coche; mis heridas son leves. \u00bfDebo ir al m\u00e9dico?<\/a><\/li>\n<li class=\"page_item page-item-8534\"><a href=\"https:\/\/www.myphillylawyer.com\/es\/areas-de-practica\/accidentes-de-trafico-2\/preguntas-frecuentes-2\/he-tenido-un-accidente-de-coche-que-debo-hacer-primero\/\">He tenido un accidente de coche, \u00bfqu\u00e9 debo hacer primero?<\/a><\/li>\n<li class=\"page_item page-item-8280\"><a href=\"https:\/\/www.myphillylawyer.com\/es\/areas-de-practica\/accidentes-de-trafico-2\/preguntas-frecuentes-2\/he-sufrido-un-accidente-de-trafico-y-me-he-dado-a-la-fuga-puedo-recibir-una-indemnizacion\/\">Tuve un accidente de tr\u00e1fico en el que me di a la fuga, \u00bfpuedo recibir una indemnizaci\u00f3n?<\/a><\/li>\n<li class=\"page_item page-item-8824\"><a href=\"https:\/\/www.myphillylawyer.com\/es\/areas-de-practica\/accidentes-de-trafico-2\/preguntas-frecuentes-2\/si-he-tenido-un-accidente-de-coche-necesito-un-abogado\/\">Si he tenido un accidente de tr\u00e1fico, \u00bfnecesito un abogado?<\/a><\/li>\n<li class=\"page_item page-item-8886\"><a href=\"https:\/\/www.myphillylawyer.com\/es\/areas-de-practica\/accidentes-de-trafico-2\/preguntas-frecuentes-2\/es-pennsylvania-un-estado-de-accidente-sin-culpa\/\">\u00bfEs Pensilvania un estado de accidentes sin culpa?<\/a><\/li>\n<li class=\"page_item page-item-8820\"><a href=\"https:\/\/www.myphillylawyer.com\/es\/areas-de-practica\/accidentes-de-trafico-2\/preguntas-frecuentes-2\/hay-un-limite-de-tiempo-en-mi-demanda-de-accidente-de-coche-en-pennsylvania\/\">\u00bfHay un l\u00edmite de tiempo en mi demanda por accidente de coche en Pennsylvania?<\/a><\/li>\n<li class=\"page_item page-item-8826\"><a href=\"https:\/\/www.myphillylawyer.com\/es\/areas-de-practica\/accidentes-de-trafico-2\/preguntas-frecuentes-2\/debo-aceptar-una-indemnizacion-de-la-compania-de-seguros-por-mi-accidente-de-coche\/\">\u00bfDebo aceptar una indemnizaci\u00f3n de la compa\u00f1\u00eda de seguros por mi accidente de coche?<\/a><\/li>\n<li class=\"page_item page-item-8531\"><a href=\"https:\/\/www.myphillylawyer.com\/es\/areas-de-practica\/accidentes-de-trafico-2\/preguntas-frecuentes-2\/debo-aceptar-inmediatamente-una-indemnizacion-del-seguro\/\">\u00bfDebo aceptar inmediatamente una indemnizaci\u00f3n del seguro?<\/a><\/li>\n<li class=\"page_item page-item-8408\"><a href=\"https:\/\/www.myphillylawyer.com\/es\/areas-de-practica\/accidentes-de-trafico-2\/preguntas-frecuentes-2\/el-accidente-fue-en-parte-culpa-mia-puedo-reclamar-una-indemnizacion\/\">El accidente fue en parte culpa m\u00eda, \u00bfpuedo reclamar una indemnizaci\u00f3n?<\/a><\/li>\n<li class=\"page_item page-item-8813\"><a href=\"https:\/\/www.myphillylawyer.com\/es\/areas-de-practica\/accidentes-de-trafico-2\/preguntas-frecuentes-2\/a-que-tengo-derecho-tras-un-accidente-de-trafico\/\">\u00bfA qu\u00e9 tengo derecho tras un accidente de tr\u00e1fico?<\/a><\/li>\n<li class=\"page_item page-item-9441\"><a href=\"https:\/\/www.myphillylawyer.com\/es\/areas-de-practica\/accidentes-de-trafico-2\/preguntas-frecuentes-2\/que-ocurre-si-alguien-sufre-un-accidente-conduciendo-su-coche\/\">\u00bfQu\u00e9 pasa si alguien tiene un accidente conduciendo tu coche?<\/a><\/li>\n<li class=\"page_item page-item-8702\"><a href=\"https:\/\/www.myphillylawyer.com\/es\/areas-de-practica\/accidentes-de-trafico-2\/preguntas-frecuentes-2\/que-debo-hacer-tras-un-accidente\/\">\u00bfQu\u00e9 debo hacer tras un accidente?<\/a><\/li>\n<li class=\"page_item page-item-8998\"><a href=\"https:\/\/www.myphillylawyer.com\/es\/areas-de-practica\/accidentes-de-trafico-2\/preguntas-frecuentes-2\/que-hacer-con-el-dolor-de-cabeza-y-cuello-provocado-por-un-accidente-de-trafico\/\">\u00bfQu\u00e9 hacer con el dolor de cabeza y cuello provocado por un accidente de tr\u00e1fico?<\/a><\/li>\n<li class=\"page_item page-item-9034\"><a href=\"https:\/\/www.myphillylawyer.com\/es\/areas-de-practica\/accidentes-de-trafico-2\/preguntas-frecuentes-2\/que-hacer-si-se-golpea-la-cabeza-en-un-accidente-de-trafico\/\">\u00bfQu\u00e9 hacer si te golpeas la cabeza en un accidente de tr\u00e1fico?<\/a><\/li>\n<li class=\"page_item page-item-8536\"><a href=\"https:\/\/www.myphillylawyer.com\/es\/areas-de-practica\/accidentes-de-trafico-2\/preguntas-frecuentes-2\/que-tipo-de-indemnizacion-puedo-recibir-tras-un-accidente-de-trafico\/\">\u00bfQu\u00e9 tipo de indemnizaci\u00f3n puedo esperar recibir tras un accidente de tr\u00e1fico?<\/a><\/li>\n<li class=\"page_item page-item-8828\"><a href=\"https:\/\/www.myphillylawyer.com\/es\/areas-de-practica\/accidentes-de-trafico-2\/preguntas-frecuentes-2\/que-tipo-de-cosas-puedo-ser-indemnizado-despues-de-mi-accidente-de-coche\/\">\u00bfQu\u00e9 tipo de cosas me pueden indemnizar tras mi accidente de tr\u00e1fico?<\/a><\/li>\n<li class=\"page_item page-item-8357\"><a href=\"https:\/\/www.myphillylawyer.com\/es\/areas-de-practica\/accidentes-de-trafico-2\/preguntas-frecuentes-2\/por-que-necesito-un-abogado-de-accidente-de-coche\/\">\u00bfPor qu\u00e9 necesito un abogado de accidentes de coche?<\/a><\/li>\n<\/ul>","protected":false},"excerpt":{"rendered":"<p>El accidente fue parcialmente culpa m\u00eda, \u00bfpuedo reclamar una indemnizaci\u00f3n? Cuando la v\u00edctima de un accidente tiene parte de la culpa, es culpable de negligencia concurrente. Esto significa que tambi\u00e9n contribuy\u00f3 al accidente. Seg\u00fan la ley de Pensilvania, la negligencia contribuyente no impide autom\u00e1ticamente a la v\u00edctima recuperar los da\u00f1os sufridos.....<\/p>","protected":false},"author":9,"featured_media":0,"parent":8282,"menu_order":0,"comment_status":"closed","ping_status":"closed","template":"","meta":{"_acf_changed":false,"jetpack_post_was_ever_published":false,"footnotes":""},"class_list":["post-8408","page","type-page","status-publish","hentry"],"acf":[],"jetpack_sharing_enabled":true,"_links":{"self":[{"href":"https:\/\/www.myphillylawyer.com\/es\/wp-json\/wp\/v2\/pages\/8408","targetHints":{"allow":["GET"]}}],"collection":[{"href":"https:\/\/www.myphillylawyer.com\/es\/wp-json\/wp\/v2\/pages"}],"about":[{"href":"https:\/\/www.myphillylawyer.com\/es\/wp-json\/wp\/v2\/types\/page"}],"author":[{"embeddable":true,"href":"https:\/\/www.myphillylawyer.com\/es\/wp-json\/wp\/v2\/users\/9"}],"replies":[{"embeddable":true,"href":"https:\/\/www.myphillylawyer.com\/es\/wp-json\/wp\/v2\/comments?post=8408"}],"version-history":[{"count":2,"href":"https:\/\/www.myphillylawyer.com\/es\/wp-json\/wp\/v2\/pages\/8408\/revisions"}],"predecessor-version":[{"id":11362,"href":"https:\/\/www.myphillylawyer.com\/es\/wp-json\/wp\/v2\/pages\/8408\/revisions\/11362"}],"up":[{"embeddable":true,"href":"https:\/\/www.myphillylawyer.com\/es\/wp-json\/wp\/v2\/pages\/8282"}],"wp:attachment":[{"href":"https:\/\/www.myphillylawyer.com\/es\/wp-json\/wp\/v2\/media?parent=8408"}],"curies":[{"name":"wp","href":"https:\/\/api.w.org\/{rel}","templated":true}]}}