{"id":8813,"date":"2021-02-19T17:10:25","date_gmt":"2021-02-19T22:10:25","guid":{"rendered":"https:\/\/www.myphillylawyer.com\/?page_id=8813"},"modified":"2026-03-26T17:13:08","modified_gmt":"2026-03-26T22:13:08","slug":"a-que-tengo-derecho-tras-un-accidente-de-trafico","status":"publish","type":"page","link":"https:\/\/www.myphillylawyer.com\/es\/areas-de-practica\/accidentes-de-trafico-2\/preguntas-frecuentes-2\/a-que-tengo-derecho-tras-un-accidente-de-trafico\/","title":{"rendered":"\u00bfA qu\u00e9 tengo derecho tras un accidente de tr\u00e1fico?"},"content":{"rendered":"<h1 class=\"wp-block-heading\">\u00bfA qu\u00e9 tengo derecho tras un accidente de tr\u00e1fico?<\/h1>\n\n\n\n<p><a href=\"https:\/\/www.myphillylawyer.com\/es\/areas-de-practica\/accidentes-de-trafico-2\/\">En un accidente de coche<\/a>Uno de los conductores puede ser el culpable de la colisi\u00f3n. Tras el choque, el conductor v\u00edctima puede sufrir lesiones corporales y da\u00f1os materiales en su veh\u00edculo. Como resultado, puede incurrir en gastos m\u00e9dicos y facturas de reparaci\u00f3n. El conductor culpable, responsable del accidente de tr\u00e1fico, puede tener que pagar por las lesiones y otros gastos sufridos por la v\u00edctima. La indemnizaci\u00f3n a la que tiene derecho un lesionado tras un accidente var\u00eda de un accidente a otro, as\u00ed como de una persona a otra. Factores como el alcance de las lesiones corporales de la v\u00edctima, la carga emocional y las dificultades econ\u00f3micas derivadas del accidente de coche determinan el valor de la indemnizaci\u00f3n de la v\u00edctima.&nbsp;&nbsp;<\/p>\n\n\n\n<p>La ley de Pensilvania exige que los propietarios matriculen sus veh\u00edculos en el Departamento de Veh\u00edculos a Motor de Pensilvania. Para obtener la matriculaci\u00f3n de un veh\u00edculo, el propietario debe tener un seguro de autom\u00f3vil v\u00e1lido que cumpla los requisitos estatales. Los l\u00edmites m\u00ednimos de cobertura de seguro en Pensilvania son $15.000 por persona o $30.000 por accidente para responsabilidad por lesiones corporales y $15.000 para responsabilidad por da\u00f1os materiales. El asegurado puede tener l\u00edmites de seguro superiores a los requisitos m\u00ednimos. La parte v\u00edctima puede recibir una indemnizaci\u00f3n monetaria hasta los l\u00edmites del seguro de responsabilidad por lesiones corporales del conductor culpable por las lesiones f\u00edsicas y emocionales derivadas del accidente. Si el veh\u00edculo u otra propiedad necesita reparaciones o reemplazo debido al accidente de coche, el propietario puede recibir hasta los l\u00edmites de responsabilidad por da\u00f1os a la propiedad.<\/p>\n\n\n\n<p>El seguro adicional es opcional. El seguro de motorista con seguro insuficiente (UIM) es un seguro opcional en la p\u00f3liza de una v\u00edctima para cubrir los da\u00f1os cuando la cobertura del seguro de responsabilidad civil del conductor culpable es inferior a los da\u00f1os totales de la v\u00edctima. Una parte lesionada en un accidente de coche tiene la opci\u00f3n de comprar la cobertura de motorista sin seguro (UM), que cubre sus lesiones si el conductor culpable no tiene seguro o es desconocido. Los l\u00edmites m\u00ednimos de UIM y UM en Pensilvania son $15.000 por persona y $30.000 por accidente. La v\u00edctima de un accidente de tr\u00e1fico puede tener derecho a recibir hasta los l\u00edmites de la cobertura de responsabilidad civil del conductor culpable. Tambi\u00e9n pueden recibir una indemnizaci\u00f3n de su p\u00f3liza de seguro hasta los l\u00edmites de su UIM para cubrir el saldo restante despu\u00e9s de solicitar la cobertura de responsabilidad civil del conductor culpable.&nbsp;&nbsp;<\/p>\n\n\n\n<p>Los da\u00f1os derivados de un accidente de tr\u00e1fico pueden ser econ\u00f3micos y no econ\u00f3micos. La posibilidad de reclamar una indemnizaci\u00f3n por estas p\u00e9rdidas viene determinada por la <a href=\"https:\/\/www.myphillylawyer.com\/es\/areas-de-practica\/accidentes-de-trafico-2\/seguro\/guia-sobre-el-seguro-de-automovil-en-pensilvania\/\">tipo de seguro<\/a> seg\u00fan lo elija la persona. Seg\u00fan la legislaci\u00f3n de Pensilvania, los propietarios de veh\u00edculos pueden optar por contratar un seguro de responsabilidad civil limitada o un seguro de responsabilidad civil total. La opci\u00f3n de responsabilidad civil limitada permite a la v\u00edctima de un accidente automovil\u00edstico reclamar por p\u00e9rdidas econ\u00f3micas, incluidos los gastos m\u00e9dicos y otros gastos de bolsillo. Sin embargo, la responsabilidad civil limitada proh\u00edbe la indemnizaci\u00f3n por da\u00f1os no econ\u00f3micos, como el dolor y el sufrimiento, a menos que la v\u00edctima sufra una lesi\u00f3n grave. Con la cobertura de responsabilidad civil total, la parte lesionada puede reclamar una indemnizaci\u00f3n por da\u00f1os econ\u00f3micos y no econ\u00f3micos.<\/p>\n\n\n\n<h3>Otras preguntas frecuentes sobre accidentes de tr\u00e1fico:<\/h3>\n<ul class=\"list-pages-shortcode sibling-pages\"><li class=\"page_item page-item-8822\"><a href=\"https:\/\/www.myphillylawyer.com\/es\/areas-de-practica\/accidentes-de-trafico-2\/preguntas-frecuentes-2\/puedo-ser-indemnizado-aunque-tenga-parte-de-culpa-en-el-accidente-de-trafico\/\">\u00bfPuedo cobrar una indemnizaci\u00f3n aunque tenga parte de culpa en el accidente de tr\u00e1fico?<\/a><\/li>\n<li class=\"page_item page-item-8931\"><a href=\"https:\/\/www.myphillylawyer.com\/es\/areas-de-practica\/accidentes-de-trafico-2\/preguntas-frecuentes-2\/es-frecuente-el-dolor-de-espalda-por-accidente-de-trafico\/\">\u00bfEs frecuente el dolor de espalda por accidente de tr\u00e1fico?<\/a><\/li>\n<li class=\"page_item page-item-9010\"><a href=\"https:\/\/www.myphillylawyer.com\/es\/areas-de-practica\/accidentes-de-trafico-2\/preguntas-frecuentes-2\/cuanto-tiempo-despues-de-un-accidente-de-coche-puede-experimentar-dolor\/\">\u00bfCu\u00e1nto tiempo despu\u00e9s de un accidente de tr\u00e1fico se puede experimentar dolor?<\/a><\/li>\n<li class=\"page_item page-item-8884\"><a href=\"https:\/\/www.myphillylawyer.com\/es\/areas-de-practica\/accidentes-de-trafico-2\/preguntas-frecuentes-2\/cuanto-tiempo-despues-de-un-accidente-de-coche-se-puede-demandar-en-pennsylvania\/\">\u00bfCu\u00e1nto tiempo despu\u00e9s de un accidente de coche se puede demandar en Pennsylvania?<\/a><\/li>\n<li class=\"page_item page-item-8538\"><a href=\"https:\/\/www.myphillylawyer.com\/es\/areas-de-practica\/accidentes-de-trafico-2\/preguntas-frecuentes-2\/cuanto-tiempo-tengo-para-presentar-una-demanda-por-accidente-de-coche\/\">\u00bfDe cu\u00e1nto tiempo dispongo para presentar una demanda por accidente de tr\u00e1fico?<\/a><\/li>\n<li class=\"page_item page-item-8528\"><a href=\"https:\/\/www.myphillylawyer.com\/es\/areas-de-practica\/accidentes-de-trafico-2\/preguntas-frecuentes-2\/cuanto-tiempo-tengo-para-reclamar-tras-un-accidente-de-trafico\/\">\u00bfDe cu\u00e1nto tiempo dispongo para reclamar tras un accidente de tr\u00e1fico?<\/a><\/li>\n<li class=\"page_item page-item-8888\"><a href=\"https:\/\/www.myphillylawyer.com\/es\/areas-de-practica\/accidentes-de-trafico-2\/preguntas-frecuentes-2\/cuanto-tiempo-tiene-una-compania-de-seguros-para-resolver-una-reclamacion-en-pennsylvania\/\">\u00bfDe cu\u00e1nto tiempo dispone una compa\u00f1\u00eda de seguros para resolver una reclamaci\u00f3n en Pensilvania?<\/a><\/li>\n<li class=\"page_item page-item-8733\"><a href=\"https:\/\/www.myphillylawyer.com\/es\/areas-de-practica\/accidentes-de-trafico-2\/preguntas-frecuentes-2\/cuanto-tiempo-se-tarda-en-resolver-una-demanda-por-accidente-de-trafico\/\">\u00bfCu\u00e1nto tiempo se tarda en resolver una demanda por accidente de tr\u00e1fico?<\/a><\/li>\n<li class=\"page_item page-item-8890\"><a href=\"https:\/\/www.myphillylawyer.com\/es\/areas-de-practica\/accidentes-de-trafico-2\/preguntas-frecuentes-2\/cuanto-tiempo-tardare-en-recuperar-los-danos-en-mi-caso-de-accidente-de-coche-en-pennsylvania\/\">\u00bfCu\u00e1nto tiempo se tarda en recuperar los da\u00f1os en mi caso de accidente de coche Pennsylvania?<\/a><\/li>\n<li class=\"page_item page-item-8832\"><a href=\"https:\/\/www.myphillylawyer.com\/es\/areas-de-practica\/accidentes-de-trafico-2\/preguntas-frecuentes-2\/como-debo-prepararme-para-mi-primera-reunion-con-mi-abogado-de-accidente-de-coche-de-pennsylvania\/\">\u00bfC\u00f3mo debo prepararme para mi primera reuni\u00f3n con mi abogado de accidente de coche de Pennsylvania?<\/a><\/li>\n<li class=\"page_item page-item-8993\"><a href=\"https:\/\/www.myphillylawyer.com\/es\/areas-de-practica\/accidentes-de-trafico-2\/preguntas-frecuentes-2\/he-tenido-un-accidente-de-coche-y-me-he-golpeado-la-cabeza-que-debo-hacer\/\">He tenido un accidente de coche y me he golpeado la cabeza; \u00bfqu\u00e9 debo hacer?<\/a><\/li>\n<li class=\"page_item page-item-8360\"><a href=\"https:\/\/www.myphillylawyer.com\/es\/areas-de-practica\/accidentes-de-trafico-2\/preguntas-frecuentes-2\/he-tenido-un-accidente-de-coche-mis-heridas-son-leves-debo-ir-al-medico\/\">He tenido un accidente de coche; mis heridas son leves. \u00bfDebo ir al m\u00e9dico?<\/a><\/li>\n<li class=\"page_item page-item-8534\"><a href=\"https:\/\/www.myphillylawyer.com\/es\/areas-de-practica\/accidentes-de-trafico-2\/preguntas-frecuentes-2\/he-tenido-un-accidente-de-coche-que-debo-hacer-primero\/\">He tenido un accidente de coche, \u00bfqu\u00e9 debo hacer primero?<\/a><\/li>\n<li class=\"page_item page-item-8280\"><a href=\"https:\/\/www.myphillylawyer.com\/es\/areas-de-practica\/accidentes-de-trafico-2\/preguntas-frecuentes-2\/he-sufrido-un-accidente-de-trafico-y-me-he-dado-a-la-fuga-puedo-recibir-una-indemnizacion\/\">Tuve un accidente de tr\u00e1fico en el que me di a la fuga, \u00bfpuedo recibir una indemnizaci\u00f3n?<\/a><\/li>\n<li class=\"page_item page-item-8824\"><a href=\"https:\/\/www.myphillylawyer.com\/es\/areas-de-practica\/accidentes-de-trafico-2\/preguntas-frecuentes-2\/si-he-tenido-un-accidente-de-coche-necesito-un-abogado\/\">Si he tenido un accidente de tr\u00e1fico, \u00bfnecesito un abogado?<\/a><\/li>\n<li class=\"page_item page-item-8886\"><a href=\"https:\/\/www.myphillylawyer.com\/es\/areas-de-practica\/accidentes-de-trafico-2\/preguntas-frecuentes-2\/es-pennsylvania-un-estado-de-accidente-sin-culpa\/\">\u00bfEs Pensilvania un estado de accidentes sin culpa?<\/a><\/li>\n<li class=\"page_item page-item-8820\"><a href=\"https:\/\/www.myphillylawyer.com\/es\/areas-de-practica\/accidentes-de-trafico-2\/preguntas-frecuentes-2\/hay-un-limite-de-tiempo-en-mi-demanda-de-accidente-de-coche-en-pennsylvania\/\">\u00bfHay un l\u00edmite de tiempo en mi demanda por accidente de coche en Pennsylvania?<\/a><\/li>\n<li class=\"page_item page-item-8826\"><a href=\"https:\/\/www.myphillylawyer.com\/es\/areas-de-practica\/accidentes-de-trafico-2\/preguntas-frecuentes-2\/debo-aceptar-una-indemnizacion-de-la-compania-de-seguros-por-mi-accidente-de-coche\/\">\u00bfDebo aceptar una indemnizaci\u00f3n de la compa\u00f1\u00eda de seguros por mi accidente de coche?<\/a><\/li>\n<li class=\"page_item page-item-8531\"><a href=\"https:\/\/www.myphillylawyer.com\/es\/areas-de-practica\/accidentes-de-trafico-2\/preguntas-frecuentes-2\/debo-aceptar-inmediatamente-una-indemnizacion-del-seguro\/\">\u00bfDebo aceptar inmediatamente una indemnizaci\u00f3n del seguro?<\/a><\/li>\n<li class=\"page_item page-item-8408\"><a href=\"https:\/\/www.myphillylawyer.com\/es\/areas-de-practica\/accidentes-de-trafico-2\/preguntas-frecuentes-2\/el-accidente-fue-en-parte-culpa-mia-puedo-reclamar-una-indemnizacion\/\">El accidente fue en parte culpa m\u00eda, \u00bfpuedo reclamar una indemnizaci\u00f3n?<\/a><\/li>\n<li class=\"page_item page-item-8813\"><a href=\"https:\/\/www.myphillylawyer.com\/es\/areas-de-practica\/accidentes-de-trafico-2\/preguntas-frecuentes-2\/a-que-tengo-derecho-tras-un-accidente-de-trafico\/\">\u00bfA qu\u00e9 tengo derecho tras un accidente de tr\u00e1fico?<\/a><\/li>\n<li class=\"page_item page-item-9441\"><a href=\"https:\/\/www.myphillylawyer.com\/es\/areas-de-practica\/accidentes-de-trafico-2\/preguntas-frecuentes-2\/que-ocurre-si-alguien-sufre-un-accidente-conduciendo-su-coche\/\">\u00bfQu\u00e9 pasa si alguien tiene un accidente conduciendo tu coche?<\/a><\/li>\n<li class=\"page_item page-item-8702\"><a href=\"https:\/\/www.myphillylawyer.com\/es\/areas-de-practica\/accidentes-de-trafico-2\/preguntas-frecuentes-2\/que-debo-hacer-tras-un-accidente\/\">\u00bfQu\u00e9 debo hacer tras un accidente?<\/a><\/li>\n<li class=\"page_item page-item-8998\"><a href=\"https:\/\/www.myphillylawyer.com\/es\/areas-de-practica\/accidentes-de-trafico-2\/preguntas-frecuentes-2\/que-hacer-con-el-dolor-de-cabeza-y-cuello-provocado-por-un-accidente-de-trafico\/\">\u00bfQu\u00e9 hacer con el dolor de cabeza y cuello provocado por un accidente de tr\u00e1fico?<\/a><\/li>\n<li class=\"page_item page-item-9034\"><a href=\"https:\/\/www.myphillylawyer.com\/es\/areas-de-practica\/accidentes-de-trafico-2\/preguntas-frecuentes-2\/que-hacer-si-se-golpea-la-cabeza-en-un-accidente-de-trafico\/\">\u00bfQu\u00e9 hacer si te golpeas la cabeza en un accidente de tr\u00e1fico?<\/a><\/li>\n<li class=\"page_item page-item-8536\"><a href=\"https:\/\/www.myphillylawyer.com\/es\/areas-de-practica\/accidentes-de-trafico-2\/preguntas-frecuentes-2\/que-tipo-de-indemnizacion-puedo-recibir-tras-un-accidente-de-trafico\/\">\u00bfQu\u00e9 tipo de indemnizaci\u00f3n puedo esperar recibir tras un accidente de tr\u00e1fico?<\/a><\/li>\n<li class=\"page_item page-item-8828\"><a href=\"https:\/\/www.myphillylawyer.com\/es\/areas-de-practica\/accidentes-de-trafico-2\/preguntas-frecuentes-2\/que-tipo-de-cosas-puedo-ser-indemnizado-despues-de-mi-accidente-de-coche\/\">\u00bfQu\u00e9 tipo de cosas me pueden indemnizar tras mi accidente de tr\u00e1fico?<\/a><\/li>\n<li class=\"page_item page-item-8357\"><a href=\"https:\/\/www.myphillylawyer.com\/es\/areas-de-practica\/accidentes-de-trafico-2\/preguntas-frecuentes-2\/por-que-necesito-un-abogado-de-accidente-de-coche\/\">\u00bfPor qu\u00e9 necesito un abogado de accidentes de coche?<\/a><\/li>\n<\/ul>","protected":false},"excerpt":{"rendered":"<p>\u00bfA qu\u00e9 tengo derecho tras un accidente de tr\u00e1fico? En un accidente de tr\u00e1fico, uno de los conductores puede ser culpable de causar la colisi\u00f3n. Tras el choque, el conductor v\u00edctima puede sufrir lesiones corporales y da\u00f1os materiales en su veh\u00edculo. Como resultado, puede incurrir en gastos m\u00e9dicos y facturas de reparaci\u00f3n. El conductor culpable, responsable...<\/p>","protected":false},"author":9,"featured_media":10805,"parent":8282,"menu_order":0,"comment_status":"closed","ping_status":"closed","template":"","meta":{"_acf_changed":false,"jetpack_post_was_ever_published":false,"footnotes":""},"class_list":["post-8813","page","type-page","status-publish","has-post-thumbnail","hentry"],"acf":[],"jetpack_sharing_enabled":true,"_links":{"self":[{"href":"https:\/\/www.myphillylawyer.com\/es\/wp-json\/wp\/v2\/pages\/8813","targetHints":{"allow":["GET"]}}],"collection":[{"href":"https:\/\/www.myphillylawyer.com\/es\/wp-json\/wp\/v2\/pages"}],"about":[{"href":"https:\/\/www.myphillylawyer.com\/es\/wp-json\/wp\/v2\/types\/page"}],"author":[{"embeddable":true,"href":"https:\/\/www.myphillylawyer.com\/es\/wp-json\/wp\/v2\/users\/9"}],"replies":[{"embeddable":true,"href":"https:\/\/www.myphillylawyer.com\/es\/wp-json\/wp\/v2\/comments?post=8813"}],"version-history":[{"count":3,"href":"https:\/\/www.myphillylawyer.com\/es\/wp-json\/wp\/v2\/pages\/8813\/revisions"}],"predecessor-version":[{"id":15601,"href":"https:\/\/www.myphillylawyer.com\/es\/wp-json\/wp\/v2\/pages\/8813\/revisions\/15601"}],"up":[{"embeddable":true,"href":"https:\/\/www.myphillylawyer.com\/es\/wp-json\/wp\/v2\/pages\/8282"}],"wp:featuredmedia":[{"embeddable":true,"href":"https:\/\/www.myphillylawyer.com\/es\/wp-json\/wp\/v2\/media\/10805"}],"wp:attachment":[{"href":"https:\/\/www.myphillylawyer.com\/es\/wp-json\/wp\/v2\/media?parent=8813"}],"curies":[{"name":"wp","href":"https:\/\/api.w.org\/{rel}","templated":true}]}}