{"id":8993,"date":"2021-04-09T15:10:47","date_gmt":"2021-04-09T20:10:47","guid":{"rendered":"https:\/\/www.myphillylawyer.com\/?page_id=8993"},"modified":"2024-04-26T00:14:01","modified_gmt":"2024-04-26T05:14:01","slug":"he-tenido-un-accidente-de-coche-y-me-he-golpeado-la-cabeza-que-debo-hacer","status":"publish","type":"page","link":"https:\/\/www.myphillylawyer.com\/es\/areas-de-practica\/accidentes-de-trafico-2\/preguntas-frecuentes-2\/he-tenido-un-accidente-de-coche-y-me-he-golpeado-la-cabeza-que-debo-hacer\/","title":{"rendered":"He tenido un accidente de coche y me he golpeado la cabeza; \u00bfqu\u00e9 debo hacer?"},"content":{"rendered":"<h1 class=\"wp-block-heading\">\u00bfQu\u00e9 debo hacer si me golpeo la cabeza en un accidente de tr\u00e1fico?<\/h1>\n\n\n\n<p><a href=\"https:\/\/www.myphillylawyer.com\/es\/areas-de-practica\/accidentes-de-trafico-2\/\">Nadie prev\u00e9 tener un accidente de coche<\/a>. Tanto si se trata de un accidente leve como de uno grave, un conductor o pasajero implicado en el accidente puede golpearse la cabeza con el impacto. Las lesiones en la cabeza son incre\u00edblemente graves. Tras cualquier accidente de coche, uno de los conductores debe avisar a la polic\u00eda. Tambi\u00e9n hay que avisar a los servicios m\u00e9dicos para que socorran a cualquier herido y le presten atenci\u00f3n m\u00e9dica inmediata.<\/p>\n\n\n\n<p><a href=\"https:\/\/www.myphillylawyer.com\/es\/areas-de-practica\/danos-personales\/lesiones-graves\/lesiones-en-la-cabeza\/\">Cualquiera puede sufrir un traumatismo craneoencef\u00e1lico tras un accidente de tr\u00e1fico.<\/a>. El impacto en la cabeza puede provocar un traumatismo craneoencef\u00e1lico leve, moderado o grave. Los traumatismos craneoencef\u00e1licos incluyen golpes o contusiones, conmociones cerebrales, fracturas de cr\u00e1neo, hemorragias cerebrales e hinchaz\u00f3n.<\/p>\n\n\n\n<p>La gravedad de un golpe en la cabeza es dif\u00edcil de determinar con s\u00f3lo mirar a alguien. Por ello, la persona lesionada debe someterse a un examen m\u00e9dico de inmediato. Una radiograf\u00eda, una tomograf\u00eda computarizada y un examen f\u00edsico pueden determinar el alcance del traumatismo craneal. Los medicamentos, la cirug\u00eda y la rehabilitaci\u00f3n son opciones de tratamiento que dependen del tipo de traumatismo craneal que sufra la persona. Recibir tratamiento acumula gastos m\u00e9dicos; por tanto, la persona lesionada debe registrar sus gastos m\u00e9dicos. Una persona lesionada puede solicitar una indemnizaci\u00f3n por los gastos de su bolsillo y los salarios perdidos debido a su traumatismo craneoencef\u00e1lico. <a href=\"https:\/\/www.myphillylawyer.com\/es\/pongase-en-contacto-con\/\">P\u00f3ngase en contacto con MyPhillyLawyer right way para obtener asistencia<\/a>.<\/p>\n\n\n\n<h3>Otras preguntas frecuentes sobre accidentes de tr\u00e1fico:<\/h3>\n<ul class=\"list-pages-shortcode sibling-pages\"><li class=\"page_item page-item-8822\"><a href=\"https:\/\/www.myphillylawyer.com\/es\/areas-de-practica\/accidentes-de-trafico-2\/preguntas-frecuentes-2\/puedo-ser-indemnizado-aunque-tenga-parte-de-culpa-en-el-accidente-de-trafico\/\">\u00bfPuedo cobrar una indemnizaci\u00f3n aunque tenga parte de culpa en el accidente de tr\u00e1fico?<\/a><\/li>\n<li class=\"page_item page-item-8931\"><a href=\"https:\/\/www.myphillylawyer.com\/es\/areas-de-practica\/accidentes-de-trafico-2\/preguntas-frecuentes-2\/es-frecuente-el-dolor-de-espalda-por-accidente-de-trafico\/\">\u00bfEs frecuente el dolor de espalda por accidente de tr\u00e1fico?<\/a><\/li>\n<li class=\"page_item page-item-9010\"><a href=\"https:\/\/www.myphillylawyer.com\/es\/areas-de-practica\/accidentes-de-trafico-2\/preguntas-frecuentes-2\/cuanto-tiempo-despues-de-un-accidente-de-coche-puede-experimentar-dolor\/\">\u00bfCu\u00e1nto tiempo despu\u00e9s de un accidente de tr\u00e1fico se puede experimentar dolor?<\/a><\/li>\n<li class=\"page_item page-item-8884\"><a href=\"https:\/\/www.myphillylawyer.com\/es\/areas-de-practica\/accidentes-de-trafico-2\/preguntas-frecuentes-2\/cuanto-tiempo-despues-de-un-accidente-de-coche-se-puede-demandar-en-pennsylvania\/\">\u00bfCu\u00e1nto tiempo despu\u00e9s de un accidente de coche se puede demandar en Pennsylvania?<\/a><\/li>\n<li class=\"page_item page-item-8538\"><a href=\"https:\/\/www.myphillylawyer.com\/es\/areas-de-practica\/accidentes-de-trafico-2\/preguntas-frecuentes-2\/cuanto-tiempo-tengo-para-presentar-una-demanda-por-accidente-de-coche\/\">\u00bfDe cu\u00e1nto tiempo dispongo para presentar una demanda por accidente de tr\u00e1fico?<\/a><\/li>\n<li class=\"page_item page-item-8528\"><a href=\"https:\/\/www.myphillylawyer.com\/es\/areas-de-practica\/accidentes-de-trafico-2\/preguntas-frecuentes-2\/cuanto-tiempo-tengo-para-reclamar-tras-un-accidente-de-trafico\/\">\u00bfDe cu\u00e1nto tiempo dispongo para reclamar tras un accidente de tr\u00e1fico?<\/a><\/li>\n<li class=\"page_item page-item-8888\"><a href=\"https:\/\/www.myphillylawyer.com\/es\/areas-de-practica\/accidentes-de-trafico-2\/preguntas-frecuentes-2\/cuanto-tiempo-tiene-una-compania-de-seguros-para-resolver-una-reclamacion-en-pennsylvania\/\">\u00bfDe cu\u00e1nto tiempo dispone una compa\u00f1\u00eda de seguros para resolver una reclamaci\u00f3n en Pensilvania?<\/a><\/li>\n<li class=\"page_item page-item-8733\"><a href=\"https:\/\/www.myphillylawyer.com\/es\/areas-de-practica\/accidentes-de-trafico-2\/preguntas-frecuentes-2\/cuanto-tiempo-se-tarda-en-resolver-una-demanda-por-accidente-de-trafico\/\">\u00bfCu\u00e1nto tiempo se tarda en resolver una demanda por accidente de tr\u00e1fico?<\/a><\/li>\n<li class=\"page_item page-item-8890\"><a href=\"https:\/\/www.myphillylawyer.com\/es\/areas-de-practica\/accidentes-de-trafico-2\/preguntas-frecuentes-2\/cuanto-tiempo-tardare-en-recuperar-los-danos-en-mi-caso-de-accidente-de-coche-en-pennsylvania\/\">\u00bfCu\u00e1nto tiempo se tarda en recuperar los da\u00f1os en mi caso de accidente de coche Pennsylvania?<\/a><\/li>\n<li class=\"page_item page-item-8832\"><a href=\"https:\/\/www.myphillylawyer.com\/es\/areas-de-practica\/accidentes-de-trafico-2\/preguntas-frecuentes-2\/como-debo-prepararme-para-mi-primera-reunion-con-mi-abogado-de-accidente-de-coche-de-pennsylvania\/\">\u00bfC\u00f3mo debo prepararme para mi primera reuni\u00f3n con mi abogado de accidente de coche de Pennsylvania?<\/a><\/li>\n<li class=\"page_item page-item-8993\"><a href=\"https:\/\/www.myphillylawyer.com\/es\/areas-de-practica\/accidentes-de-trafico-2\/preguntas-frecuentes-2\/he-tenido-un-accidente-de-coche-y-me-he-golpeado-la-cabeza-que-debo-hacer\/\">He tenido un accidente de coche y me he golpeado la cabeza; \u00bfqu\u00e9 debo hacer?<\/a><\/li>\n<li class=\"page_item page-item-8360\"><a href=\"https:\/\/www.myphillylawyer.com\/es\/areas-de-practica\/accidentes-de-trafico-2\/preguntas-frecuentes-2\/he-tenido-un-accidente-de-coche-mis-heridas-son-leves-debo-ir-al-medico\/\">He tenido un accidente de coche; mis heridas son leves. \u00bfDebo ir al m\u00e9dico?<\/a><\/li>\n<li class=\"page_item page-item-8534\"><a href=\"https:\/\/www.myphillylawyer.com\/es\/areas-de-practica\/accidentes-de-trafico-2\/preguntas-frecuentes-2\/he-tenido-un-accidente-de-coche-que-debo-hacer-primero\/\">He tenido un accidente de coche, \u00bfqu\u00e9 debo hacer primero?<\/a><\/li>\n<li class=\"page_item page-item-8280\"><a href=\"https:\/\/www.myphillylawyer.com\/es\/areas-de-practica\/accidentes-de-trafico-2\/preguntas-frecuentes-2\/he-sufrido-un-accidente-de-trafico-y-me-he-dado-a-la-fuga-puedo-recibir-una-indemnizacion\/\">Tuve un accidente de tr\u00e1fico en el que me di a la fuga, \u00bfpuedo recibir una indemnizaci\u00f3n?<\/a><\/li>\n<li class=\"page_item page-item-8824\"><a href=\"https:\/\/www.myphillylawyer.com\/es\/areas-de-practica\/accidentes-de-trafico-2\/preguntas-frecuentes-2\/si-he-tenido-un-accidente-de-coche-necesito-un-abogado\/\">Si he tenido un accidente de tr\u00e1fico, \u00bfnecesito un abogado?<\/a><\/li>\n<li class=\"page_item page-item-8886\"><a href=\"https:\/\/www.myphillylawyer.com\/es\/areas-de-practica\/accidentes-de-trafico-2\/preguntas-frecuentes-2\/es-pennsylvania-un-estado-de-accidente-sin-culpa\/\">\u00bfEs Pensilvania un estado de accidentes sin culpa?<\/a><\/li>\n<li class=\"page_item page-item-8820\"><a href=\"https:\/\/www.myphillylawyer.com\/es\/areas-de-practica\/accidentes-de-trafico-2\/preguntas-frecuentes-2\/hay-un-limite-de-tiempo-en-mi-demanda-de-accidente-de-coche-en-pennsylvania\/\">\u00bfHay un l\u00edmite de tiempo en mi demanda por accidente de coche en Pennsylvania?<\/a><\/li>\n<li class=\"page_item page-item-8826\"><a href=\"https:\/\/www.myphillylawyer.com\/es\/areas-de-practica\/accidentes-de-trafico-2\/preguntas-frecuentes-2\/debo-aceptar-una-indemnizacion-de-la-compania-de-seguros-por-mi-accidente-de-coche\/\">\u00bfDebo aceptar una indemnizaci\u00f3n de la compa\u00f1\u00eda de seguros por mi accidente de coche?<\/a><\/li>\n<li class=\"page_item page-item-8531\"><a href=\"https:\/\/www.myphillylawyer.com\/es\/areas-de-practica\/accidentes-de-trafico-2\/preguntas-frecuentes-2\/debo-aceptar-inmediatamente-una-indemnizacion-del-seguro\/\">\u00bfDebo aceptar inmediatamente una indemnizaci\u00f3n del seguro?<\/a><\/li>\n<li class=\"page_item page-item-8408\"><a href=\"https:\/\/www.myphillylawyer.com\/es\/areas-de-practica\/accidentes-de-trafico-2\/preguntas-frecuentes-2\/el-accidente-fue-en-parte-culpa-mia-puedo-reclamar-una-indemnizacion\/\">El accidente fue en parte culpa m\u00eda, \u00bfpuedo reclamar una indemnizaci\u00f3n?<\/a><\/li>\n<li class=\"page_item page-item-8813\"><a href=\"https:\/\/www.myphillylawyer.com\/es\/areas-de-practica\/accidentes-de-trafico-2\/preguntas-frecuentes-2\/a-que-tengo-derecho-tras-un-accidente-de-trafico\/\">\u00bfA qu\u00e9 tengo derecho tras un accidente de tr\u00e1fico?<\/a><\/li>\n<li class=\"page_item page-item-9441\"><a href=\"https:\/\/www.myphillylawyer.com\/es\/areas-de-practica\/accidentes-de-trafico-2\/preguntas-frecuentes-2\/que-ocurre-si-alguien-sufre-un-accidente-conduciendo-su-coche\/\">\u00bfQu\u00e9 pasa si alguien tiene un accidente conduciendo tu coche?<\/a><\/li>\n<li class=\"page_item page-item-8702\"><a href=\"https:\/\/www.myphillylawyer.com\/es\/areas-de-practica\/accidentes-de-trafico-2\/preguntas-frecuentes-2\/que-debo-hacer-tras-un-accidente\/\">\u00bfQu\u00e9 debo hacer tras un accidente?<\/a><\/li>\n<li class=\"page_item page-item-8998\"><a href=\"https:\/\/www.myphillylawyer.com\/es\/areas-de-practica\/accidentes-de-trafico-2\/preguntas-frecuentes-2\/que-hacer-con-el-dolor-de-cabeza-y-cuello-provocado-por-un-accidente-de-trafico\/\">\u00bfQu\u00e9 hacer con el dolor de cabeza y cuello provocado por un accidente de tr\u00e1fico?<\/a><\/li>\n<li class=\"page_item page-item-9034\"><a href=\"https:\/\/www.myphillylawyer.com\/es\/areas-de-practica\/accidentes-de-trafico-2\/preguntas-frecuentes-2\/que-hacer-si-se-golpea-la-cabeza-en-un-accidente-de-trafico\/\">\u00bfQu\u00e9 hacer si te golpeas la cabeza en un accidente de tr\u00e1fico?<\/a><\/li>\n<li class=\"page_item page-item-8536\"><a href=\"https:\/\/www.myphillylawyer.com\/es\/areas-de-practica\/accidentes-de-trafico-2\/preguntas-frecuentes-2\/que-tipo-de-indemnizacion-puedo-recibir-tras-un-accidente-de-trafico\/\">\u00bfQu\u00e9 tipo de indemnizaci\u00f3n puedo esperar recibir tras un accidente de tr\u00e1fico?<\/a><\/li>\n<li class=\"page_item page-item-8828\"><a href=\"https:\/\/www.myphillylawyer.com\/es\/areas-de-practica\/accidentes-de-trafico-2\/preguntas-frecuentes-2\/que-tipo-de-cosas-puedo-ser-indemnizado-despues-de-mi-accidente-de-coche\/\">\u00bfQu\u00e9 tipo de cosas me pueden indemnizar tras mi accidente de tr\u00e1fico?<\/a><\/li>\n<li class=\"page_item page-item-8357\"><a href=\"https:\/\/www.myphillylawyer.com\/es\/areas-de-practica\/accidentes-de-trafico-2\/preguntas-frecuentes-2\/por-que-necesito-un-abogado-de-accidente-de-coche\/\">\u00bfPor qu\u00e9 necesito un abogado de accidentes de coche?<\/a><\/li>\n<\/ul>","protected":false},"excerpt":{"rendered":"<p>\u00bfQu\u00e9 debo hacer si me golpeo la cabeza en un accidente de coche? Nadie prev\u00e9 tener un accidente de coche. Tanto si se trata de un accidente leve como de uno grave, el conductor o pasajero implicado en el accidente puede golpearse la cabeza con el impacto. Las lesiones en la cabeza son incre\u00edblemente graves. Despu\u00e9s de cualquier accidente de coche, uno...<\/p>","protected":false},"author":9,"featured_media":11022,"parent":8282,"menu_order":0,"comment_status":"closed","ping_status":"closed","template":"","meta":{"_acf_changed":false,"jetpack_post_was_ever_published":false,"footnotes":""},"class_list":["post-8993","page","type-page","status-publish","has-post-thumbnail","hentry"],"acf":[],"jetpack_sharing_enabled":true,"_links":{"self":[{"href":"https:\/\/www.myphillylawyer.com\/es\/wp-json\/wp\/v2\/pages\/8993","targetHints":{"allow":["GET"]}}],"collection":[{"href":"https:\/\/www.myphillylawyer.com\/es\/wp-json\/wp\/v2\/pages"}],"about":[{"href":"https:\/\/www.myphillylawyer.com\/es\/wp-json\/wp\/v2\/types\/page"}],"author":[{"embeddable":true,"href":"https:\/\/www.myphillylawyer.com\/es\/wp-json\/wp\/v2\/users\/9"}],"replies":[{"embeddable":true,"href":"https:\/\/www.myphillylawyer.com\/es\/wp-json\/wp\/v2\/comments?post=8993"}],"version-history":[{"count":2,"href":"https:\/\/www.myphillylawyer.com\/es\/wp-json\/wp\/v2\/pages\/8993\/revisions"}],"predecessor-version":[{"id":11349,"href":"https:\/\/www.myphillylawyer.com\/es\/wp-json\/wp\/v2\/pages\/8993\/revisions\/11349"}],"up":[{"embeddable":true,"href":"https:\/\/www.myphillylawyer.com\/es\/wp-json\/wp\/v2\/pages\/8282"}],"wp:featuredmedia":[{"embeddable":true,"href":"https:\/\/www.myphillylawyer.com\/es\/wp-json\/wp\/v2\/media\/11022"}],"wp:attachment":[{"href":"https:\/\/www.myphillylawyer.com\/es\/wp-json\/wp\/v2\/media?parent=8993"}],"curies":[{"name":"wp","href":"https:\/\/api.w.org\/{rel}","templated":true}]}}