{"id":9120,"date":"2021-05-06T17:17:26","date_gmt":"2021-05-06T22:17:26","guid":{"rendered":"https:\/\/www.myphillylawyer.com\/?page_id=9120"},"modified":"2024-04-29T17:35:32","modified_gmt":"2024-04-29T22:35:32","slug":"accidente-de-coche-philly","status":"publish","type":"page","link":"https:\/\/www.myphillylawyer.com\/es\/areas-de-practica\/accidentes-de-trafico-2\/accidente-de-coche-philly\/","title":{"rendered":"Philly Abogados de accidentes de coche"},"content":{"rendered":"<p>Como una de las ciudades m\u00e1s grandes y concurridas de Estados Unidos, <a href=\"https:\/\/www.myphillylawyer.com\/es\/areas-de-practica\/accidentes-de-trafico-2\/\">Philadelphia ve muchos accidentes de coche cada d\u00eda<\/a>. Cada accidente puede provocar lesiones, da\u00f1os materiales, p\u00e9rdidas econ\u00f3micas y estr\u00e9s.&nbsp;<\/p>\n\n\n\n<p>La recuperaci\u00f3n tras un accidente de coche es dif\u00edcil. Adem\u00e1s de las reparaciones del veh\u00edculo y la curaci\u00f3n f\u00edsica, inevitablemente, puede haber disputas sobre lo que sucedi\u00f3 para causar el accidente y luego las compa\u00f1\u00edas de seguros para luchar.&nbsp;<\/p>\n\n\n\n<p>Cuando usted o un ser querido ha sido herido en un accidente de coche en la zona Philly, que desea trabajar con un bufete de abogados con experiencia que trabaja para sus mejores intereses dentro y fuera de la sala del tribunal. <a href=\"https:\/\/www.myphillylawyer.com\/es\/\">MyPhillyLawyer est\u00e1 preparado para ayudarle en estos momentos estresantes<\/a>.&nbsp;<\/p>\n\n\n\n<p><strong>Philly Estad\u00edsticas de accidentes<\/strong><\/p>\n\n\n\n<p>En 2022, PennDOT enumer\u00f3 115.938 choques reportados en Pensilvania, 8.714, o 7,5 por ciento, de los cuales ocurrieron en Philly. Philadelphia tiene una de las tasas m\u00e1s altas de accidentes automovil\u00edsticos graves y mortales en el estado y en toda la naci\u00f3n.<\/p>\n\n\n\n<p>Philadelphia tambi\u00e9n tiene una de las tasas de propiedad de autom\u00f3viles m\u00e1s bajas del pa\u00eds; s\u00f3lo el 70,5% de los hogares posee un coche en la ciudad. A pesar de ello, el tr\u00e1fico sigue siendo denso en Philly y puede concentrarse en determinadas zonas de la ciudad. Los datos muestran que m\u00e1s de la mitad de los accidentes de tr\u00e1fico graves o mortales se producen en s\u00f3lo el 12% de las calles de Philly.&nbsp;<\/p>\n\n\n\n<p>Los conductores y pasajeros de los veh\u00edculos no son los \u00fanicos que resultan heridos en los accidentes de tr\u00e1fico. Dado que muchas personas en el Philadelphia pueden utilizar el transporte p\u00fablico, caminar o ir en bicicleta para llegar a donde necesitan ir en lugar de tener un coche, los peatones y ciclistas a menudo son atropellados por los veh\u00edculos. Desgraciadamente, estos colectivos sufren altos \u00edndices de lesiones y muerte porque est\u00e1n desprotegidos.<\/p>\n\n\n\n<p><strong>Causas de los accidentes de tr\u00e1fico&nbsp;<\/strong><\/p>\n\n\n\n<p>Conducir en Philly requiere cierta asertividad en la carretera, pero un exceso puede ser un problema. <a href=\"https:\/\/www.myphillylawyer.com\/es\/areas-de-practica\/accidentes-de-trafico-2\/accidentes-por-exceso-de-velocidad\/\">Exceso de velocidad<\/a> y <a href=\"https:\/\/www.myphillylawyer.com\/es\/areas-de-practica\/accidentes-de-trafico-2\/accidente-de-trafico-por-conduccion-agresiva\/\">conducci\u00f3n agresiva<\/a> son causas habituales de accidentes en las calles de las ciudades, especialmente en las horas punta de tr\u00e1fico y en las v\u00edas principales.&nbsp;<\/p>\n\n\n\n<p>Otras causas importantes de accidentes son<\/p>\n\n\n\n<ul class=\"wp-block-list\">\n<li>Conducci\u00f3n temeraria<\/li>\n\n\n\n<li>Conducir demasiado r\u00e1pido<\/li>\n\n\n\n<li>Conducci\u00f3n distra\u00edda<\/li>\n\n\n\n<li>Golpear un objeto fijo<\/li>\n\n\n\n<li>Conducir bajo los efectos de las drogas y\/o el alcohol<\/li>\n\n\n\n<li>Estado de las carreteras<\/li>\n\n\n\n<li>Errores del conductor<\/li>\n\n\n\n<li>Tiempo<\/li>\n\n\n\n<li>Mal funcionamiento del veh\u00edculo<\/li>\n<\/ul>\n\n\n\n<p>Philadelphia En los \u00faltimos a\u00f1os ha aumentado el n\u00famero de accidentes con fuga. Cuando un conductor huye del lugar del accidente, los que se quedan atr\u00e1s con da\u00f1os en el veh\u00edculo y lesiones se enfrentan a menudo a una complicaci\u00f3n a\u00f1adida. En situaciones de atropello con fuga, es fundamental <a href=\"https:\/\/www.myphillylawyer.com\/es\/pongase-en-contacto-con\/\">contacte con un abogado especializado en accidentes de tr\u00e1fico<\/a> para que le ayuden a recuperar los da\u00f1os.&nbsp;<\/p>\n\n\n\n<p><strong>Da\u00f1os potenciales en un caso de accidente de tr\u00e1fico<\/strong><\/p>\n\n\n\n<p>Las personas involucradas en accidentes automovil\u00edsticos pueden recuperar la restituci\u00f3n financiera por los da\u00f1os que han incurrido como resultado del accidente. Pennsylvania es un estado de elecci\u00f3n de accidentes sin culpa, por lo que ambas partes pueden ser compensados de su propia compa\u00f1\u00eda de seguros en algunos casos, independientemente de qui\u00e9n caus\u00f3 el accidente. Esto puede limitar la capacidad de un conductor para demandar a otra parte por da\u00f1os y perjuicios, pero no siempre.&nbsp;<\/p>\n\n\n\n<p>Algunos de los da\u00f1os que potencialmente pueden recuperarse incluyen:<\/p>\n\n\n\n<ul class=\"wp-block-list\">\n<li>Gastos m\u00e9dicos<\/li>\n\n\n\n<li>Salarios perdidos<\/li>\n\n\n\n<li>P\u00e9rdida de prestaciones<\/li>\n\n\n\n<li>Futuros gastos de asistencia<\/li>\n\n\n\n<li>Da\u00f1os materiales<\/li>\n\n\n\n<li>Muerte por negligencia<\/li>\n\n\n\n<li>Dolor y sufrimiento<\/li>\n<\/ul>\n\n\n\n<p>Antes de aceptar una indemnizaci\u00f3n de una compa\u00f1\u00eda de seguros, <a href=\"https:\/\/www.myphillylawyer.com\/es\/pongase-en-contacto-con\/\">p\u00f3ngase en contacto con un abogado de accidente de coche Philly<\/a>. Ellos pueden determinar si este es el mejor curso de acci\u00f3n para usted y su familia. Es importante recordar que las compa\u00f1\u00edas de seguros pagan lo menos posible para aumentar los beneficios y podr\u00edan utilizar la naturaleza estresante de la recuperaci\u00f3n de un accidente de coche en su contra.&nbsp;<\/p>\n\n\n\n<p><strong>MyPhillyLawyer puede ayudar<\/strong><\/p>\n\n\n\n<p>Si usted o un ser querido ha tenido un accidente de coche en Philly, representaci\u00f3n legal con experiencia est\u00e1 disponible a partir de MyPhillyLawyer. Nuestro <a href=\"https:\/\/www.myphillylawyer.com\/es\/areas-de-practica\/accidentes-de-trafico-2\/\">abogados de accidentes de coche<\/a> entienden los entresijos de la ley y c\u00f3mo funcionan las compa\u00f1\u00edas de seguros. Luchamos por sus derechos tanto dentro como fuera de los tribunales.&nbsp;<\/p>\n\n\n\n<p>Usted s\u00f3lo tiene un cierto tiempo para actuar en un caso de accidente de coche. Pensilvania concede dos a\u00f1os para presentar una reclamaci\u00f3n. El incumplimiento de este plazo puede descalificarle para recibir la indemnizaci\u00f3n a la que tiene derecho. P\u00f3ngase en contacto con el MyPhillyLawyer lo antes posible.&nbsp;<\/p>\n\n\n\n<p>MyPhillyLawyer ofrece consultas gratuitas para discutir su caso. <a href=\"tel:1-215-227-2727\">Llame al 215-227-2727<\/a> para ver c\u00f3mo podemos ayudarle a usted ya su familia mientras se recupera de su accidente de coche.&nbsp;<\/p>","protected":false},"excerpt":{"rendered":"<p>Como una de las ciudades m\u00e1s grandes y concurridas de los Estados Unidos, Philadelphia ve muchos accidentes automovil\u00edsticos todos los d\u00edas. Cada accidente tiene el potencial de lesiones, da\u00f1os a la propiedad, p\u00e9rdidas financieras y el estr\u00e9s.  La recuperaci\u00f3n despu\u00e9s de un accidente de coche es dif\u00edcil. Adem\u00e1s de las reparaciones del veh\u00edculo y la curaci\u00f3n f\u00edsica, inevitablemente, puede haber...<\/p>","protected":false},"author":9,"featured_media":11006,"parent":23,"menu_order":0,"comment_status":"closed","ping_status":"closed","template":"","meta":{"_acf_changed":false,"footnotes":""},"class_list":["post-9120","page","type-page","status-publish","has-post-thumbnail","hentry"],"acf":[],"jetpack_sharing_enabled":true,"_links":{"self":[{"href":"https:\/\/www.myphillylawyer.com\/es\/wp-json\/wp\/v2\/pages\/9120","targetHints":{"allow":["GET"]}}],"collection":[{"href":"https:\/\/www.myphillylawyer.com\/es\/wp-json\/wp\/v2\/pages"}],"about":[{"href":"https:\/\/www.myphillylawyer.com\/es\/wp-json\/wp\/v2\/types\/page"}],"author":[{"embeddable":true,"href":"https:\/\/www.myphillylawyer.com\/es\/wp-json\/wp\/v2\/users\/9"}],"replies":[{"embeddable":true,"href":"https:\/\/www.myphillylawyer.com\/es\/wp-json\/wp\/v2\/comments?post=9120"}],"version-history":[{"count":3,"href":"https:\/\/www.myphillylawyer.com\/es\/wp-json\/wp\/v2\/pages\/9120\/revisions"}],"predecessor-version":[{"id":11482,"href":"https:\/\/www.myphillylawyer.com\/es\/wp-json\/wp\/v2\/pages\/9120\/revisions\/11482"}],"up":[{"embeddable":true,"href":"https:\/\/www.myphillylawyer.com\/es\/wp-json\/wp\/v2\/pages\/23"}],"wp:featuredmedia":[{"embeddable":true,"href":"https:\/\/www.myphillylawyer.com\/es\/wp-json\/wp\/v2\/media\/11006"}],"wp:attachment":[{"href":"https:\/\/www.myphillylawyer.com\/es\/wp-json\/wp\/v2\/media?parent=9120"}],"curies":[{"name":"wp","href":"https:\/\/api.w.org\/{rel}","templated":true}]}}