{"id":9289,"date":"2021-07-27T16:01:09","date_gmt":"2021-07-27T21:01:09","guid":{"rendered":"https:\/\/www.myphillylawyer.com\/?page_id=9289"},"modified":"2026-03-26T17:18:01","modified_gmt":"2026-03-26T22:18:01","slug":"accidente-de-trafico","status":"publish","type":"page","link":"https:\/\/www.myphillylawyer.com\/es\/areas-de-practica\/accidentes-de-trafico-2\/accidente-de-trafico\/","title":{"rendered":"Philadelphia Abogado de accidentes de veh\u00edculos de pasajeros"},"content":{"rendered":"<h2 class=\"wp-block-heading\">\u00bfLesionado como pasajero en un accidente de coche en Pennsylvania?<\/h2>\n\n\n\n<p><a href=\"https:\/\/www.myphillylawyer.com\/es\/areas-de-practica\/accidentes-de-trafico-2\/\">Los accidentes de tr\u00e1fico ocurren todos los d\u00edas<\/a> y muchos conductores y pasajeros sufren lesiones graves. Aunque la gente tiende a pensar que es el conductor quien sufre las lesiones m\u00e1s graves, los pasajeros pueden sufrir lesiones incluso m\u00e1s graves que los conductores. La mayor\u00eda de los pasajeros no son conscientes de que tienen derecho a una indemnizaci\u00f3n por sus lesiones tras el accidente, sobre todo si son familiares del conductor. En 2019, m\u00e1s de 76 000 personas resultaron heridas en las carreteras de Pensilvania.&nbsp;<\/p>\n\n\n\n<p>Una pregunta que nos hacen con bastante frecuencia en MyPhillyLawyer los pasajeros heridos en un accidente de tr\u00e1fico es: \"\u00bfQui\u00e9n va a ser considerado responsable, o responsable de sus facturas m\u00e9dicas y otros gastos relacionados?\". A los pasajeros les preocupa demandar a un familiar o al amigo que conduc\u00eda. Cualquier pasajero que demande una indemnizaci\u00f3n por lesiones tras un accidente de coche no est\u00e1 demandando al conductor. Cualquier reclamaci\u00f3n presentada es contra la compa\u00f1\u00eda de seguros del individuo e, independientemente de qui\u00e9n sea demandado, las tasas de seguro despu\u00e9s de un accidente aumentan.&nbsp;<\/p>\n\n\n\n<p><strong>El seguro de coche es obligatorio en Pensilvania<\/strong><\/p>\n\n\n\n<p>Todos los conductores de Pensilvania deben tener <a href=\"https:\/\/www.myphillylawyer.com\/es\/areas-de-practica\/accidentes-de-trafico-2\/seguro\/guia-sobre-el-seguro-de-automovil-en-pensilvania\/\">seguro<\/a>, para proteger a los dem\u00e1s en caso de que se vean involucrados en un accidente. Sin embargo, muchos conductores circulan sin seguro o con una cobertura muy limitada. El factor clave en un accidente de tr\u00e1fico en Pensilvania es determinar qui\u00e9n es el conductor culpable.\u00a0<\/p>\n\n\n\n<p>Si usted era pasajero en una colisi\u00f3n de un veh\u00edculo de motor y tiene su propio seguro de coche, esa p\u00f3liza paga sus gastos m\u00e9dicos hasta el l\u00edmite de su cobertura. La cobertura se aplica tambi\u00e9n a cualquier persona que figure en tu p\u00f3liza, como tu c\u00f3nyuge o tus hijos.&nbsp;<\/p>\n\n\n\n<p>Si no tienes un seguro de coche, est\u00e1s cubierto por el seguro del conductor si has resultado herido en una colisi\u00f3n en la que est\u00e9 implicado su veh\u00edculo. No importa qui\u00e9n haya tenido la culpa del accidente, la p\u00f3liza del conductor paga tus gastos m\u00e9dicos hasta los l\u00edmites de la p\u00f3liza.&nbsp;<\/p>\n\n\n\n<p>Las tasas de accidentes en el estado son preocupantes, con Pensilvania ocupando el s\u00e9ptimo lugar a nivel nacional en 2019 por accidentes automovil\u00edsticos fatales. Cada a\u00f1o, m\u00e1s de 1.000 residentes del estado mueren en las carreteras.&nbsp;<\/p>\n\n\n\n<p><strong>L\u00edmites de la p\u00f3liza del seguro de coche<\/strong><\/p>\n\n\n\n<p>Si alcanzas los l\u00edmites de tu p\u00f3liza de seguro o los l\u00edmites de la cobertura del conductor, tu seguro m\u00e9dico se hace cargo de los gastos m\u00e9dicos. Tenga en cuenta que esto puede dar lugar a derechos de subrogaci\u00f3n, lo que significa que si su caso se resuelve, su seguro de salud puede pedirle que reembolse sus gastos m\u00e9dicos. Nuestros abogados de accidentes de veh\u00edculos de pasajeros pueden explicar esto a usted para mantenerle plenamente informado de c\u00f3mo su caso puede proceder.<\/p>\n\n\n\n<p>Hay varios tipos de cobertura de seguro disponibles para los pasajeros lesionados. Los pasajeros pueden ser indemnizados por lesiones, y la cobertura del conductor culpable es responsable del pago. Su seguro afecta a la forma en que se eval\u00faan y resuelven las reclamaciones por lesiones.&nbsp;<\/p>\n\n\n\n<p>Cuando usted compra un seguro de auto en Pennsylvania, usted debe tener, por lo menos, un seguro m\u00ednimo de responsabilidad civil y, elegir una de las dos opciones de cobertura de responsabilidad civil. Sus opciones son la cobertura Full Tort o la cobertura Limited Tort.<\/p>\n\n\n\n<p>La cobertura de responsabilidad civil total permite al conductor presentar una demanda y recuperar todos los da\u00f1os, incluidos el dolor y el sufrimiento y los da\u00f1os econ\u00f3micos. La cobertura de responsabilidad civil total implica pagar una prima m\u00e1s alta, pero ofrece la mejor protecci\u00f3n.&nbsp;<\/p>\n\n\n\n<p>La cobertura limitada de responsabilidad civil significa que una persona lesionada puede presentar una demanda por todas las p\u00e9rdidas econ\u00f3micas -incluidos los salarios perdidos y los gastos m\u00e9dicos- como consecuencia de una colisi\u00f3n. No puede presentar una demanda por da\u00f1os morales. Se aplican algunas excepciones.<\/p>\n\n\n\n<p>Pensilvania tambi\u00e9n tiene dos tipos de cobertura opcional, <a href=\"https:\/\/www.myphillylawyer.com\/es\/areas-de-practica\/accidentes-de-trafico-2\/seguro\/seguro-de-motorista-sin-seguro\/\">cobertura de motorista sin seguro (UM)<\/a> y la cobertura de motorista con seguro insuficiente (UIM). La UM ofrece protecci\u00f3n cuando el conductor culpable no est\u00e1 asegurado. La cobertura UIM ayuda a los conductores lesionados a recuperar la cantidad necesaria para pagar sus lesiones cuando el conductor culpable no tiene seguro suficiente.<\/p>\n\n\n\n<p>Cada accidente de tr\u00e1fico es diferente. Cada persona lesionada sufre lesiones diferentes con resultados diferentes. No hay dos casos iguales. Tener un abogado con experiencia en accidentes de veh\u00edculos de pasajeros de su lado le ayuda a entender qu\u00e9 opciones legales para buscar compensaci\u00f3n est\u00e1n disponibles para usted.<\/p>\n\n\n\n<p><strong>Ley de No Culpabilidad de Pensilvania<\/strong><\/p>\n\n\n\n<p>La gente piensa que las leyes de no culpa significan que si otro conductor caus\u00f3 un accidente, ellos son responsables o tienen la culpa. Las leyes de no culpa no significan eso. En cambio, significan que no importa qui\u00e9n sea considerado culpable de una colisi\u00f3n, cada conductor es responsable de su atenci\u00f3n m\u00e9dica.&nbsp;<\/p>\n\n\n\n<p>Dicho de otro modo, con una p\u00f3liza de seguro de veh\u00edculos de Pennsylvania, su compa\u00f1\u00eda de seguros paga los gastos m\u00e9dicos a trav\u00e9s de una parte de la cobertura denominada <a href=\"https:\/\/www.myphillylawyer.com\/es\/areas-de-practica\/accidentes-de-trafico-2\/proteccion-por-danos-personales\/\">protecci\u00f3n contra da\u00f1os personales (PIP)<\/a>.<\/p>\n\n\n\n<p>Cuando se contrata un seguro de autom\u00f3vil, hay que elegir la cuant\u00eda del seguro PIP. Usted podr\u00eda elegir la cantidad m\u00e1s baja posible, que es $5,000, pero que no cubre una gran cantidad de facturas m\u00e9dicas. Esta es una de las primeras cosas que un abogado de accidentes de veh\u00edculos de pasajeros en MyPhillyLawyer comprueba.<\/p>\n\n\n\n<p>Es posible que puedas arreglar tu coche haciendo lo mismo, pero depende de varios factores. Uno de esos factores es que la compa\u00f1\u00eda de seguros del conductor culpable no quiera admitir que su asegurado es responsable y tener que pagar una reclamaci\u00f3n. En su lugar, la compa\u00f1\u00eda se toma su tiempo para tomar una decisi\u00f3n. Al tratar con la compa\u00f1\u00eda de seguros del conductor culpable pueden surgir otras situaciones, de las que se encarga el MyPhillyLawyer.&nbsp;<\/p>\n\n\n\n<p><strong>Condados de Pensilvania con m\u00e1s colisiones de veh\u00edculos<\/strong><\/p>\n\n\n\n<p>Nueve de los diez condados de Pensilvania son los que registran m\u00e1s accidentes de tr\u00e1fico. Esos condados son:<\/p>\n\n\n\n<ul class=\"wp-block-list\">\n<li>Philadelphia<\/li>\n\n\n\n<li>Montgomery<\/li>\n\n\n\n<li>Bucks<\/li>\n\n\n\n<li>Lancaster<\/li>\n\n\n\n<li>Chester<\/li>\n\n\n\n<li>Berks<\/li>\n\n\n\n<li>Delaware<\/li>\n\n\n\n<li>Lehigh<\/li>\n\n\n\n<li>York<\/li>\n<\/ul>\n\n\n\n<p>Pensilvania tambi\u00e9n alberga carreteras mortales muy conocidas que todos los conductores conocen y por las que esperan poder circular con seguridad. Estas carreteras mortales incluyen:<\/p>\n\n\n\n<ul class=\"wp-block-list\">\n<li>I-76 (autopista de Schuylkill)<\/li>\n\n\n\n<li>La autopista de Pensilvania<\/li>\n\n\n\n<li>Puentes en la I-83, la I-80 y la Ruta 30.<\/li>\n\n\n\n<li>Bulevar Roosevelt en Philadelphia<\/li>\n\n\n\n<li>Market Street en Harrisburg<\/li>\n\n\n\n<li>Autopista industrial cerca de York<\/li>\n\n\n\n<li>Knights Road y Street Road, la intersecci\u00f3n m\u00e1s mortal del pa\u00eds<\/li>\n<\/ul>\n\n\n\n<p>Si fueras <a href=\"https:\/\/www.myphillylawyer.com\/es\/areas-de-practica\/accidentes-de-trafico-2\/\">herido en accidente de tr\u00e1fico<\/a>Probablemente tenga muchas preguntas. Tenemos las respuestas para usted. Los abogados de accidentes de veh\u00edculos de pasajeros y el personal legal en MyPhillyLawyer est\u00e1n aqu\u00ed para hacerse cargo de todas sus preocupaciones y ayudarle a seguir adelante con su vida. Tenemos d\u00e9cadas de experiencia ayudando a los supervivientes de accidentes de tr\u00e1fico.&nbsp;<\/p>\n\n\n\n<h3 class=\"wp-block-heading\">Conozca sus derechos tras un accidente de tr\u00e1fico<\/h3>\n\n\n\n<p><a href=\"tel:1-215-227-2727\">Llame al MyPhillyLawyer al 215-227-2727<\/a> o <a href=\"tel:1-(866) 352-4572\">llamada gratuita (866) 352-4572<\/a> para discutir su caso, sus derechos legales y, opciones. <a href=\"https:\/\/www.myphillylawyer.com\/es\/abogados\/\">Nuestros abogados especializados en accidentes de tr\u00e1fico<\/a> entienden c\u00f3mo desafiar a las compa\u00f1\u00edas de seguros y luchar por la compensaci\u00f3n que se merece. Su consulta inicial es gratuita. Sin recuperaci\u00f3n, sin honorarios ni costes, garantizado.<\/p>","protected":false},"excerpt":{"rendered":"<p>\u00bfLesionado como pasajero en un accidente de coche en Pennsylvania? Los accidentes de coche ocurren todos los d\u00edas y muchos conductores y pasajeros se quedan con lesiones graves. Aunque la gente tiende a pensar que es el conductor el que sufre las lesiones m\u00e1s graves, los pasajeros pueden sufrir lesiones a\u00fan m\u00e1s graves que los conductores. La mayor\u00eda de los pasajeros no son conscientes...<\/p>","protected":false},"author":9,"featured_media":0,"parent":23,"menu_order":0,"comment_status":"closed","ping_status":"closed","template":"","meta":{"_acf_changed":false,"jetpack_post_was_ever_published":false,"footnotes":""},"class_list":["post-9289","page","type-page","status-publish","hentry"],"acf":[],"jetpack_sharing_enabled":true,"_links":{"self":[{"href":"https:\/\/www.myphillylawyer.com\/es\/wp-json\/wp\/v2\/pages\/9289","targetHints":{"allow":["GET"]}}],"collection":[{"href":"https:\/\/www.myphillylawyer.com\/es\/wp-json\/wp\/v2\/pages"}],"about":[{"href":"https:\/\/www.myphillylawyer.com\/es\/wp-json\/wp\/v2\/types\/page"}],"author":[{"embeddable":true,"href":"https:\/\/www.myphillylawyer.com\/es\/wp-json\/wp\/v2\/users\/9"}],"replies":[{"embeddable":true,"href":"https:\/\/www.myphillylawyer.com\/es\/wp-json\/wp\/v2\/comments?post=9289"}],"version-history":[{"count":3,"href":"https:\/\/www.myphillylawyer.com\/es\/wp-json\/wp\/v2\/pages\/9289\/revisions"}],"predecessor-version":[{"id":15614,"href":"https:\/\/www.myphillylawyer.com\/es\/wp-json\/wp\/v2\/pages\/9289\/revisions\/15614"}],"up":[{"embeddable":true,"href":"https:\/\/www.myphillylawyer.com\/es\/wp-json\/wp\/v2\/pages\/23"}],"wp:attachment":[{"href":"https:\/\/www.myphillylawyer.com\/es\/wp-json\/wp\/v2\/media?parent=9289"}],"curies":[{"name":"wp","href":"https:\/\/api.w.org\/{rel}","templated":true}]}}