{"id":9455,"date":"2021-09-14T16:48:21","date_gmt":"2021-09-14T21:48:21","guid":{"rendered":"https:\/\/www.myphillylawyer.com\/?page_id=9455"},"modified":"2024-05-01T10:47:35","modified_gmt":"2024-05-01T15:47:35","slug":"cuanto-tiempo-se-tarda-en-sufrir-los-efectos-de-la-exposicion-al-paraquat","status":"publish","type":"page","link":"https:\/\/www.myphillylawyer.com\/es\/areas-de-practica\/danos-personales\/responsabilidad-del-producto\/paraquat\/preguntas-frecuentes-2\/cuanto-tiempo-se-tarda-en-sufrir-los-efectos-de-la-exposicion-al-paraquat\/","title":{"rendered":"\u00bfCu\u00e1nto tiempo se tarda en sufrir los efectos de la exposici\u00f3n al paraquat?"},"content":{"rendered":"<h1 class=\"wp-block-heading\">\u00bfCu\u00e1nto tiempo se tarda en sufrir los efectos de la exposici\u00f3n al paraquat?<\/h1>\n\n\n\n<p><a href=\"https:\/\/www.myphillylawyer.com\/es\/areas-de-practica\/danos-personales\/responsabilidad-del-producto\/paraquat\/\">Si ha estado expuesto al Paraquat<\/a>El tiempo que tardan en aparecer los s\u00edntomas de la intoxicaci\u00f3n por Paraquat puede oscilar entre unas horas y unos d\u00edas. Si ingiri\u00f3 Paraquat, los s\u00edntomas pueden empezar a aparecer casi inmediatamente. Sin embargo, si no consumi\u00f3 el producto qu\u00edmico pero estuvo expuesto a \u00e9l incluso en peque\u00f1as cantidades, puede tardar m\u00e1s tiempo en notar los s\u00edntomas.<\/p>\n\n\n\n<p>El paraquat es un herbicida utilizado por muchas empresas en Estados Unidos. Los Centros para el Control de Enfermedades de Estados Unidos regulan fuertemente el uso del Paraquat y exigen que cualquiera que utilice el herbicida obtenga un permiso especial. Sin embargo, como el producto qu\u00edmico es barato y eficaz, muchas empresas obtienen estas certificaciones. Y, a ra\u00edz de los numerosos pleitos por el Round-Up, muchas empresas se pasaron al Paraquat como alternativa. Sin embargo, estudios recientes sugieren que el Paraquat no es m\u00e1s seguro que el Round-Up y puede ser m\u00e1s peligroso.<\/p>\n\n\n\n<p>Los s\u00edntomas inmediatos de la intoxicaci\u00f3n por Paraquat incluyen n\u00e1useas, v\u00f3mitos, diarrea, dolor e hinchaz\u00f3n alrededor de la boca y la garganta, y dolor abdominal. Sin embargo, a medida que la sustancia empieza a afectar a otras partes del cuerpo, algunos experimentar\u00e1n s\u00edntomas mucho m\u00e1s graves, como:<\/p>\n\n\n\n<ul class=\"wp-block-list\">\n<li>Insuficiencia renal<\/li>\n\n\n\n<li>Debilidad muscular<\/li>\n\n\n\n<li>Convulsiones<\/li>\n\n\n\n<li>Problemas respiratorios<\/li>\n\n\n\n<li>Aumento de la frecuencia card\u00edaca<\/li>\n\n\n\n<li>Confusi\u00f3n<\/li>\n<\/ul>\n\n\n\n<p>En algunos casos, los niveles m\u00e1s altos de exposici\u00f3n al Paraquat pueden hacer que alguien entre en coma.<\/p>\n\n\n\n<p>Seg\u00fan la normativa de los CDC, los fabricantes de Paraquat deben incluir un colorante azul en el producto qu\u00edmico para ayudar a los consumidores a reconocer el producto. Sin embargo, algunas marcas importadas de Paraquat pueden no contener el colorante azul, lo que hace que sea mucho m\u00e1s dif\u00edcil de identificar. Adem\u00e1s, las advertencias del producto en la etiqueta del Paraquat no revelan adecuadamente los riesgos que pueden tener incluso niveles bajos de exposici\u00f3n.<\/p>\n\n\n\n<p><a href=\"https:\/\/www.myphillylawyer.com\/es\/areas-de-practica\/danos-personales\/responsabilidad-del-producto\/paraquat\/\">Si usted o un ser querido ha estado expuesto recientemente al Paraquat<\/a> y padece alguno de los s\u00edntomas antes mencionados, es posible que pueda exigir responsabilidades al fabricante mediante una <a href=\"https:\/\/www.myphillylawyer.com\/es\/areas-de-practica\/danos-personales\/responsabilidad-del-producto\/\">Philadelphia demanda de responsabilidad por producto defectuoso<\/a>. Sin embargo, puede esperar que el fabricante se defienda agresivamente contra su reclamaci\u00f3n. Si est\u00e1 interesado en saber m\u00e1s sobre la intoxicaci\u00f3n por paraquat y qu\u00e9 opciones tiene para responsabilizar al fabricante, <a href=\"https:\/\/www.myphillylawyer.com\/es\/pongase-en-contacto-con\/\">p\u00f3ngase en contacto con un abogado de lesiones personales para obtener asistencia inmediata<\/a>.<\/p>\n\n\n\n<h3>Otras preguntas frecuentes sobre el paraquat:<\/h3>\n<ul class=\"list-pages-shortcode sibling-pages\"><li class=\"page_item page-item-9455\"><a href=\"https:\/\/www.myphillylawyer.com\/es\/areas-de-practica\/danos-personales\/responsabilidad-del-producto\/paraquat\/preguntas-frecuentes-2\/cuanto-tiempo-se-tarda-en-sufrir-los-efectos-de-la-exposicion-al-paraquat\/\">\u00bfCu\u00e1nto tiempo se tarda en sufrir los efectos de la exposici\u00f3n al paraquat?<\/a><\/li>\n<li class=\"page_item page-item-9353\"><a href=\"https:\/\/www.myphillylawyer.com\/es\/areas-de-practica\/danos-personales\/responsabilidad-del-producto\/paraquat\/preguntas-frecuentes-2\/que-es-la-intoxicacion-por-paraquat\/\">\u00bfQu\u00e9 es la intoxicaci\u00f3n por paraquat?<\/a><\/li>\n<li class=\"page_item page-item-9457\"><a href=\"https:\/\/www.myphillylawyer.com\/es\/areas-de-practica\/danos-personales\/responsabilidad-del-producto\/paraquat\/preguntas-frecuentes-2\/a-que-parte-del-cuerpo-afectan-los-herbicidas-como-el-paraquat\/\">\u00bfA qu\u00e9 parte del cuerpo afectan los herbicidas como el Paraquat?<\/a><\/li>\n<\/ul>","protected":false},"excerpt":{"rendered":"<p>\u00bfCu\u00e1nto tiempo se tarda en sufrir los efectos de la exposici\u00f3n al paraquat? Si estuvo expuesto al Paraquat, el tiempo que tardan en desarrollarse los s\u00edntomas de intoxicaci\u00f3n por Paraquat podr\u00eda variar entre unas pocas horas y unos pocos d\u00edas. Si ingiri\u00f3 Paraquat, los s\u00edntomas podr\u00edan comenzar a aparecer casi de inmediato. Sin embargo, si no...<\/p>","protected":false},"author":9,"featured_media":0,"parent":9351,"menu_order":0,"comment_status":"closed","ping_status":"closed","template":"","meta":{"_acf_changed":false,"jetpack_post_was_ever_published":false,"footnotes":""},"class_list":["post-9455","page","type-page","status-publish","hentry"],"acf":[],"jetpack_sharing_enabled":true,"_links":{"self":[{"href":"https:\/\/www.myphillylawyer.com\/es\/wp-json\/wp\/v2\/pages\/9455","targetHints":{"allow":["GET"]}}],"collection":[{"href":"https:\/\/www.myphillylawyer.com\/es\/wp-json\/wp\/v2\/pages"}],"about":[{"href":"https:\/\/www.myphillylawyer.com\/es\/wp-json\/wp\/v2\/types\/page"}],"author":[{"embeddable":true,"href":"https:\/\/www.myphillylawyer.com\/es\/wp-json\/wp\/v2\/users\/9"}],"replies":[{"embeddable":true,"href":"https:\/\/www.myphillylawyer.com\/es\/wp-json\/wp\/v2\/comments?post=9455"}],"version-history":[{"count":2,"href":"https:\/\/www.myphillylawyer.com\/es\/wp-json\/wp\/v2\/pages\/9455\/revisions"}],"predecessor-version":[{"id":11672,"href":"https:\/\/www.myphillylawyer.com\/es\/wp-json\/wp\/v2\/pages\/9455\/revisions\/11672"}],"up":[{"embeddable":true,"href":"https:\/\/www.myphillylawyer.com\/es\/wp-json\/wp\/v2\/pages\/9351"}],"wp:attachment":[{"href":"https:\/\/www.myphillylawyer.com\/es\/wp-json\/wp\/v2\/media?parent=9455"}],"curies":[{"name":"wp","href":"https:\/\/api.w.org\/{rel}","templated":true}]}}