{"id":9569,"date":"2021-12-21T16:30:38","date_gmt":"2021-12-21T21:30:38","guid":{"rendered":"https:\/\/www.myphillylawyer.com\/?page_id=9569"},"modified":"2024-04-26T14:07:26","modified_gmt":"2024-04-26T19:07:26","slug":"que-ocurre-tras-un-accidente-con-fuga","status":"publish","type":"page","link":"https:\/\/www.myphillylawyer.com\/es\/areas-de-practica\/accidentes-de-trafico-2\/accidentes-con-fuga\/preguntas-frecuentes-2\/que-ocurre-tras-un-accidente-con-fuga\/","title":{"rendered":"\u00bfQu\u00e9 ocurre tras un accidente con fuga?"},"content":{"rendered":"<h1 class=\"wp-block-heading\">\u00bfQu\u00e9 ocurre tras un accidente con fuga?<\/h1>\n\n\n\n<p>Despu\u00e9s de un <a href=\"https:\/\/www.myphillylawyer.com\/es\/areas-de-practica\/accidentes-de-trafico-2\/accidentes-con-fuga\/\">accidente con fuga<\/a>es normal que todo parezca borroso. Saber qu\u00e9 hacer despu\u00e9s de un accidente de atropello y fuga puede ser un reto, ya que esta no es una situaci\u00f3n en la que nunca esper\u00f3 encontrarse. Sin embargo, a continuaci\u00f3n encontrar\u00e1 un breve resumen del proceso de recuperaci\u00f3n despu\u00e9s de un accidente con fuga.<\/p>\n\n\n\n<p><em><strong>Inmediatamente despu\u00e9s del accidente<\/strong><\/em><\/p>\n\n\n\n<p>Inmediatamente despu\u00e9s del accidente, lo primero que debes hacer es denunciarlo a la polic\u00eda. Puedes llamar al 911 o a la polic\u00eda local o al departamento del sheriff para informar de un accidente con fuga. Aseg\u00farate de proporcionar al operador todos los detalles que se te ocurran, ya que esto puede ayudarles a localizar al conductor que huye.<\/p>\n\n\n\n<p>Cuando llames para informar del accidente, es posible que el operador env\u00ede a los servicios de emergencia para que te examinen. Deja que te examinen para determinar si necesitas alg\u00fan tratamiento m\u00e9dico inmediato para salvar tu vida. Si se ofrecen a llevarte al hospital en ambulancia, debes aceptar. Aunque rechaces la oferta y no creas haber sufrido lesiones, es fundamental que visites a tu m\u00e9dico de cabecera o un centro de urgencias para descartar la posibilidad de lesiones graves.<\/p>\n\n\n\n<p><em><strong>Una vez en casa<\/strong><\/em><\/p>\n\n\n\n<p>Una vez que le hayan dado el alta en el hospital, tambi\u00e9n querr\u00e1 informar del accidente a su compa\u00f1\u00eda de seguros. Las p\u00f3lizas de seguros contienen cl\u00e1usulas que le obligan a notificar cualquier accidente en un plazo determinado. No informar de un accidente con prontitud puede poner en peligro su reclamaci\u00f3n. Las compa\u00f1\u00edas de seguros quieren llegar a un acuerdo por el menor precio posible, y todo lo que usted diga a un representante de la compa\u00f1\u00eda de seguros puede ser utilizado precisamente con ese fin. Sin embargo, cuando hable con el representante de la compa\u00f1\u00eda de seguros, recuerde que ellos no tienen sus mejores intereses en el coraz\u00f3n.<\/p>\n\n\n\n<p>El representante de la compa\u00f1\u00eda de seguros le har\u00e1 preguntas sobre el accidente y sus lesiones. Es importante que seas sincero porque podr\u00e1n revisar tu historial m\u00e9dico antes de emitir cualquier pago. Al mismo tiempo, no debes minimizar tus lesiones.<\/p>\n\n\n\n<p><em><strong>Unas semanas despu\u00e9s del accidente<\/strong><\/em><\/p>\n\n\n\n<p>Por lo general, en el plazo de unas semanas, la compa\u00f1\u00eda de seguros se pondr\u00e1 en contacto con usted para comunicarle la decisi\u00f3n sobre su solicitud. Si la deniega, debe explicarle por qu\u00e9. Si aprueba su reclamaci\u00f3n, el representante le dir\u00e1 cu\u00e1nto pagar\u00e1 la compa\u00f1\u00eda por sus lesiones y da\u00f1os materiales. La cifra de la compa\u00f1\u00eda de seguros puede parecer justa; sin embargo, debe consultar con un abogado. <a href=\"https:\/\/www.myphillylawyer.com\/es\/areas-de-practica\/accidentes-de-trafico-2\/\">abogado experto en accidentes de coche Philadelphia <\/a>antes de aceptar nada. Esto se debe a que puede ser dif\u00edcil determinar el alcance total de sus da\u00f1os sin experiencia previa en la tramitaci\u00f3n de estas reclamaciones. Por ejemplo, las compa\u00f1\u00edas de seguros rara vez ofrecen ninguna compensaci\u00f3n por su dolor y sufrimiento despu\u00e9s de un accidente. Un abogado puede ayudarle a determinar una oferta de acuerdo justa y negociar con la compa\u00f1\u00eda de seguros en su nombre.<\/p>\n\n\n\n<h3>Otras preguntas frecuentes sobre accidentes de tr\u00e1fico con atropello:<\/h3>\n<ul class=\"list-pages-shortcode sibling-pages\"><li class=\"page_item page-item-9536\"><a href=\"https:\/\/www.myphillylawyer.com\/es\/areas-de-practica\/accidentes-de-trafico-2\/accidentes-con-fuga\/preguntas-frecuentes-2\/como-denunciar-un-accidente-con-fuga\/\">\u00bfC\u00f3mo denunciar un accidente con fuga?<\/a><\/li>\n<li class=\"page_item page-item-9549\"><a href=\"https:\/\/www.myphillylawyer.com\/es\/areas-de-practica\/accidentes-de-trafico-2\/accidentes-con-fuga\/preguntas-frecuentes-2\/cuanto-dura-una-investigacion-por-atropello-y-fuga\/\">\u00bfCu\u00e1nto dura una investigaci\u00f3n por atropello con fuga?<\/a><\/li>\n<li class=\"page_item page-item-9569\"><a href=\"https:\/\/www.myphillylawyer.com\/es\/areas-de-practica\/accidentes-de-trafico-2\/accidentes-con-fuga\/preguntas-frecuentes-2\/que-ocurre-tras-un-accidente-con-fuga\/\">\u00bfQu\u00e9 ocurre tras un accidente con fuga?<\/a><\/li>\n<li class=\"page_item page-item-9586\"><a href=\"https:\/\/www.myphillylawyer.com\/es\/areas-de-practica\/accidentes-de-trafico-2\/accidentes-con-fuga\/preguntas-frecuentes-2\/que-seguros-cubren-los-accidentes-por-atropello-y-fuga\/\">\u00bfQu\u00e9 seguro cubre los accidentes por atropello y fuga?<\/a><\/li>\n<li class=\"page_item page-item-9520\"><a href=\"https:\/\/www.myphillylawyer.com\/es\/areas-de-practica\/accidentes-de-trafico-2\/accidentes-con-fuga\/preguntas-frecuentes-2\/que-es-un-accidente-con-fuga\/\">\u00bfQu\u00e9 es un accidente con fuga?<\/a><\/li>\n<\/ul>","protected":false},"excerpt":{"rendered":"<p>\u00bfQu\u00e9 ocurre despu\u00e9s de un accidente con fuga? Despu\u00e9s de un accidente con fuga, es normal que todo parezca borroso. Saber qu\u00e9 hacer despu\u00e9s de un accidente de atropello y fuga puede ser un reto, ya que esta no es una situaci\u00f3n en la que nunca esper\u00f3 encontrarse. Sin embargo, a continuaci\u00f3n se muestra una breve descripci\u00f3n del proceso de recuperaci\u00f3n despu\u00e9s de...<\/p>","protected":false},"author":9,"featured_media":0,"parent":9516,"menu_order":0,"comment_status":"closed","ping_status":"closed","template":"","meta":{"_acf_changed":false,"footnotes":""},"class_list":["post-9569","page","type-page","status-publish","hentry"],"acf":[],"jetpack_sharing_enabled":true,"_links":{"self":[{"href":"https:\/\/www.myphillylawyer.com\/es\/wp-json\/wp\/v2\/pages\/9569","targetHints":{"allow":["GET"]}}],"collection":[{"href":"https:\/\/www.myphillylawyer.com\/es\/wp-json\/wp\/v2\/pages"}],"about":[{"href":"https:\/\/www.myphillylawyer.com\/es\/wp-json\/wp\/v2\/types\/page"}],"author":[{"embeddable":true,"href":"https:\/\/www.myphillylawyer.com\/es\/wp-json\/wp\/v2\/users\/9"}],"replies":[{"embeddable":true,"href":"https:\/\/www.myphillylawyer.com\/es\/wp-json\/wp\/v2\/comments?post=9569"}],"version-history":[{"count":2,"href":"https:\/\/www.myphillylawyer.com\/es\/wp-json\/wp\/v2\/pages\/9569\/revisions"}],"predecessor-version":[{"id":11408,"href":"https:\/\/www.myphillylawyer.com\/es\/wp-json\/wp\/v2\/pages\/9569\/revisions\/11408"}],"up":[{"embeddable":true,"href":"https:\/\/www.myphillylawyer.com\/es\/wp-json\/wp\/v2\/pages\/9516"}],"wp:attachment":[{"href":"https:\/\/www.myphillylawyer.com\/es\/wp-json\/wp\/v2\/media?parent=9569"}],"curies":[{"name":"wp","href":"https:\/\/api.w.org\/{rel}","templated":true}]}}