{"id":9600,"date":"2022-01-25T19:34:26","date_gmt":"2022-01-26T00:34:26","guid":{"rendered":"https:\/\/www.myphillylawyer.com\/?page_id=9600"},"modified":"2024-08-30T17:55:11","modified_gmt":"2024-08-30T22:55:11","slug":"chester-occidental","status":"publish","type":"page","link":"https:\/\/www.myphillylawyer.com\/es\/zonas-atendidas\/chester-occidental\/","title":{"rendered":"West Chester Abogado de Lesiones Personales"},"content":{"rendered":"<p>Un accidente puede cambiar su vida en una fracci\u00f3n de segundo. De repente, en lugar de centrar su tiempo y energ\u00eda en su carrera, aficiones y familia, se ve obligado a lidiar con lesiones f\u00edsicas, bajas laborales y compa\u00f1\u00edas de seguros. Nadie espera sufrir un accidente y, sin embargo, las lesiones accidentales constituyen una de las principales causas de muerte, incapacidad, productividad, gastos m\u00e9dicos e incapacidad de las personas de cualquier edad para participar en las actividades de la vida diaria. Seg\u00fan las estad\u00edsticas oficiales m\u00e1s recientes del gobierno, cientos de residentes de West Chester mueren como resultado de accidentes cada a\u00f1o, haciendo de los accidentes la quinta causa principal de muerte en el Condado de Chester, Pennsylvania.<\/p>\n\n\n\n<p>En <a href=\"https:\/\/www.myphillylawyer.com\/es\/\" title=\"MyPhillyLawyer\">MyPhillyLawyer<\/a>, estamos orgullosos de representar a las v\u00edctimas de accidentes y sus familias en West Chester casos de lesiones personales, ayudando a nuestros clientes a obtener la compensaci\u00f3n que necesitan y merecen despu\u00e9s de sufrir lesiones graves. Combinamos una representaci\u00f3n agresiva con un servicio personalizado, buscando la m\u00e1xima compensaci\u00f3n para cada uno de nuestros muchos clientes. Nuestros abogados han recuperado m\u00e1s de $500 millones en nombre de nuestros clientes lesionados y sus familias a trav\u00e9s de este enfoque.<\/p>\n\n\n\n<p><strong>\u00bfQu\u00e9 es una demanda por lesiones personales West Chester?<\/strong><\/p>\n\n\n\n<p>A <a href=\"https:\/\/www.myphillylawyer.com\/es\/areas-de-practica\/danos-personales\/\" title=\"reclamaci\u00f3n por da\u00f1os personales\">reclamaci\u00f3n por da\u00f1os personales<\/a> es una demanda presentada ante un tribunal civil. El objetivo de una demanda por lesiones personales es obtener una indemnizaci\u00f3n por las lesiones de la v\u00edctima de un accidente causadas por la negligencia de otra parte. Las demandas por lesiones personales son diferentes de los casos penales, que se centran en castigar a la parte culpable por su conducta. Mientras que el gobierno puede presentar cargos penales contra alguien que causa un accidente, demandas por lesiones personales son independientes de cualquier caso criminal. Incluso si el gobierno decide no iniciar una causa penal o la parte culpable es absuelta en el juicio, la v\u00edctima de un accidente puede presentar una demanda por lesiones personales.<\/p>\n\n\n\n<p>Para presentar con \u00e9xito una demanda por lesiones personales en West Chester es necesario que la v\u00edctima de un accidente demuestre los cuatro elementos b\u00e1sicos de una demanda por negligencia.<\/p>\n\n\n\n<ol class=\"wp-block-list\">\n<li><strong>Deber:<\/strong>\u00a0\u00bfLe deb\u00eda la otra parte un deber de diligencia?<\/li>\n\n\n\n<li><strong>Infracci\u00f3n:<\/strong>\u00a0\u00bfViol\u00f3 la otra parte el deber de diligencia que le deb\u00eda?<\/li>\n\n\n\n<li><strong>Causalidad:<\/strong>\u00a0\u00bfFue la actuaci\u00f3n de la otra parte la causa del accidente?<\/li>\n\n\n\n<li><strong>Da\u00f1os y perjuicios:<\/strong>\u00a0\u00bfSufri\u00f3 da\u00f1os legalmente reconocibles como consecuencia del accidente?<\/li>\n<\/ol>\n\n\n\n<p>Aunque esto puede parecer sencillo en teor\u00eda, probar una demanda por lesiones personales puede ser todo un reto en la pr\u00e1ctica. Este es especialmente el caso una vez que una compa\u00f1\u00eda de seguros se involucra en el proceso. En MyPhillyLawyer, nuestros abogados de lesiones personales West Chester representar a las v\u00edctimas de lesiones en todo tipo de reclamaciones relacionadas con accidentes. Tenemos una amplia experiencia en la investigaci\u00f3n, negociaci\u00f3n y litigio de casos de lesiones personales, permitiendo a nuestros clientes a centrarse en su recuperaci\u00f3n.<\/p>\n\n\n\n<p><strong>Tipos de casos de lesiones personales West Chester<\/strong><\/p>\n\n\n\n<p>Una v\u00edctima de lesiones puede presentar una <a href=\"https:\/\/www.myphillylawyer.com\/es\/areas-de-practica\/danos-personales\/\" title=\"demanda por lesiones personales\">demanda por lesiones personales<\/a> despu\u00e9s de casi cualquier tipo de accidente. Algunos de los tipos m\u00e1s comunes de West Chester casos de lesiones personales implican las siguientes reclamaciones:<\/p>\n\n\n\n<p><strong>Colisiones de veh\u00edculos de motor<\/strong><\/p>\n\n\n\n<p><a href=\"https:\/\/www.myphillylawyer.com\/es\/areas-de-practica\/accidentes-de-trafico-2\/\" title=\"Accidentes de tr\u00e1fico\">Accidentes de tr\u00e1fico<\/a> son una de las principales causas de lesiones evitables en West Chester y en todo el estado. Seg\u00fan estad\u00edsticas recientes, cada a\u00f1o se producen casi 3.500 accidentes de tr\u00e1fico en el condado de Chester. M\u00e1s de 30 personas murieron y 1.300 resultaron heridas como consecuencia de estas colisiones.<\/p>\n\n\n\n<p>En MyPhillyLawyer, representamos a las v\u00edctimas de accidentes en todo tipo de colisiones de veh\u00edculos de motor, incluyendo:<\/p>\n\n\n\n<ul class=\"wp-block-list\">\n<li><a title=\"Accidentes de tr\u00e1fico\" href=\"https:\/\/www.myphillylawyer.com\/es\/areas-de-practica\/accidentes-de-trafico-2\/\">Accidentes de tr\u00e1fico<\/a><\/li>\n\n\n\n<li><a href=\"https:\/\/www.myphillylawyer.com\/es\/zonas-atendidas\/chester-occidental\/abogados-de-accidentes-de-camiones-2\/\">Accidentes de camiones<\/a><\/li>\n\n\n\n<li><a title=\"Accidentes de moto\" href=\"https:\/\/www.myphillylawyer.com\/es\/areas-de-practica\/accidentes-de-trafico-2\/accidentes-de-moto\/\">Accidentes de moto<\/a><\/li>\n\n\n\n<li><a title=\"Accidentes de bicicleta\" href=\"https:\/\/www.myphillylawyer.com\/es\/areas-de-practica\/accidentes-de-trafico-2\/accidentes-de-bicicleta\/\">Accidentes de bicicleta<\/a><\/li>\n\n\n\n<li><a title=\"Accidentes de peatones\" href=\"https:\/\/www.myphillylawyer.com\/es\/areas-de-practica\/accidentes-de-trafico-2\/accidentes-de-peatones\/\">Accidentes de peatones<\/a><\/li>\n\n\n\n<li><a title=\"Accidentes de tr\u00e1fico\" href=\"https:\/\/www.myphillylawyer.com\/es\/areas-de-practica\/accidentes-de-trafico-2\/accidentes-de-coche-uber\/\">Accidentes de tr\u00e1fico<\/a><\/li>\n<\/ul>\n\n\n\n<p>Aunque cualquier tipo de comportamiento negligente al volante puede causar un accidente de coche, algunas de las causas m\u00e1s comunes de estos accidentes son:<\/p>\n\n\n\n<p><strong>Conducci\u00f3n bajo los efectos del alcohol<\/strong>: Cada <a href=\"https:\/\/www.myphillylawyer.com\/es\/areas-de-practica\/accidentes-de-trafico-2\/accidentes-por-conducir-ebrio\/\" title=\"accidente por conducir ebrio\">accidente por conducir ebrio<\/a> es totalmente evitable. Sin embargo, los conductores siguen poni\u00e9ndose al volante despu\u00e9s de haber bebido demasiado o haber tomado drogas. Los conductores bajo los efectos de las drogas o el alcohol son responsables de unos 7.700 accidentes al a\u00f1o. Esto se traduce en unos 13 heridos y un muerto al d\u00eda.<\/p>\n\n\n\n<p><strong>Conducci\u00f3n distra\u00edda<\/strong>: La conducci\u00f3n distra\u00edda se produce cuando un conductor realiza cualquier actividad que desv\u00eda su atenci\u00f3n de donde deber\u00eda estar: la carretera. Dada la prevalencia de los tel\u00e9fonos m\u00f3viles en los \u00faltimos a\u00f1os, el n\u00famero de <a href=\"https:\/\/www.myphillylawyer.com\/es\/areas-de-practica\/accidentes-de-trafico-2\/accidentes-por-conduccion-distraida\/\" title=\"West Chester accidentes de conducci\u00f3n distra\u00edda\">West Chester accidentes de conducci\u00f3n distra\u00edda<\/a> ha aumentado dr\u00e1sticamente. En todo el estado se producen m\u00e1s de 11.000 accidentes por conducci\u00f3n distra\u00edda al a\u00f1o.<\/p>\n\n\n\n<p><strong>Conducci\u00f3n agresiva<\/strong>: <a href=\"https:\/\/www.myphillylawyer.com\/es\/areas-de-practica\/accidentes-de-trafico-2\/accidentes-por-exceso-de-velocidad\/\" title=\"Exceso de velocidad\">Exceso de velocidad<\/a> es una de las formas m\u00e1s comunes de conducci\u00f3n agresiva. Sin embargo, hay muchos otros tipos de <a href=\"https:\/\/www.myphillylawyer.com\/es\/areas-de-practica\/accidentes-de-trafico-2\/accidente-de-trafico-por-conduccion-agresiva\/\" title=\"comportamiento agresivo al volante\">comportamiento agresivo al volante<\/a>que ponen en peligro a todos los que circulan por la carretera. Por ejemplo, entrar y salirse del carril, hacer carreras de aceleraci\u00f3n, tomar las curvas demasiado deprisa, ir a rebufo y no utilizar los intermitentes pueden constituir conducci\u00f3n agresiva.<\/p>\n\n\n\n<p><strong>Accidentes por resbalones y ca\u00eddas<\/strong><\/p>\n\n\n\n<p>Todas las empresas y los propietarios individuales tienen un deber de diligencia con los invitados a su propiedad. Si bien el alcance del deber de un propietario hacia sus invitados var\u00eda en funci\u00f3n de las circunstancias, la ley de responsabilidad de locales de Pensilvania generalmente exige a las empresas que arreglen cualquier peligro conocido, adviertan a los clientes de las condiciones peligrosas y realicen inspecciones peri\u00f3dicas para descubrir peligros potencialmente ocultos. Cuando los propietarios no toman las precauciones necesarias para garantizar la seguridad de sus hu\u00e9spedes, pueden ser <a href=\"https:\/\/www.myphillylawyer.com\/es\/areas-de-practica\/danos-personales\/responsabilidad-de-las-instalaciones\/resbalones-y-caidas\/\" title=\"responsable a trav\u00e9s de un resbal\u00f3n West Chester y demanda por ca\u00edda\">responsable a trav\u00e9s de un resbal\u00f3n West Chester y demanda por ca\u00edda<\/a>. Los lugares m\u00e1s comunes de resbalones y ca\u00eddas incluyen:<\/p>\n\n\n\n<ul class=\"wp-block-list\">\n<li>Tiendas de comestibles<\/li>\n\n\n\n<li>Centros comerciales<\/li>\n\n\n\n<li>Consultorio m\u00e9dico<\/li>\n\n\n\n<li>Aceras<\/li>\n\n\n\n<li>Aparcamientos y garajes<\/li>\n\n\n\n<li>Complejos de apartamentos<\/li>\n\n\n\n<li>Edificio gubernamental.<\/li>\n<\/ul>\n\n\n\n<p><strong>Productos peligrosos y defectuosos<\/strong><\/p>\n\n\n\n<p>Responsabilidad por productos defectuosos es el t\u00e9rmino utilizado para describir el \u00e1mbito del Derecho que aclara el deber de un fabricante para con los clientes y otras personas que puedan entrar en contacto con los productos de la empresa. Normalmente, los fabricantes son estrictamente responsables de cualquier <a href=\"https:\/\/www.myphillylawyer.com\/es\/areas-de-practica\/danos-personales\/responsabilidad-del-producto\/\" title=\"lesiones causadas por sus productos peligrosos o defectuosos\">lesiones causadas por sus productos peligrosos o defectuosos<\/a>. Esto significa que si un producto adolece de un defecto de dise\u00f1o o fabricaci\u00f3n, cualquier persona lesionada por ese producto no necesita demostrar que el fabricante fue negligente. Los fabricantes tambi\u00e9n pueden ser considerados responsables por no advertir a los consumidores de los peligros inherentes a sus productos.<\/p>\n\n\n\n<p><strong>Negligencias m\u00e9dicas<\/strong><\/p>\n\n\n\n<p>M\u00e9dicos, dentistas, enfermeros, cirujanos, farmac\u00e9uticos y otros profesionales sanitarios tienen el deber de proporcionar a sus pacientes un determinado nivel de atenci\u00f3n. Aunque los m\u00e9dicos y otros profesionales de la medicina no pueden garantizar el resultado deseado, deben proporcionar a los pacientes un nivel aceptable de atenci\u00f3n. Si la negligencia de un profesional sanitario causa lesiones a un paciente, \u00e9ste puede <a href=\"https:\/\/www.myphillylawyer.com\/es\/zonas-atendidas\/chester-occidental\/west-chester-abogados-de-negligencia-medica-2\/\">interponer una demanda por negligencia m\u00e9dica en West Chester<\/a> contra el proveedor.<\/p>\n\n\n\n<p>Algunos tipos comunes de demandas por negligencia m\u00e9dica incluyen:<\/p>\n\n\n\n<ul class=\"wp-block-list\">\n<li>Diagn\u00f3sticos err\u00f3neos y retrasos en el diagn\u00f3stico<\/li>\n\n\n\n<li>Errores en el parto<\/li>\n\n\n\n<li>Errores quir\u00fargicos<\/li>\n\n\n\n<li>Errores de medicaci\u00f3n<\/li>\n\n\n\n<li>Negligencia en urgencias<\/li>\n\n\n\n<li>Interpretaci\u00f3n err\u00f3nea de los resultados de las pruebas<\/li>\n\n\n\n<li>Seguimiento deficiente<\/li>\n<\/ul>\n\n\n\n<p><strong>Lesiones laborales<\/strong><\/p>\n\n\n\n<p>Dado que muchos residentes de West Chester trabajan a tiempo completo, no es de extra\u00f1ar que muchas lesiones evitables ocurren en el trabajo. Dependiendo de las circunstancias, los empleados lesionados en el trabajo pueden <a href=\"https:\/\/www.myphillylawyer.com\/es\/areas-de-practica\/lesiones-laborales\/indemnizacion-por-accidente-laboral\/\" title=\"reclamar una indemnizaci\u00f3n por accidente laboral\">reclamar una indemnizaci\u00f3n por accidente laboral<\/a> o un <a href=\"https:\/\/www.myphillylawyer.com\/es\/areas-de-practica\/danos-personales\/\" title=\"demanda por lesiones personales\">demanda por lesiones personales<\/a>.<\/p>\n\n\n\n<p>El sistema de compensaci\u00f3n de los trabajadores de Pensilvania proporciona beneficios limitados a los empleados que sufren lesiones en un accidente de trabajo. Una de las ventajas de la indemnizaci\u00f3n por accidente de trabajo es que no es necesario demostrar que otra persona caus\u00f3 las lesiones. Incluso si sus lesiones fueron causadas en parte por su propia negligencia, usted todav\u00eda puede tener derecho a beneficios de compensaci\u00f3n de trabajadores. Las reclamaciones de indemnizaci\u00f3n tambi\u00e9n tardan menos en resolverse.<\/p>\n\n\n\n<p>Sin embargo, tambi\u00e9n hay inconvenientes a las reclamaciones de indemnizaci\u00f3n de los trabajadores. Por ejemplo, s\u00f3lo se puede recuperar una indemnizaci\u00f3n por sus gastos m\u00e9dicos y salarios perdidos en una demanda de compensaci\u00f3n de trabajadores West Chester.<\/p>\n\n\n\n<p>A <a href=\"https:\/\/www.myphillylawyer.com\/es\/areas-de-practica\/lesiones-laborales\/reclamaciones-de-terceros\/\" title=\"caso de da\u00f1os personales a terceros\">caso de da\u00f1os personales a terceros<\/a> es diferente de una reclamaci\u00f3n de indemnizaci\u00f3n de los trabajadores porque usted debe demostrar que otra persona tuvo la culpa de sus lesiones. Esto hace que probar una demanda por lesiones personales de terceros sea m\u00e1s dif\u00edcil. Sin embargo, por lo general, usted puede recuperar una mayor gama de da\u00f1os a trav\u00e9s de una demanda por lesiones personales, incluyendo la compensaci\u00f3n por su dolor y sufrimiento.<\/p>\n\n\n\n<p>Sin embargo, las leyes de compensaci\u00f3n de los trabajadores de Pensilvania proh\u00edben a la mayor\u00eda de los trabajadores lesionados presentar una demanda por lesiones personales contra su empleador. Esto se debe a una reclamaci\u00f3n de indemnizaci\u00f3n de los trabajadores es visto como el \u00fanico recurso de un empleado lesionado contra un empleador. Por lo tanto, un caso de lesiones personales derivadas de un accidente de trabajo West Chester se presenta normalmente cuando la negligencia de un tercero caus\u00f3 lesiones de una v\u00edctima de accidente. Ejemplos de terceros que pueden ser responsables de una lesi\u00f3n de fabricaci\u00f3n incluyen:<\/p>\n\n\n\n<ul class=\"wp-block-list\">\n<li>Trabajador de otra empresa<\/li>\n\n\n\n<li>Fabricante de un producto peligroso o defectuoso<\/li>\n\n\n\n<li>Contratistas y subcontratistas<\/li>\n\n\n\n<li>Vendedores<\/li>\n\n\n\n<li>Otros conductores<\/li>\n<\/ul>\n\n\n\n<p>Si ha estado <a href=\"https:\/\/www.myphillylawyer.com\/es\/areas-de-practica\/lesiones-laborales\/\" title=\"herido en accidente laboral\">herido en accidente laboral<\/a>Si usted tiene un caso de lesiones personales, es importante discutir su caso con un abogado de lesiones personales West Chester para determinar qu\u00e9 tipo de caso mejor se adapte a su situaci\u00f3n.<\/p>\n\n\n\n<p><strong>Da\u00f1os y perjuicios en una demanda por lesiones personales West Chester<\/strong><\/p>\n\n\n\n<p>Un accidente puede afectar profundamente a su vida. A menudo, las v\u00edctimas de accidentes se centran comprensiblemente en sus lesiones f\u00edsicas. Sin embargo, incluso si se recupera completamente de sus lesiones, el impacto de un accidente en su vida se extiende mucho m\u00e1s all\u00e1 de su recuperaci\u00f3n f\u00edsica. Usted puede haber sido incapaz de trabajar durante semanas o meses, puede haber perdido importantes eventos familiares o hitos, y usted puede enfrentar una vida de dolor persistente y limitaciones f\u00edsicas. En MyPhillyLawyer creemos que usted merece una indemnizaci\u00f3n justa por los estragos que el accidente ha causado en su vida.<\/p>\n\n\n\n<p>En general, la ley de Pennsylvania permite a las v\u00edctimas de accidentes para recuperar dos tipos de da\u00f1os: da\u00f1os econ\u00f3micos y no econ\u00f3micos. Los da\u00f1os econ\u00f3micos son los gastos que usted debe afrontar como resultado del accidente. Los da\u00f1os econ\u00f3micos tambi\u00e9n incluyen cualquier dinero que hubiera ganado pero no pudo debido a sus lesiones. Los ejemplos m\u00e1s comunes de los da\u00f1os econ\u00f3micos en un caso de lesiones personales West Chester incluyen:<\/p>\n\n\n\n<ul class=\"wp-block-list\">\n<li>Facturas m\u00e9dicas anteriores<\/li>\n\n\n\n<li>Gastos m\u00e9dicos futuros<\/li>\n\n\n\n<li>Salarios perdidos<\/li>\n\n\n\n<li>Disminuci\u00f3n de la capacidad de ganancia<\/li>\n\n\n\n<li>Da\u00f1os materiales<\/li>\n\n\n\n<li>Modificaciones en la vivienda para adaptarla a las discapacidades actuales<\/li>\n<\/ul>\n\n\n\n<p>Los da\u00f1os no econ\u00f3micos le compensan por el impacto emocional y psicol\u00f3gico que el accidente ha tenido en su vida. A diferencia de los da\u00f1os econ\u00f3micos, los da\u00f1os no econ\u00f3micos son subjetivos porque los accidentes afectan a la vida de cada persona de forma diferente. Algunos de los tipos m\u00e1s comunes de da\u00f1os no econ\u00f3micos incluyen:<\/p>\n\n\n\n<ul class=\"wp-block-list\">\n<li>Dolor y sufrimiento<\/li>\n\n\n\n<li>Angustia emocional<\/li>\n\n\n\n<li>Discapacidad o desfiguraci\u00f3n<\/li>\n\n\n\n<li>P\u00e9rdida del disfrute de la vida<\/li>\n\n\n\n<li>P\u00e9rdida de relaciones familiares<\/li>\n<\/ul>\n\n\n\n<p>En MyPhillyLawyer, nuestros abogados de lesiones personales West Chester tienen d\u00e9cadas de experiencia ayudando a las v\u00edctimas de accidentes a recuperar una compensaci\u00f3n completa y justa por sus lesiones. Nos tomamos todo el tiempo que sea necesario para entender completamente su vida antes y despu\u00e9s del accidente para que podamos identificar el alcance total de los da\u00f1os que tiene derecho.<\/p>\n\n\n\n<p><strong>MyPhillyLawyer tiene un historial de \u00e9xitos<\/strong><\/p>\n\n\n\n<p>Cada caso es diferente, y la situaci\u00f3n de cada v\u00edctima de accidente es \u00fanica. Sin embargo, en MyPhillyLawyer, nos esforzamos por proporcionar a cada cliente con la representaci\u00f3n excepcional que se merecen. A menudo, podemos <a href=\"https:\/\/www.myphillylawyer.com\/es\/resultados\/\" title=\"obtener importantes indemnizaciones por da\u00f1os y perjuicios\">obtener importantes indemnizaciones por da\u00f1os y perjuicios<\/a> en nombre de nuestros clientes. Algunos veredictos y acuerdos representativos recientes incluyen:<\/p>\n\n\n\n<ul class=\"wp-block-list\">\n<li>$80.000.000,00 - Demanda por malla transvaginal defectuosa.<\/li>\n\n\n\n<li>$20.000.000,00 - Lesi\u00f3n de nacimiento causante de importantes da\u00f1os cerebrales.<\/li>\n\n\n\n<li>$6.750.000,00 - Lesi\u00f3n cerebral causada por una ca\u00edda de un quad durante unas vacaciones en la Rep\u00fablica Dominicana.<\/li>\n\n\n\n<li>$3.500.000,00 - Falta de atenci\u00f3n m\u00e9dica adecuada en un servicio de urgencias, que caus\u00f3 la muerte de un paciente de 48 a\u00f1os.<\/li>\n\n\n\n<li>$2.100.000,00 - Demanda por negligencia m\u00e9dica en relaci\u00f3n con la omisi\u00f3n de un m\u00e9dico en el diagn\u00f3stico de un aneurisma que provoc\u00f3 un derrame cerebral y discapacidad permanente.<\/li>\n\n\n\n<li>$2,000,000.00 - Colisi\u00f3n de tractor-remolque con resultado de muerte de nuestro cliente.<\/li>\n\n\n\n<li>$1.900.000,00 - Accidente de tractor-remolque con resultado de muerte de nuestro cliente.<\/li>\n\n\n\n<li>$1.750.000,00 - Accidente de cami\u00f3n que caus\u00f3 lesiones permanentes.<\/li>\n\n\n\n<li>$1.560.000,00 - Ca\u00edda desde un andamio en una obra de construcci\u00f3n con resultado de m\u00faltiples fracturas.<\/li>\n\n\n\n<li>$1,125,000.00 - Fractura de la cavidad de la cadera a causa de un accidente automovil\u00edstico de alto impacto.<\/li>\n\n\n\n<li>$1.100.000,00 - Lesiones de rodilla y cadera derivadas de la ca\u00edda de un \u00e1rbol en una propiedad vecina.<\/li>\n\n\n\n<li>$500.000,00 - Fallecimiento de una mujer de 79 a\u00f1os debido a los malos tratos de una auxiliar de asistencia sanitaria a domicilio.<\/li>\n<\/ul>\n\n\n\n<h3 class=\"wp-block-heading\">P\u00f3ngase en contacto con el West Chester Abogados de Lesiones Personales en MyPhillyLawyer para una consulta gratuita<\/h3>\n\n\n\n<p>En <a href=\"https:\/\/www.myphillylawyer.com\/es\/\" title=\"MyPhillyLawyer\">MyPhillyLawyer<\/a>representamos a personas que han sufrido lesiones graves tras un accidente. Nuestro <a href=\"https:\/\/www.myphillylawyer.com\/es\/abogados\/\" title=\"veterano equipo de abogados de lesiones personales West Chester \">veterano equipo de abogados de lesiones personales West Chester <\/a>tiene m\u00e1s de un siglo de experiencia <a href=\"https:\/\/www.myphillylawyer.com\/es\/areas-de-practica\/danos-personales\/\" title=\"todo tipo de casos de da\u00f1os personales\">todo tipo de casos de da\u00f1os personales<\/a>. Somos tanto h\u00e1biles negociadores como agresivos litigantes, lo que significa que podemos llevar su caso de principio a fin sin interrupci\u00f3n. Para obtener m\u00e1s informaci\u00f3n sobre c\u00f3mo podemos ayudarle a recuperar la compensaci\u00f3n por sus lesiones, <a href=\"tel:1-215-227-2727\" title=\"llame al 215-227-2727\">llame al 215-227-2727<\/a> o <a href=\"tel:1-800-461-3741\" title=\"llamada gratuita 800-461-3741\">llamada gratuita 800-461-3741<\/a>. La llamada es gratuita, y no le facturaremos por nuestros servicios legales a menos que podamos ayudarle a recuperar una indemnizaci\u00f3n por sus lesiones.<\/p>","protected":false},"excerpt":{"rendered":"<p>Un accidente puede cambiar su vida en una fracci\u00f3n de segundo. De repente, en lugar de centrar su tiempo y energ\u00eda en su carrera, aficiones y familia, se ve obligado a lidiar con lesiones f\u00edsicas, bajas laborales y compa\u00f1\u00edas de seguros. Nadie espera sufrir un accidente y, sin embargo, las lesiones accidentales constituyen una de las principales causas de muerte, incapacidad, productividad...<\/p>","protected":false},"author":9,"featured_media":0,"parent":9880,"menu_order":0,"comment_status":"closed","ping_status":"closed","template":"","meta":{"_acf_changed":false,"jetpack_post_was_ever_published":false,"footnotes":""},"class_list":["post-9600","page","type-page","status-publish","hentry"],"acf":[],"jetpack_sharing_enabled":true,"_links":{"self":[{"href":"https:\/\/www.myphillylawyer.com\/es\/wp-json\/wp\/v2\/pages\/9600","targetHints":{"allow":["GET"]}}],"collection":[{"href":"https:\/\/www.myphillylawyer.com\/es\/wp-json\/wp\/v2\/pages"}],"about":[{"href":"https:\/\/www.myphillylawyer.com\/es\/wp-json\/wp\/v2\/types\/page"}],"author":[{"embeddable":true,"href":"https:\/\/www.myphillylawyer.com\/es\/wp-json\/wp\/v2\/users\/9"}],"replies":[{"embeddable":true,"href":"https:\/\/www.myphillylawyer.com\/es\/wp-json\/wp\/v2\/comments?post=9600"}],"version-history":[{"count":4,"href":"https:\/\/www.myphillylawyer.com\/es\/wp-json\/wp\/v2\/pages\/9600\/revisions"}],"predecessor-version":[{"id":12368,"href":"https:\/\/www.myphillylawyer.com\/es\/wp-json\/wp\/v2\/pages\/9600\/revisions\/12368"}],"up":[{"embeddable":true,"href":"https:\/\/www.myphillylawyer.com\/es\/wp-json\/wp\/v2\/pages\/9880"}],"wp:attachment":[{"href":"https:\/\/www.myphillylawyer.com\/es\/wp-json\/wp\/v2\/media?parent=9600"}],"curies":[{"name":"wp","href":"https:\/\/api.w.org\/{rel}","templated":true}]}}