{"id":9671,"date":"2022-04-26T12:54:27","date_gmt":"2022-04-26T17:54:27","guid":{"rendered":"https:\/\/www.myphillylawyer.com\/?page_id=9671"},"modified":"2025-09-19T14:48:44","modified_gmt":"2025-09-19T19:48:44","slug":"bensalem","status":"publish","type":"page","link":"https:\/\/www.myphillylawyer.com\/es\/zonas-atendidas\/bensalem\/","title":{"rendered":"Bensalem Abogado de lesiones personales"},"content":{"rendered":"<h1 class=\"wp-block-heading\">Bensalem Abogado de lesiones personales<\/h1>\n\n\n\n<p>Si ha estado <a href=\"https:\/\/www.myphillylawyer.com\/es\/areas-de-practica\/accidentes-de-trafico-2\/\">herido en accidente de tr\u00e1fico<\/a>, <a href=\"https:\/\/www.myphillylawyer.com\/es\/areas-de-practica\/danos-personales\/responsabilidad-de-las-instalaciones\/resbalones-y-caidas\/\">resbal\u00f3n y ca\u00edda<\/a>, <a href=\"https:\/\/www.myphillylawyer.com\/es\/zonas-atendidas\/bensalem\/abogados-de-accidentes-de-camiones-2\/\">accidente de cami\u00f3n<\/a>o <a href=\"https:\/\/www.myphillylawyer.com\/es\/areas-de-practica\/accidentes-de-trafico-2\/accidentes-de-moto\/\">accidente de moto<\/a>, a <a href=\"https:\/\/www.myphillylawyer.com\/es\/areas-de-practica\/danos-personales\/\">Bensalem abogado de lesiones personales de MyPhillyLawyer<\/a> puede ayudarle a obtener una indemnizaci\u00f3n por sus lesiones.&nbsp;<\/p>\n\n\n\n<p>En <a href=\"https:\/\/www.myphillylawyer.com\/es\/\">MyPhillyLawyer<\/a>conocemos el valor de su reclamaci\u00f3n en funci\u00f3n de las lesiones sufridas. Entendemos lo que se necesita para solicitar una indemnizaci\u00f3n por sus lesiones y c\u00f3mo ayudarle a recuperarse.&nbsp;<\/p>\n\n\n\n<p>Si bien nos esforzamos por llegar a un acuerdo con una compa\u00f1\u00eda de seguros, estamos listos y capaces de llevar un caso a juicio si los acusados no quieren llegar a un acuerdo fuera de los tribunales. Tambi\u00e9n tratamos con las compa\u00f1\u00edas de seguros que quieren que usted resuelva su reclamo demasiado pronto, presentar su reclamo antes de que el estatuto de limitaciones se agota, y puede demandar a m\u00faltiples partes. Un superviviente de accidente no puede.<\/p>\n\n\n\n<p><strong>Estad\u00edsticas de accidentes en Pensilvania<\/strong><\/p>\n\n\n\n<p>En 2022, Pensilvania inform\u00f3 de 115.938 colisiones que se cobraron la vida de 1.179 personas y causaron 67.012 heridos. Esto supone una media de aproximadamente 318 accidentes al d\u00eda, o aproximadamente 13 colisiones cada hora. Cada d\u00eda <a href=\"https:\/\/www.myphillylawyer.com\/es\/areas-de-practica\/accidentes-de-trafico-2\/accidente-de-coche-mortal\/\">tres personas mueren en un accidente<\/a>lo que representa una muerte cada 8 horas. Diariamente, 183 personas resultan heridas en accidentes, lo que equivale a unos siete heridos cada hora.<\/p>\n\n\n\n<p>En total, una de cada 45 personas se ve implicada en una colisi\u00f3n, una de cada 12.089 fallece y una de cada 168 resulta herida en un accidente. No todos los accidentes con lesiones personales provocan la muerte. Pueden provocar lesiones graves o catastr\u00f3ficas.&nbsp;<\/p>\n\n\n\n<p>Las estad\u00edsticas de la Administraci\u00f3n Nacional de Tr\u00e1fico en Carretera (NHTSA) revelan que cada a\u00f1o se producen 5,5 millones de accidentes de tr\u00e1fico en todo el pa\u00eds. Esas colisiones provocan al menos 3 millones de heridos y 40.000 muertos.<\/p>\n\n\n\n<p><strong>\u00bfQu\u00e9 es un da\u00f1o personal?<\/strong><\/p>\n\n\n\n<p>Cualquier miembro roto, herida, amputaci\u00f3n, da\u00f1o o desfiguraci\u00f3n es un \"<a href=\"https:\/\/www.myphillylawyer.com\/es\/areas-de-practica\/danos-personales\/preguntas-frecuentes-2\/que-es-un-dano-personal\/\">da\u00f1os personales<\/a>.\" La mayor\u00eda se producen tras un accidente de alg\u00fan tipo. El elemento clave para recuperar la indemnizaci\u00f3n por esos da\u00f1os personales es la \"negligencia\".<\/p>\n\n\n\n<p>Para ganar una demanda por negligencia, el demandante debe probar cuatro elementos que demuestren que el demandado actu\u00f3 con negligencia. Estos elementos son:<\/p>\n\n\n\n<ul class=\"wp-block-list\">\n<li><strong>Deber<\/strong>&nbsp;- el demandado ten\u00eda una obligaci\u00f3n legal de diligencia para con el demandante<\/li>\n\n\n\n<li><strong>Incumplimiento del deber<\/strong>&nbsp;- el demandado incumpli\u00f3 dicha obligaci\u00f3n&nbsp;<\/li>\n\n\n\n<li><strong>Causalidad<\/strong>&nbsp;- las acciones\/inacci\u00f3n del demandado causaron las lesiones del demandante<\/li>\n\n\n\n<li><strong>Da\u00f1os y perjuicios<\/strong>&nbsp;- el demandante result\u00f3 directamente perjudicado por las acciones\/inacci\u00f3n del demandado<\/li>\n<\/ul>\n\n\n\n<p><strong>\u00bfCu\u00e1nto vale un accidente en Bensalem?<\/strong><\/p>\n\n\n\n<p>La mayor\u00eda de los supervivientes de un accidente en Bensalem no saben cu\u00e1nto valen sus lesiones. Si bien pueden hacerse una idea general utilizando una calculadora de lesiones personales, la horquilla en d\u00f3lares es s\u00f3lo una estimaci\u00f3n. La resoluci\u00f3n de las reclamaciones al seguro depende de varios factores, como la gravedad del accidente, las lesiones sufridas, su gravedad, si tienen posibilidades de curaci\u00f3n o si alteran la vida, los hechos del caso en s\u00ed y si hubo o no negligencia grave.&nbsp;<\/p>\n\n\n\n<p>Contratar a un abogado especializado en lesiones personales Bensalem para que se encargue de su caso de accidente aumenta las probabilidades de obtener un acuerdo mayor. Un abogado sabe c\u00f3mo aprovechar la ley a favor del demandante. Las compa\u00f1\u00edas de seguros no les gusta un <a href=\"https:\/\/www.myphillylawyer.com\/es\/2022\/09\/25\/que-es-un-abogado-demandante\/\">demandante que contrata representaci\u00f3n legal<\/a>Si no le ofrecen un acuerdo justo y equitativo, podr\u00eda tener que ir a juicio. Ir a juicio puede significar una indemnizaci\u00f3n muy superior a la que la empresa intenta ofrecer como acuerdo.\u00a0<\/p>\n\n\n\n<p>En relaci\u00f3n con un <a href=\"https:\/\/www.myphillylawyer.com\/es\/areas-de-practica\/accidentes-de-trafico-2\/\">accidente de coche en Bensalem, Pennsylvania<\/a> sigue la doctrina del seguro sin culpa por elecci\u00f3n. Esto significa dos cosas para los conductores implicados en un accidente: si tiene una cobertura de responsabilidad civil limitada, no tiene derecho a indemnizaci\u00f3n por da\u00f1os y perjuicios. Si tiene una cobertura de responsabilidad civil completa, tiene derecho a una indemnizaci\u00f3n por da\u00f1os morales.<\/p>\n\n\n\n<p><a href=\"https:\/\/www.myphillylawyer.com\/es\/pongase-en-contacto-con\/\">Contrataci\u00f3n de un abogado de lesiones personales Bensalem<\/a> ser su voz en un caso de accidente significa que no le den gato por liebre por parte de una compa\u00f1\u00eda de seguros que quiera disminuir o denegar su reclamaci\u00f3n.<\/p>\n\n\n\n<p><strong>Las demandas por lesiones personales son litigios civiles<\/strong><\/p>\n\n\n\n<p>La litigaci\u00f3n civil, o llevar un caso a juicio, ocurre cuando dos o m\u00e1s partes buscan compensaci\u00f3n por un acto negligente que caus\u00f3 lesiones. Litigar un <a href=\"https:\/\/www.myphillylawyer.com\/es\/areas-de-practica\/danos-personales\/\">reclamaci\u00f3n por da\u00f1os personales<\/a> significa que el caso es visto por un juez o un jurado para resolver el litigio. Otra opci\u00f3n disponible para resolver una demanda por lesiones personales es la mediaci\u00f3n con la intenci\u00f3n de llegar a un acuerdo extrajudicial. <a href=\"https:\/\/www.myphillylawyer.com\/es\/areas-de-practica\/accidentes-de-trafico-2\/\">Accidentes de tr\u00e1fico<\/a> son en los que se presenta un n\u00famero significativo de reclamaciones. Sin embargo, una reclamaci\u00f3n por da\u00f1os personales no se limita a los accidentes de tr\u00e1fico. Puede implicar <a href=\"https:\/\/www.myphillylawyer.com\/es\/areas-de-practica\/accidentes-de-trafico-2\/accidentes-de-moto\/\">motocicletas<\/a>, <a href=\"https:\/\/www.myphillylawyer.com\/es\/areas-de-practica\/accidentes-de-trafico-2\/accidentes-de-camion\/\">camiones, grandes camiones<\/a>, <a href=\"https:\/\/www.myphillylawyer.com\/es\/areas-de-practica\/danos-personales\/responsabilidad-de-las-instalaciones\/ataque-de-perros\/\">mordeduras de perro<\/a>, <a href=\"https:\/\/www.myphillylawyer.com\/es\/areas-de-practica\/accidentes-de-trafico-2\/accidentes-de-peatones\/\">accidentes de peatones<\/a>y <a href=\"https:\/\/www.myphillylawyer.com\/es\/zonas-atendidas\/bensalem\/abogados-de-negligencia-medica-2\/\">negligencia m\u00e9dica<\/a>.<\/p>\n\n\n\n<p>En toda demanda o reclamaci\u00f3n por da\u00f1os personales hay dos cuestiones implicadas: los da\u00f1os y la culpa o responsabilidad del demandado. Si el demandado es responsable de los da\u00f1os, \u00bfcu\u00e1les son y de qu\u00e9 gravedad? \u00bfPuede el demandante demostrar que el demandado era responsable de los da\u00f1os? Si es as\u00ed, el demandante suele recibir una indemnizaci\u00f3n.<\/p>\n\n\n\n<p>Seg\u00fan los Centros para el Control y la Prevenci\u00f3n de Enfermedades (CDC), el <a href=\"https:\/\/www.myphillylawyer.com\/es\/zonas-atendidas\/bensalem\/abogados-de-muerte-por-negligencia\/\">recuento de muertes por accidentes no intencionados y evitables<\/a>, como los accidentes de tr\u00e1fico, provoca 466 muertes al d\u00eda en EE.UU. 2017 fue un mal a\u00f1o y el total de fallecidos fue de 169.936.<\/p>\n\n\n\n<h3 class=\"wp-block-heading\">P\u00f3ngase en contacto hoy mismo con MyPhillyLawyer<\/h3>\n\n\n\n<p>Si usted o un ser querido ha sufrido un accidente en Bensalem, <a href=\"https:\/\/www.myphillylawyer.com\/es\/pongase-en-contacto-con\/\">ponerse en contacto con el abogado de lesiones personales Bensalem<\/a> en MyPhillyLawyer de inmediato. En <a href=\"https:\/\/www.myphillylawyer.com\/es\/\">MyPhillyLawyer<\/a>, nuestro <a href=\"https:\/\/www.myphillylawyer.com\/es\/abogados\/\">equipo especializado de abogados especializados en lesiones personales<\/a> est\u00e1 aqu\u00ed para ayudar.<\/p>\n\n\n\n<p>Nuestra <strong>Bensalem abogados de lesiones personales<\/strong> entienden c\u00f3mo desafiar a las compa\u00f1\u00edas de seguros y luchar por la indemnizaci\u00f3n que usted merece. <a href=\"tel:1-215-227-2727\">Llame al MyPhillyLawyer al 215-227-2727<\/a> o <a href=\"tel:1-(866) 352-4572\">llamada gratuita (866) 352-4572<\/a> para discutir su caso, derechos legales y opciones. Su consulta inicial es gratuita. Sin recuperaci\u00f3n, sin honorarios ni costes, garantizado.<\/p>","protected":false},"excerpt":{"rendered":"<p>Bensalem Abogado de Lesiones Personales Si usted ha sido lesionado en un accidente automovil\u00edstico, resbal\u00f3n y ca\u00edda, accidente de cami\u00f3n o accidente de motocicleta, un abogado de lesiones personales de Bensalem de MyPhillyLawyer puede ayudarle a buscar compensaci\u00f3n por sus lesiones.  En MyPhillyLawyer, conocemos el valor de su reclamaci\u00f3n en funci\u00f3n de las lesiones sufridas. Entendemos lo que se necesita...<\/p>","protected":false},"author":9,"featured_media":10997,"parent":9880,"menu_order":0,"comment_status":"closed","ping_status":"closed","template":"","meta":{"_acf_changed":false,"jetpack_post_was_ever_published":false,"footnotes":""},"class_list":["post-9671","page","type-page","status-publish","has-post-thumbnail","hentry"],"acf":[],"jetpack_sharing_enabled":true,"_links":{"self":[{"href":"https:\/\/www.myphillylawyer.com\/es\/wp-json\/wp\/v2\/pages\/9671","targetHints":{"allow":["GET"]}}],"collection":[{"href":"https:\/\/www.myphillylawyer.com\/es\/wp-json\/wp\/v2\/pages"}],"about":[{"href":"https:\/\/www.myphillylawyer.com\/es\/wp-json\/wp\/v2\/types\/page"}],"author":[{"embeddable":true,"href":"https:\/\/www.myphillylawyer.com\/es\/wp-json\/wp\/v2\/users\/9"}],"replies":[{"embeddable":true,"href":"https:\/\/www.myphillylawyer.com\/es\/wp-json\/wp\/v2\/comments?post=9671"}],"version-history":[{"count":10,"href":"https:\/\/www.myphillylawyer.com\/es\/wp-json\/wp\/v2\/pages\/9671\/revisions"}],"predecessor-version":[{"id":13940,"href":"https:\/\/www.myphillylawyer.com\/es\/wp-json\/wp\/v2\/pages\/9671\/revisions\/13940"}],"up":[{"embeddable":true,"href":"https:\/\/www.myphillylawyer.com\/es\/wp-json\/wp\/v2\/pages\/9880"}],"wp:featuredmedia":[{"embeddable":true,"href":"https:\/\/www.myphillylawyer.com\/es\/wp-json\/wp\/v2\/media\/10997"}],"wp:attachment":[{"href":"https:\/\/www.myphillylawyer.com\/es\/wp-json\/wp\/v2\/media?parent=9671"}],"curies":[{"name":"wp","href":"https:\/\/api.w.org\/{rel}","templated":true}]}}