{"id":9684,"date":"2022-07-22T15:12:26","date_gmt":"2022-07-22T20:12:26","guid":{"rendered":"https:\/\/www.myphillylawyer.com\/?page_id=9684"},"modified":"2024-08-22T14:37:48","modified_gmt":"2024-08-22T19:37:48","slug":"b-braun-aborto-espontaneo","status":"publish","type":"page","link":"https:\/\/www.myphillylawyer.com\/es\/lppc\/b-braun-aborto-espontaneo\/","title":{"rendered":"B. Braun Demanda - Aborto espont\u00e1neo"},"content":{"rendered":"<a href=\"https:\/\/www.myphillylawyer.com\/es\/\" target=\"_self\" itemprop=\"url\" rel=\"noopener\">\n\t\t\t\t<img loading=\"lazy\" decoding=\"async\" src=\"https:\/\/www.myphillylawyer.com\/wp-content\/uploads\/2024\/01\/myphilly-logo_w.png\" alt=\"Philadelphia Abogados de da\u00f1os corporales -MyPhillyLawyer Logotipo\" itemprop=\"image\" height=\"120\" width=\"375\" title=\"Philadelphia Abogados de da\u00f1os corporales -MyPhillyLawyer Logotipo\" onerror=\"this.style.display='none'\"  \/>\n\t\t\t\t<\/a>\n<h2>\n\t\t<a href=\"tel:610-550-8536\">Llame al (610) 550-8536 <br \/>Evaluaci\u00f3n gratuita del caso<\/a>\n\t<\/h2>\n<h1>\n\t\t\u00bfUsted o un ser querido vive o trabaja a menos de 8 km de la planta m\u00e9dica de BBraun en Allentown y ha sufrido un aborto espont\u00e1neo?\n\t<\/h1>\n\t<p>B. Braun Medical ha sido acusada de emitir toxinas a la atm\u00f3sfera a sabiendas durante d\u00e9cadas. Si vives cerca de la planta y has sufrido un aborto espont\u00e1neo, puedes optar a una indemnizaci\u00f3n.<\/p>\n<h1>\n\t\tAbogados expertos en da\u00f1os masivos por c\u00e1ncer que obtienen resultados\n\t<\/h1>\n<h2>\n\t\tB. Braun Mass Tort Lawsuit - Llamamiento a la acci\u00f3n para los diagnosticados con c\u00e1ncer o sufrido un aborto involuntario en el \u00e1rea de Allentown\n\t<\/h2>\n\t<p>Allentown, Pensilvania, est\u00e1 en el punto de mira, pero no por las razones correctas. En una reciente demanda, se acusa a B. Braun Medical de emitir a sabiendas \u00f3xido de etileno (EtO), un conocido carcin\u00f3geno, a la atm\u00f3sfera durante d\u00e9cadas. El \u00f3xido de etileno se utiliza para esterilizar dispositivos m\u00e9dicos, pero se trata de una sustancia qu\u00edmica incolora e inodora cuya respiraci\u00f3n es extremadamente t\u00f3xica. Los residentes de Allentown tienen hasta 200 veces m\u00e1s probabilidades de contraer c\u00e1ncer que los del resto de Pensilvania debido a las emisiones extremadamente elevadas de ETO de B. Braun Medical.<\/p>\n<p>La demanda alega que la emisi\u00f3n de ETO a la atm\u00f3sfera por parte de B. Braun Medical ha provocado un aumento significativo de los casos de c\u00e1ncer en la zona de Allentown. Varias personas ya han fallecido, y muchas otras se han unido a la demanda debido a su diagn\u00f3stico de c\u00e1ncer y a su proximidad a B. Braun Medical. M\u00e1s de 150 residentes con c\u00e1ncer que viven o trabajan cerca de la planta de B. Braun se han unido a la demanda. Se prev\u00e9 que habr\u00e1 muchos m\u00e1s casos, ya que cada d\u00eda enferman m\u00e1s personas.<\/p>\n<h4>\n\t\tPuede confiar en nuestros comentarios\n\t<\/h4>\n\t\t\t<img decoding=\"async\" src=\"https:\/\/www.myphillylawyer.com\/wp-content\/uploads\/2024\/04\/five-stars.svg\" alt=\"cinco estrellas\" width=\"150\" title=\"\">\n<p>MyPhillyLawyer absolutamente el mejor en Philadelphia. \u00a1Dean, Joshua y Deana son los mejores y te dar\u00e1n los resultados que te mereces! Estoy muy agradecido por su ayuda y apoyo.  - Hass M.<\/p>\n\t\t\t<img decoding=\"async\" src=\"https:\/\/www.myphillylawyer.com\/wp-content\/uploads\/2024\/04\/five-stars.svg\" alt=\"cinco estrellas\" width=\"150\" title=\"\">\n<p>Mi experiencia con el abogado MyPhilly ha sido maravillosa. No hay nada mejor que sentir que el equipo est\u00e1 de tu lado. El personal siempre ha tomado mis llamadas , sin importar la hora. Honestamente puedo decir que estoy muy agradecido por MyPhilly abogado. - Corynna Martin<\/p>\n\t\t\t<img decoding=\"async\" src=\"https:\/\/www.myphillylawyer.com\/wp-content\/uploads\/2024\/04\/five-stars.svg\" alt=\"cinco estrellas\" width=\"150\" title=\"\">\n<p>Usted acept\u00f3 representarme por mi accidente de autom\u00f3vil cuando otros abogados rechazaron el caso. Yo estaba encantado con el acuerdo que negoci\u00f3. Voy a decirle a toda mi familia y amigos acerca de usted. - Suzanna K.<\/p>\n\t\t\t<img decoding=\"async\" src=\"https:\/\/www.myphillylawyer.com\/wp-content\/uploads\/2024\/04\/five-stars.svg\" alt=\"cinco estrellas\" width=\"150\" title=\"\">\n<p>MyPhillyLawyer me ayud\u00f3 en mi caso de accidente de coche. El servicio que recib\u00ed fue excepcional. Fueron muy minuciosos y me mantuvieron informado en cada paso del proceso. Recib\u00ed un acuerdo que era m\u00e1s de lo que esperaba. - Angeline Satchell<\/p>\n\t\t\t<img decoding=\"async\" src=\"https:\/\/www.myphillylawyer.com\/wp-content\/uploads\/2024\/04\/five-stars.svg\" alt=\"cinco estrellas\" width=\"150\" title=\"\">\n<p>MyPhillyLawyer es simplemente un bufete de abogados asombroso y sorprendente.trabajaron con diligencia y vigorosamente en mi caso y me proporcionaron resultados sorprendentes. Si usted est\u00e1 en necesidad de servicios legales le insto a dar MyPhillyLawyer una llamada. - Eric Davis<\/p>\n<h4>\n\t\tCuando ganar es lo m\u00e1s importante\n\t<\/h4>\n\t<p>Nuestra m\u00e1xima prioridad es proporcionar una representaci\u00f3n legal de alta calidad. Esto significa que nuestros abogados de defectos de medicaci\u00f3n le mantendr\u00e1n informado y har\u00e1n todo lo posible para obtener la compensaci\u00f3n que necesita y merece.<\/p>\n<h1>\n\t\tM\u00e1s de $500 millones recuperados.\n\t<\/h1>\n\t\t$6.750.000\n\t\t\t\t\tLesi\u00f3n cerebral por accidente de ATV\n\t\t$20.000.000\n\t\t\t\t\tLesi\u00f3n Cerebral Causante de Da\u00f1o Cerebral\n\t\t$80.000.000\n\t\t\t\t\tVeredicto del jurado sobre malla transvaginal\n\t\t$1.560.000\n\t\t\t\t\tCa\u00edda de andamio en obra\n\t\t$2.100.000\n\t\t\t\t\tFallo en el diagn\u00f3stico - Negligencia m\u00e9dica\n\t<iframe src=\"https:\/\/player.vimeo.com\/video\/678471662?h=9ddde9f176&amp;badge=0&amp;autopause=0&amp;player_id=0&amp;app_id=58479\" frameborder=\"0\" allow=\"autoplay; fullscreen; picture-in-picture\" allowfullscreen title=\"Allentown Zona Cero\"><\/iframe>\n<h2>\n\t\tLas empresas deben responder de las personas lesionadas por su negligencia\n\t<\/h2>\n\t\t\t\t<img loading=\"lazy\" decoding=\"async\" src=\"https:\/\/www.myphillylawyer.com\/wp-content\/uploads\/2021\/08\/lehighvalleylive.png\" alt=\"lehighvalleylive\" itemprop=\"image\" height=\"297\" width=\"1728\" title=\"lehighvalleylive\" onerror=\"this.style.display='none'\"  \/>\n<h3>\"Diecis\u00e9is personas enfermas de c\u00e1ncer, incluidas las familias de tres fallecidos, afirman que las emisiones del fabricante de productos m\u00e9dicos B. Braun son las culpables de sus diagn\u00f3sticos de c\u00e1ncer, seg\u00fan las demandas presentadas en su nombre.\"<\/h3>\t\n\t\t\t\t<img loading=\"lazy\" decoding=\"async\" src=\"https:\/\/www.myphillylawyer.com\/wp-content\/uploads\/2024\/05\/morning-call-logo.jpg\" alt=\"morning-call-logo\" itemprop=\"image\" height=\"164\" width=\"300\" title=\"morning-call-logo\" onerror=\"this.style.display='none'\"  \/>\n<h3>\"B. Braun, fabricante alem\u00e1n de dispositivos m\u00e9dicos con sede en Bethlehem y una planta en el municipio de Hanover, es el duod\u00e9cimo mayor emisor de \u00f3xido de etileno del pa\u00eds, seg\u00fan los datos de contaminaci\u00f3n cancer\u00edgena de la EPA. El \u00f3xido de etileno est\u00e1 relacionado con el c\u00e1ncer de mama y de sangre y otras enfermedades\".<\/h3>\t\n\t\t\t\t<img loading=\"lazy\" decoding=\"async\" src=\"https:\/\/www.myphillylawyer.com\/wp-content\/uploads\/2024\/05\/69-news.jpg\" alt=\"69-noticias\" itemprop=\"image\" height=\"270\" width=\"800\" title=\"69-noticias\" onerror=\"this.style.display='none'\"  \/>\n<h3>\"Los c\u00e1nceres que se desarrollan son varios en la naturaleza y hay un fuerte apoyo epidemiol\u00f3gico y toxicol\u00f3gico para la causalidad entre las emisiones de EtO y la instalaci\u00f3n de B Braun en Allentown y el desarrollo de estos c\u00e1nceres particulares\"<\/h3>\t\n<h2>\n\t\tPor qu\u00e9 las emisiones de gas ETO se consideran altamente t\u00f3xicas\n\t<\/h2>\n\t<p>Seg\u00fan la Agencia de Protecci\u00f3n Medioambiental (EPA), que realiz\u00f3 estudios sobre el ETO en 2016, el \u00f3xido de etileno es a\u00fan m\u00e1s peligroso en su capacidad de provocar c\u00e1ncer de lo que se pensaba. La EPA concluy\u00f3 que el ETO es 30 veces m\u00e1s cancer\u00edgeno de lo que se cre\u00eda en un principio, y que aumentaba el riesgo de c\u00e1ncer de mama y linfoide, as\u00ed como de muchos otros tipos de c\u00e1ncer.<\/p>\n<p>A lo largo de los a\u00f1os, B. Braun Medical emiti\u00f3 una peligrosa cantidad de EtO a la atm\u00f3sfera y, de hecho, B.Braun es responsable de 92% de todo el EtO emitido en Pensilvania. En 2014 emitieron 6.880 libras, mientras que el \u00fanico otro lugar que emiti\u00f3 EtO en la regi\u00f3n fue el Hospital Universitario St. Luke, que emiti\u00f3 17 libras ese mismo a\u00f1o.<\/p>\n<p>En 2016, la EPA public\u00f3 una alerta de gesti\u00f3n en la que ped\u00eda que se actuara con rapidez, y se espera que en 2023 se publiquen nuevas normas de emisi\u00f3n de ETO.<\/p>\n<p>Finalmente, en 2020 B. Braun instal\u00f3 filtros en su edificio que supuestamente redujeron las emisiones de EtO en 99%, aunque para entonces ya se hab\u00edan liberado miles de kilos de EtO a la atm\u00f3sfera.<\/p>\n<p>Otro motivo de preocupaci\u00f3n es que el ETO puede modificar el ADN de una c\u00e9lula, y los ni\u00f1os pueden ser m\u00e1s susceptibles a los efectos nocivos de las sustancias mut\u00e1genas.<\/p>\n\t<p><strong>C\u00e1nceres contra\u00eddos vinculados a las emisiones de EtO<\/strong><\/p>\n<p>Se han relacionado varios tipos de c\u00e1ncer con las emisiones de EtO, entre ellos:<\/p>\n<ul>\n<li>Leucemia<\/li>\n<li>C\u00e1ncer de mama<\/li>\n<li>Linfoide<\/li>\n<li>Cerebro<\/li>\n<li>C\u00e1nceres de pelvis<\/li>\n<li>C\u00e1nceres de los gl\u00f3bulos blancos<\/li>\n<li>Linfoma no Hodgkin<\/li>\n<li>Mieloma<\/li>\n<li>Leucemia linfoc\u00edtica<\/li>\n<li>Y muchos otros<\/li>\n<\/ul>\n<p>Los demandantes proceden de diversos \u00e1mbitos y viven en Allentown, Bethlehem, Coopersburg, Kunkletown, Northampton y Whitehall Township. Todos los implicados viv\u00edan o trabajaban cerca de la planta de B. Braun.<\/p>\n\t<h1>Excelencia reconocida en litigios<\/h1>\n<h3>Estamos orgullosos de apoyar a nuestros clientes en todo momento.<\/h3>\n\t\t\t\t<img loading=\"lazy\" decoding=\"async\" src=\"https:\/\/www.myphillylawyer.com\/wp-content\/uploads\/2024\/01\/phillyfavorites-bronze.png\" alt=\"Mis favoritos Philly Bronce\" itemprop=\"image\" height=\"347\" width=\"360\" title=\"phillyfavorites-bronze\" onerror=\"this.style.display='none'\"  \/>\n\t\t\t\t<img loading=\"lazy\" decoding=\"async\" src=\"https:\/\/www.myphillylawyer.com\/wp-content\/uploads\/2024\/01\/phillyfavorites-silver.png\" alt=\"Mis favoritos Philly Mejor bufete de abogados Plata\" itemprop=\"image\" height=\"347\" width=\"360\" title=\"phillyfavorites-plata\" onerror=\"this.style.display='none'\"  \/>\n\t\t\t\t<img loading=\"lazy\" decoding=\"async\" src=\"https:\/\/www.myphillylawyer.com\/wp-content\/uploads\/2024\/01\/phillyfavorites-gold.png\" alt=\"Mis Favoritos Philly Mejor Bufete de Lesiones Personales Oro\" itemprop=\"image\" height=\"347\" width=\"360\" title=\"phillyfavorites-gold\" onerror=\"this.style.display='none'\"  \/>\n\t\t\t\t<img loading=\"lazy\" decoding=\"async\" src=\"https:\/\/www.myphillylawyer.com\/wp-content\/uploads\/2024\/01\/national_trial_lawyers.png\" alt=\"National Trial Lawyers Top 100\" itemprop=\"image\" height=\"787\" width=\"1385\" title=\"National Trial Lawyers Top 100\" onerror=\"this.style.display='none'\"  \/>\n\t\t\t\t<img loading=\"lazy\" decoding=\"async\" src=\"https:\/\/www.myphillylawyer.com\/wp-content\/uploads\/2024\/01\/litigator_awards.png\" alt=\"Premios a la abogac\u00eda\" itemprop=\"image\" height=\"250\" width=\"500\" title=\"litigator_awards\" onerror=\"this.style.display='none'\"  \/>\n\t\t\t\t<img loading=\"lazy\" decoding=\"async\" src=\"https:\/\/www.myphillylawyer.com\/wp-content\/uploads\/2024\/01\/multimillion-square.png\" alt=\"Foro de abogados multimillonarios\" itemprop=\"image\" height=\"347\" width=\"360\" title=\"multimillonario\" onerror=\"this.style.display='none'\"  \/>\n<h1>\n\t\t<a href=\"tel:610-550-8536\">Hable con un abogado ahora. Llame al (610) 550-8536<\/a>\n\t<\/h1>\n<h3>\n\t\tOficinas\n\t<\/h3>\n1500 John F. Kennedy Blvd<br \/>\nSuite n\u00famero 1410<br \/>\nPhiladelphia, PA 19102\nTel\u00e9fono: 215-227-2727<br \/>\nTel\u00e9fono gratuito: (866) 352-4572<br \/>\nFax: 215-563-6617\n10819 Bustleton Avenue<br \/> Philadelphia, PA 19116\nTel\u00e9fono: 215-701-6369<br \/> Tel\u00e9fono gratuito: (866) 352-4572\n\t<p>MAPA\/DIRECCIONES:\u00a0<a href=\"https:\/\/www.myphillylawyer.com\/es\/acerca-de\/kennedy-blvd-direcciones\/\">1500 John F. Kennedy Blvd.<\/a><\/p>\n\t<p>MAPA\/DIRECCIONES:\u00a0<a href=\"https:\/\/www.myphillylawyer.com\/es\/acerca-de\/direcciones-bustleton-ave\/\">10819 Bustleton Avenue<\/a><\/p>\n\t<p>\u00a9 2022 Silvers, Langsam &amp; Weitzman, P.C.<\/p>\n<p>Todos los derechos reservados.<\/p>\n<p><a href=\"https:\/\/www.myphillylawyer.com\/es\/descargo-de-responsabilidad\/\">Descargo de responsabilidad<\/a>\u00a0|\u00a0<a href=\"https:\/\/www.myphillylawyer.com\/es\/mapa-del-sitio\/\">Mapa del sitio<\/a>\u00a0|\u00a0<a href=\"https:\/\/www.myphillylawyer.com\/es\/privacidad\/\">Pol\u00edtica de privacidad<\/a><\/p>","protected":false},"excerpt":{"rendered":"<p>Llame al (610) 550-8536 Evaluaci\u00f3n gratuita de su caso \u00bfUsted o un ser querido vive o trabaja a menos de 5 millas de la planta de BBraun Medical en Allentown y sufri\u00f3 un aborto espont\u00e1neo? B. Braun Medical ha sido acusada de emitir toxinas a la atm\u00f3sfera a sabiendas durante d\u00e9cadas. Si vive cerca de la planta y ha sufrido un aborto espont\u00e1neo,...<\/p>","protected":false},"author":9,"featured_media":0,"parent":5297,"menu_order":0,"comment_status":"closed","ping_status":"closed","template":"","meta":{"_acf_changed":false,"jetpack_post_was_ever_published":false,"footnotes":""},"class_list":["post-9684","page","type-page","status-publish","hentry"],"acf":[],"jetpack_sharing_enabled":true,"_links":{"self":[{"href":"https:\/\/www.myphillylawyer.com\/es\/wp-json\/wp\/v2\/pages\/9684","targetHints":{"allow":["GET"]}}],"collection":[{"href":"https:\/\/www.myphillylawyer.com\/es\/wp-json\/wp\/v2\/pages"}],"about":[{"href":"https:\/\/www.myphillylawyer.com\/es\/wp-json\/wp\/v2\/types\/page"}],"author":[{"embeddable":true,"href":"https:\/\/www.myphillylawyer.com\/es\/wp-json\/wp\/v2\/users\/9"}],"replies":[{"embeddable":true,"href":"https:\/\/www.myphillylawyer.com\/es\/wp-json\/wp\/v2\/comments?post=9684"}],"version-history":[{"count":6,"href":"https:\/\/www.myphillylawyer.com\/es\/wp-json\/wp\/v2\/pages\/9684\/revisions"}],"predecessor-version":[{"id":11889,"href":"https:\/\/www.myphillylawyer.com\/es\/wp-json\/wp\/v2\/pages\/9684\/revisions\/11889"}],"up":[{"embeddable":true,"href":"https:\/\/www.myphillylawyer.com\/es\/wp-json\/wp\/v2\/pages\/5297"}],"wp:attachment":[{"href":"https:\/\/www.myphillylawyer.com\/es\/wp-json\/wp\/v2\/media?parent=9684"}],"curies":[{"name":"wp","href":"https:\/\/api.w.org\/{rel}","templated":true}]}}