{"id":9900,"date":"2023-03-03T15:52:57","date_gmt":"2023-03-03T20:52:57","guid":{"rendered":"https:\/\/www.myphillylawyer.com\/?page_id=9900"},"modified":"2025-07-31T16:34:29","modified_gmt":"2025-07-31T21:34:29","slug":"conshohocken","status":"publish","type":"page","link":"https:\/\/www.myphillylawyer.com\/es\/zonas-atendidas\/conshohocken\/","title":{"rendered":"Conshohocken Abogados de lesiones personales"},"content":{"rendered":"<h1 class=\"wp-block-heading\">Conshohocken Abogados de lesiones personales<\/h1>\n\n\n\n<p>Aunque algunos supervivientes de accidentes creen que pueden representarse a s\u00ed mismos, nunca es una buena idea tratar con una compa\u00f1\u00eda de seguros. Las compa\u00f1\u00edas de seguros no son sus amigos y no existen para pagar todas las reclamaciones presentadas. Si pueden encontrar una manera de reducir o negar su reclamaci\u00f3n por accidente, lo har\u00e1n. Hablar con un <a href=\"https:\/\/www.myphillylawyer.com\/es\/areas-de-practica\/danos-personales\/\">abogado experto en lesiones personales Conshohocken<\/a> se asegura de que conozca sus derechos legales y lo que se puede conseguir en su nombre presentando una demanda por lesiones personales.<\/p>\n\n\n\n<p>Si usted o alguien que conoce <a href=\"https:\/\/www.myphillylawyer.com\/es\/areas-de-practica\/danos-personales\/\">gravemente herido tras<\/a>, <a href=\"https:\/\/www.myphillylawyer.com\/es\/areas-de-practica\/accidentes-de-trafico-2\/accidentes-de-moto\/\">motocicleta<\/a>, <a href=\"https:\/\/www.myphillylawyer.com\/es\/areas-de-practica\/accidentes-de-trafico-2\/accidentes-de-autobus-escolar\/\">autob\u00fas<\/a>, <a href=\"https:\/\/www.myphillylawyer.com\/es\/areas-de-practica\/danos-personales\/responsabilidad-de-las-instalaciones\/resbalones-y-caidas\/\">resbal\u00f3n y ca\u00edda<\/a>o <a href=\"https:\/\/www.myphillylawyer.com\/es\/areas-de-practica\/accidentes-de-trafico-2\/accidentes-de-camion\/\">accidente de cami\u00f3n<\/a>debe buscar hoy mismo la ayuda de un abogado experto en lesiones personales Conshohocken. Perseguir un acuerdo justo y equitativo para nuestros clientes es lo que nos esforzamos por lograr. Las oficinas de MyPhillyLawyer est\u00e1n a s\u00f3lo 22 minutos de distancia a trav\u00e9s de I-76 W. Estamos aqu\u00ed para ayudarle a manejar <a href=\"https:\/\/www.myphillylawyer.com\/es\/areas-de-practica\/\">cualquier reclamaci\u00f3n por da\u00f1os personales<\/a> que puedas tener.<\/p>\n\n\n\n<h3 class=\"wp-block-heading\">Estad\u00edsticas de accidentes de tr\u00e1fico en Conshohocken<\/h3>\n\n\n\n<p>Pensilvania tiene m\u00e1s de 120.000 millas de autopistas y carreteras, de las que el 67% son mantenidas por municipios locales y otras entidades. Los accidentes de coche, cami\u00f3n, motocicleta y otros veh\u00edculos son investigados e informados por la Polic\u00eda Estatal de Pensilvania y las m\u00e1s de 1.300 fuerzas policiales municipales locales.<\/p>\n\n\n\n<p>En 2018, hubo 128,420 accidentes de tr\u00e1fico en el estado, que cobraron la vida de 1,190 estadounidenses e hirieron a 78,219. Eso se traduce en una tasa de mortalidad de 1,17 muertes por cada cien millones de kil\u00f3metros recorridos en veh\u00edculo. Cada d\u00eda se producen en Pensilvania 352 accidentes de tr\u00e1fico, aproximadamente quince accidentes cada hora. Cada d\u00eda mueren tres personas, una muerte cada siete horas, y cada d\u00eda 214 personas resultan heridas en accidentes, una media aproximada de nueve heridos cada hora.<\/p>\n\n\n\n<p>Estas cifras representan a personas que necesitan ayuda para comprender sus derechos legales, presentar una demanda por lesiones personales y contratar a un abogado de lesiones personales que les ayude a recuperar una indemnizaci\u00f3n por sus lesiones corporales graves. La recuperaci\u00f3n de la compensaci\u00f3n por lesiones no s\u00f3lo es necesaria en accidentes automovil\u00edsticos, sino tambi\u00e9n en accidentes por resbalones, tropiezos y ca\u00eddas, accidentes por aplastamiento o accidentes de bicicleta.<\/p>\n\n\n\n<h3 class=\"wp-block-heading\">\u00bfQu\u00e9 tipo de casos acepta un abogado de lesiones personales?<\/h3>\n\n\n\n<p>Un abogado de lesiones personales Conshohocken proporciona representaci\u00f3n legal a las personas lesionadas en un accidente. Los casos de lesiones personales implican los actos negligentes de otros. Los accidentes de lesiones personales m\u00e1s comunes en Conshohocken incluyen los siguientes:<\/p>\n\n\n\n<ul class=\"wp-block-list\">\n<li><a href=\"https:\/\/www.myphillylawyer.com\/es\/areas-de-practica\/accidentes-de-trafico-2\/\">Accidentes de tr\u00e1fico<\/a><\/li>\n\n\n\n<li><a href=\"https:\/\/www.myphillylawyer.com\/es\/areas-de-practica\/accidentes-de-trafico-2\/accidentes-de-moto\/\">Accidentes de motocicleta<\/a><\/li>\n\n\n\n<li><a href=\"https:\/\/www.myphillylawyer.com\/es\/areas-de-practica\/accidentes-de-trafico-2\/accidentes-de-camion\/\">Accidentes de camiones<\/a><\/li>\n\n\n\n<li><a href=\"https:\/\/www.myphillylawyer.com\/es\/areas-de-practica\/accidentes-de-trafico-2\/accidentes-de-bicicleta\/\">Accidentes de bicicleta<\/a><\/li>\n\n\n\n<li><a href=\"https:\/\/www.myphillylawyer.com\/es\/zonas-atendidas\/conshohocken\/abogados-de-negligencia-medica-2\/\">Negligencia m\u00e9dica<\/a><\/li>\n\n\n\n<li><a href=\"https:\/\/www.myphillylawyer.com\/es\/areas-de-practica\/accidentes-de-trafico-2\/transporte-publico\/\">Accidentes en los transportes colectivos<\/a><\/li>\n\n\n\n<li>Accidentes de aviaci\u00f3n<\/li>\n\n\n\n<li><a href=\"https:\/\/www.myphillylawyer.com\/es\/areas-de-practica\/accidentes-de-trafico-2\/accidentes-de-peatones\/\">Accidentes de peatones<\/a><\/li>\n\n\n\n<li><a href=\"https:\/\/www.myphillylawyer.com\/es\/areas-de-practica\/abogados-de-accidentes-nauticos\/\">Accidentes de navegaci\u00f3n<\/a><\/li>\n\n\n\n<li><a href=\"https:\/\/www.myphillylawyer.com\/es\/areas-de-practica\/danos-personales\/responsabilidad-de-las-instalaciones\/\">Seguridad negligente<\/a><\/li>\n\n\n\n<li><a href=\"https:\/\/www.myphillylawyer.com\/es\/areas-de-practica\/danos-personales\/responsabilidad-del-producto\/\">Productos defectuosos<\/a><\/li>\n\n\n\n<li><a href=\"https:\/\/www.myphillylawyer.com\/es\/areas-de-practica\/danos-personales\/responsabilidad-de-las-instalaciones\/resbalones-y-caidas\/\">Accidentes por resbalones y ca\u00eddas<\/a><\/li>\n\n\n\n<li><a href=\"https:\/\/www.myphillylawyer.com\/es\/areas-de-practica\/danos-personales\/responsabilidad-de-las-instalaciones\/ataque-de-perros\/\">Ataques o mordeduras de animales<\/a><\/li>\n\n\n\n<li><a href=\"https:\/\/www.myphillylawyer.com\/es\/areas-de-practica\/negligencia-medica\/abuso-en-residencias-de-ancianos\/\">Malos tratos y abandono en residencias de ancianos<\/a><\/li>\n\n\n\n<li><a href=\"https:\/\/www.myphillylawyer.com\/es\/areas-de-practica\/lesiones-laborales\/accidentes-en-la-construccion\/\">Accidentes de la construcci\u00f3n (con terceros implicados)<\/a><\/li>\n\n\n\n<li><a href=\"https:\/\/www.myphillylawyer.com\/es\/areas-de-practica\/accidentes-de-trafico-2\/seguro\/\">Reclamaciones de seguros\/mala fe<\/a><\/li>\n\n\n\n<li><a href=\"https:\/\/www.myphillylawyer.com\/es\/areas-de-practica\/danos-personales\/lesiones-graves\/lesion-cerebral-traumatica\/\">Lesiones cerebrales<\/a><\/li>\n\n\n\n<li><a href=\"https:\/\/www.myphillylawyer.com\/es\/areas-de-practica\/danos-personales\/lesiones-graves\/quemaduras\/\">Quemaduras<\/a><\/li>\n\n\n\n<li><a href=\"https:\/\/www.myphillylawyer.com\/es\/areas-de-practica\/danos-personales\/lesiones-graves\/lesiones-medulares\/\">Lesiones medulares<\/a><\/li>\n\n\n\n<li><a href=\"https:\/\/www.myphillylawyer.com\/es\/areas-de-practica\/danos-personales\/lesiones-graves\/muerte-por-negligencia\/\">Muerte por negligencia<\/a><\/li>\n<\/ul>\n\n\n\n<h3 class=\"wp-block-heading\">Tipos de indemnizaci\u00f3n por da\u00f1os personales sufridos en Conshohocken<\/h3>\n\n\n\n<p>Puede tener derecho a una indemnizaci\u00f3n por da\u00f1os y perjuicios si ha sufrido lesiones personales. Esto puede incluir p\u00e9rdida de ingresos, angustia emocional, gastos m\u00e9dicos, p\u00e9rdida del disfrute de la vida, p\u00e9rdida de consorcio, angustia mental, p\u00e9rdida de compa\u00f1\u00eda y dolor y sufrimiento.<\/p>\n\n\n\n<p>Es esencial saber que hay l\u00edmites estatutarios sobre el tiempo que tiene para presentar una demanda por lesiones personales. En Pennsylvania, el estatuto de limitaciones le permite presentar una demanda dos a\u00f1os a partir de la fecha de su lesi\u00f3n. Si no la presenta, perder\u00e1 su derecho a solicitar una indemnizaci\u00f3n. Si su accidente involucr\u00f3 a un trabajador o a una agencia del gobierno, las reglas son diferentes. En <a href=\"https:\/\/www.myphillylawyer.com\/es\/\">MyPhillyLawyer<\/a>Analizaremos cuidadosamente su situaci\u00f3n particular y haremos que su caso avance.<\/p>\n\n\n\n<p>Pennsylvania sigue una regla de culpa compartida. Lo que esto significa es que, si la persona o entidad contra la que usted est\u00e1 presentando una reclamaci\u00f3n plantea el argumento de que usted es parcial o totalmente culpable de un accidente, el porcentaje de su culpa puede reducir su compensaci\u00f3n. Los casos de culpa compartida siguen una regla de negligencia comparativa modificada. Usted no puede cobrar da\u00f1os y perjuicios si es responsable de un accidente en m\u00e1s de un 50 por ciento. Si usted tiene menos del 50 por ciento de culpa, su indemnizaci\u00f3n se reduce en esa cantidad.<\/p>\n\n\n\n<p>Pensilvania es un estado de seguro de coche sin culpa. Eso significa que a ra\u00edz de un accidente de tr\u00e1fico, un conductor lesionado presenta una reclamaci\u00f3n a su compa\u00f1\u00eda de seguros para los gastos m\u00e9dicos y la p\u00e9rdida de ingresos, no importa qui\u00e9n tuvo la culpa. Es posible que pueda eludir el sistema sin culpa si puede demostrar que su caso implica lesiones graves. En MyPhillyLawyer le explicamos todos los detalles de su accidente y le explicamos c\u00f3mo presentar una reclamaci\u00f3n.<\/p>\n\n\n\n<h3 class=\"wp-block-heading\">El proceso por da\u00f1os personales en Conshohocken<\/h3>\n\n\n\n<p>Hay una variedad de tareas que realiza un abogado de lesiones personales Conshohocken. Entre ellas se incluyen:<\/p>\n\n\n\n<ul class=\"wp-block-list\">\n<li>Investigaci\u00f3n de siniestros<\/li>\n\n\n\n<li>Recogida de pruebas<\/li>\n\n\n\n<li>Negociaci\u00f3n con compa\u00f1\u00edas de seguros<\/li>\n\n\n\n<li>Env\u00edo de cartas de reclamaci\u00f3n<\/li>\n\n\n\n<li>Preparaci\u00f3n de los alegatos<\/li>\n\n\n\n<li>Presentaci\u00f3n de pruebas<\/li>\n\n\n\n<li>Representar a un cliente en caso de juicio<\/li>\n\n\n\n<li>Contrataci\u00f3n de peritos en caso necesario<\/li>\n<\/ul>\n\n\n\n<h3 class=\"wp-block-heading\">Por qu\u00e9 necesita contratar a un abogado experto en lesiones personales Conshohocken<\/h3>\n\n\n\n<p>La representaci\u00f3n legal despu\u00e9s de un accidente con lesiones personales es crucial para buscar el tratamiento que necesita. Si usted o alguien que usted conoce fue recientemente <a href=\"https:\/\/www.myphillylawyer.com\/es\/zonas-atendidas\/conshohocken\/abogados-de-accidentes-de-coche-2\/\">implicado en un accidente de coche<\/a>es posible que se enfrente a uno o varios de los siguientes problemas:<\/p>\n\n\n\n<ul class=\"wp-block-list\">\n<li><strong>Usted o un pasajero sufrieron lesiones graves.<\/strong> Buscar atenci\u00f3n m\u00e9dica lo antes posible es crucial no s\u00f3lo para su salud, sino tambi\u00e9n para construir un caso s\u00f3lido de lesiones personales.<\/li>\n\n\n\n<li><strong>Has perdido el control de tu veh\u00edculo. <\/strong>Es posible que tengas un veh\u00edculo defectuoso con una llamada a revisi\u00f3n conocida por un problema del que deber\u00edas haber sido informado. Podr\u00edas haber perdido el control y no haber sido culpa tuya.<\/li>\n\n\n\n<li><strong>Ser golpeado frontalmente por otro veh\u00edculo<\/strong>. Los accidentes de varios coches pueden ser complejos. Cuando se trata de cuestiones de seguros y determinar la responsabilidad, estas situaciones se manejan mejor por un abogado con experiencia en lesiones personales Conshohocken.<\/li>\n\n\n\n<li><strong>Las aseguradoras de otros conductores le ofrecen un acuerdo a la baja<\/strong>. Hable con un abogado antes de firmar cualquier acuerdo. Abstente de aceptar el pago si crees que mereces m\u00e1s por tus lesiones.<\/li>\n\n\n\n<li><a><\/a> <strong>Las lesiones graves pueden ser permanentes.<\/strong> Por desgracia, las lesiones que debilitan la vida pueden suponer una atenci\u00f3n m\u00e9dica m\u00e1s costosa.<\/li>\n\n\n\n<li><strong>La muerte por negligencia es frecuente en los accidentes graves.<\/strong> Si un ser querido falleci\u00f3 como consecuencia de las lesiones sufridas en un accidente de tr\u00e1fico o muri\u00f3 en el impacto, se puede presentar una demanda por homicidio culposo.<\/li>\n<\/ul>\n\n\n\n<h3 class=\"wp-block-heading\">P\u00f3ngase en contacto hoy mismo con MyPhillyLawyer<\/h3>\n\n\n\n<p>P\u00f3ngase en contacto con nuestro MyPhillyLawyer para una evaluaci\u00f3n gratuita de su reclamaci\u00f3n. <a href=\"https:\/\/www.myphillylawyer.com\/es\/acerca-de\/\">Nuestro bufete Philadelphia<\/a> recupera millones de d\u00f3lares anuales para sus clientes. Buscamos compensaci\u00f3n para todo tipo de lesiones y <a href=\"https:\/\/www.myphillylawyer.com\/es\/areas-de-practica\/accidentes-de-trafico-2\/accidente-de-coche-mortal\/\">muerte por negligencia en accidentes de tr\u00e1fico<\/a>,\u00a0<a href=\"https:\/\/www.myphillylawyer.com\/es\/areas-de-practica\/negligencia-medica\/\">negligencia m\u00e9dica<\/a>,\u00a0<a href=\"https:\/\/www.myphillylawyer.com\/es\/areas-de-practica\/lesiones-de-nacimiento\/\">lesiones de nacimiento<\/a>,\u00a0<a href=\"https:\/\/www.myphillylawyer.com\/es\/zonas-atendidas\/conshohocken\/abogados-de-accidentes-laborales-3\/\">accidentes laborales y lesiones relacionadas con el trabajo<\/a>, <a href=\"https:\/\/www.myphillylawyer.com\/es\/areas-de-practica\/accidentes-de-trafico-2\/carreteras-peligrosas-y-accidentes-en-zonas-en-obras\/\">accidentes causados por condiciones peligrosas<\/a>,\u00a0<a href=\"https:\/\/www.myphillylawyer.com\/es\/areas-de-practica\/negligencia-medica\/errores-de-medicacion\/\">errores de medicaci\u00f3n<\/a>\u00a0y\u00a0<a href=\"https:\/\/www.myphillylawyer.com\/es\/areas-de-practica\/negligencia-medica\/abuso-en-residencias-de-ancianos\/\">maltrato de ancianos<\/a>y\u00a0<a href=\"https:\/\/www.myphillylawyer.com\/es\/areas-de-practica\/danos-personales\/responsabilidad-del-producto\/\">lesiones causadas por productos peligrosos<\/a>.<\/p>\n\n\n\n<p><a href=\"https:\/\/www.myphillylawyer.com\/es\/pongase-en-contacto-con\/\">Contacto MyPhillyLawyer<\/a>&nbsp;si ha sufrido lesiones en un accidente de lesiones personales Conshohocken y necesita representaci\u00f3n legal. Inf\u00f3rmese sobre su derecho a presentar una demanda contra la parte negligente que caus\u00f3 sus lesiones y p\u00e9rdidas.<\/p>","protected":false},"excerpt":{"rendered":"<p>Conshohocken Abogados de lesiones personales Aunque algunos supervivientes de accidentes creen que podr\u00edan representarse a s\u00ed mismos, esto nunca es una buena idea cuando se trata de una compa\u00f1\u00eda de seguros. Las compa\u00f1\u00edas de seguros no son sus amigos y no existen para pagar todas las reclamaciones presentadas. Si ellos pueden encontrar una manera de reducir o negar su reclamo por accidente, ellos...<\/p>","protected":false},"author":9,"featured_media":10928,"parent":9880,"menu_order":0,"comment_status":"closed","ping_status":"closed","template":"","meta":{"_acf_changed":false,"jetpack_post_was_ever_published":false,"footnotes":""},"class_list":["post-9900","page","type-page","status-publish","has-post-thumbnail","hentry"],"acf":[],"jetpack_sharing_enabled":true,"_links":{"self":[{"href":"https:\/\/www.myphillylawyer.com\/es\/wp-json\/wp\/v2\/pages\/9900","targetHints":{"allow":["GET"]}}],"collection":[{"href":"https:\/\/www.myphillylawyer.com\/es\/wp-json\/wp\/v2\/pages"}],"about":[{"href":"https:\/\/www.myphillylawyer.com\/es\/wp-json\/wp\/v2\/types\/page"}],"author":[{"embeddable":true,"href":"https:\/\/www.myphillylawyer.com\/es\/wp-json\/wp\/v2\/users\/9"}],"replies":[{"embeddable":true,"href":"https:\/\/www.myphillylawyer.com\/es\/wp-json\/wp\/v2\/comments?post=9900"}],"version-history":[{"count":6,"href":"https:\/\/www.myphillylawyer.com\/es\/wp-json\/wp\/v2\/pages\/9900\/revisions"}],"predecessor-version":[{"id":13878,"href":"https:\/\/www.myphillylawyer.com\/es\/wp-json\/wp\/v2\/pages\/9900\/revisions\/13878"}],"up":[{"embeddable":true,"href":"https:\/\/www.myphillylawyer.com\/es\/wp-json\/wp\/v2\/pages\/9880"}],"wp:featuredmedia":[{"embeddable":true,"href":"https:\/\/www.myphillylawyer.com\/es\/wp-json\/wp\/v2\/media\/10928"}],"wp:attachment":[{"href":"https:\/\/www.myphillylawyer.com\/es\/wp-json\/wp\/v2\/media?parent=9900"}],"curies":[{"name":"wp","href":"https:\/\/api.w.org\/{rel}","templated":true}]}}