{"id":9905,"date":"2023-03-07T17:11:00","date_gmt":"2023-03-07T22:11:00","guid":{"rendered":"https:\/\/www.myphillylawyer.com\/?page_id=9905"},"modified":"2025-09-30T18:25:23","modified_gmt":"2025-09-30T23:25:23","slug":"abogados-de-accidentes-de-coche-2","status":"publish","type":"page","link":"https:\/\/www.myphillylawyer.com\/es\/zonas-atendidas\/upper-darby\/abogados-de-accidentes-de-coche-2\/","title":{"rendered":"Upper Darby Abogados de accidentes de coche"},"content":{"rendered":"<h2 class=\"wp-block-heading\">Upper Darby Abogados de accidentes de coche<\/h2>\n\n\n\n<p>Lo peor que te puede pasar en un d\u00eda es dirigirte a alg\u00fan sitio y verte implicado en una colisi\u00f3n. Es aterrador. \u00bfQu\u00e9 pasa despu\u00e9s? \u00bfQu\u00e9 se hace? \u00bfDe qui\u00e9n es el seguro que va a pagar los da\u00f1os y lesiones? En MyPhillyLawyer, nuestro <a href=\"https:\/\/www.myphillylawyer.com\/es\/areas-de-practica\/accidentes-de-trafico-2\/\">Upper Darby abogados de accidentes de coche<\/a> tienen todas las respuestas a esas preguntas.<\/p>\n\n\n\n<p>Si usted fue golpeado por otro autom\u00f3vil, cami\u00f3n de 18 ruedas, camioneta, autob\u00fas, o conductor de entrega, usted debe hablar con nuestro equipo experimentado hoy. Podemos ayudar a evaluar su situaci\u00f3n, asesorar sobre c\u00f3mo recibir la atenci\u00f3n adecuada para sus lesiones, y preparar su caso para el mejor resultado.<\/p>\n\n\n\n<p><a href=\"https:\/\/www.myphillylawyer.com\/es\/\">MyPhillyLawyer<\/a> puede ayudarle a recuperar su vida tras un <a href=\"https:\/\/www.myphillylawyer.com\/es\/zonas-atendidas\/bensalem\/abogado-de-accidente-de-coche\/\">accidente de tr\u00e1fico<\/a>. Entendemos lo dif\u00edcil que puede ser hacerlo. <a href=\"https:\/\/www.myphillylawyer.com\/es\/abogados\/\">Nuestros abogados de accidentes de tr\u00e1fico<\/a> est\u00e1n listos para proteger sus mejores intereses dentro y fuera de la sala del tribunal para obtener la compensaci\u00f3n que se merece.<\/p>\n\n\n\n<h3 class=\"wp-block-heading\">Qu\u00e9 significa \"responsabilidad limitada\" en t\u00e9rminos de cobertura del seguro<\/h3>\n\n\n\n<p>Una de las cosas m\u00e1s importantes que debe tener en cuenta es que si elige un seguro de veh\u00edculo con la opci\u00f3n de \"responsabilidad civil limitada\", para ahorrar en los costes de la prima, est\u00e1 limitado en lo que puede recuperar tras un accidente. Elegir el seguro de responsabilidad civil limitada significa que no puede demandar por da\u00f1os morales. Sin embargo, hay excepciones.<\/p>\n\n\n\n<p>Las excepciones son:<\/p>\n\n\n\n<ul class=\"wp-block-list\">\n<li>Un accidente en el que est\u00e9 implicado un veh\u00edculo comercial: cualquier tipo de veh\u00edculo de motor utilizado para transportar mercanc\u00edas o pagar a clientes. Puede tratarse de un cami\u00f3n de reparto o incluso de un <a href=\"https:\/\/www.myphillylawyer.com\/es\/areas-de-practica\/accidentes-de-trafico-2\/accidentes-de-coche-uber\/\">Uber<\/a>\/<a href=\"https:\/\/www.myphillylawyer.com\/es\/areas-de-practica\/accidentes-de-trafico-2\/abogados-de-accidentes-lyft\/\">Veh\u00edculo Lyft<\/a>.&nbsp;<\/li>\n\n\n\n<li>Un veh\u00edculo de alquiler, como un troleb\u00fas o un autob\u00fas de la Southeastern Pennsylvania Transportation Authority (SEPTA).<\/li>\n\n\n\n<li>Un veh\u00edculo conducido por alguien condenado por DUI o DUI-D.<\/li>\n\n\n\n<li>Un accidente de moto.<\/li>\n\n\n\n<li>Un accidente con un veh\u00edculo de otro estado, no registrado en Pensilvania.<\/li>\n<\/ul>\n\n\n\n<h3 class=\"wp-block-heading\">Upper Darby Carreteras famosas por sus accidentes<\/h3>\n\n\n\n<p>En 2019, Pensilvania tuvo 125,267 choques que cobraron la vida de 1,059 personas y lesionaron a otras 76,243. La mayor\u00eda de las reclamaciones por lesiones son el resultado de colisiones frontales, colisiones traseras o choques con el hueso en T\/impacto lateral. Es importante que los conductores practiquen una conducci\u00f3n segura en todo momento. Ni siquiera los mejores mecanismos y precauciones de seguridad pueden evitar todos los peligros de una colisi\u00f3n. <a href=\"https:\/\/www.myphillylawyer.com\/es\/zonas-atendidas\/bensalem\/abogado-de-accidente-de-coche\/\">grave accidente de coche<\/a>.<\/p>\n\n\n\n<p>Upper Darby se encuentra en el condado de Delaware. Ocupa el tercer lugar con el mayor n\u00famero de accidentes automovil\u00edsticos para 2019. Las estad\u00edsticas de PennDOT revelaron que el condado de Delaware tuvo m\u00e1s de 4,900 choques, con m\u00e1s de 2,300 que resultaron en lesiones y 30 muertes.<\/p>\n\n\n\n<p>Los accidentes ocurren por varias razones, pero las causas m\u00e1s comunes de un accidente de coche Upper Darby son:<\/p>\n\n\n\n<ul class=\"wp-block-list\">\n<li>Carreteras mal mantenidas;<\/li>\n\n\n\n<li><a href=\"https:\/\/www.myphillylawyer.com\/es\/areas-de-practica\/accidentes-de-trafico-2\/las-intersecciones-y-carreteras-mas-peligrosas-de-filadelfia\/\">Intersecciones peligrosas<\/a><\/li>\n\n\n\n<li>Conductores sin experiencia;<\/li>\n\n\n\n<li>Conductores distra\u00eddos;<\/li>\n\n\n\n<li>Veh\u00edculos defectuosos;<\/li>\n\n\n\n<li>Conducir bajo los efectos del alcohol o las drogas;<\/li>\n\n\n\n<li>Veh\u00edculos con mantenimiento deficiente o inadecuado;<\/li>\n\n\n\n<li>Conducci\u00f3n temeraria y negligente;<\/li>\n\n\n\n<li>Tailgating;<\/li>\n\n\n\n<li>Falta de se\u00f1alizaci\u00f3n;<\/li>\n\n\n\n<li>No obedecer las se\u00f1ales de tr\u00e1fico;<\/li>\n\n\n\n<li>Camiones mal cargados;<\/li>\n\n\n\n<li>Conducir con somnolencia;<\/li>\n\n\n\n<li>Conducci\u00f3n nocturna;<\/li>\n\n\n\n<li>Conducci\u00f3n en sentido contrario;<\/li>\n\n\n\n<li>Giros indebidos; y<\/li>\n\n\n\n<li>Cambios de carril indebidos.<\/li>\n<\/ul>\n\n\n\n<h3 class=\"wp-block-heading\">Accidentes de tr\u00e1fico en Upper Darby<\/h3>\n\n\n\n<p>En MyPhillyLawyer, estamos muy familiarizados con las carreteras peligrosas en el \u00e1rea de Upper Darby. Carreteras como Route 476, Route 252, Route 202, Route 320, Gradyville Road, Sproul Road\/Providence Avenue y West Chester Pike (Route 3) pueden ser caminos peligrosos para los conductores.<\/p>\n\n\n\n<p>Otras rutas peligrosas son:<\/p>\n\n\n\n<ul class=\"wp-block-list\">\n<li>Ruta 1 de EE.UU., o US-1 Baltimore Pike<\/li>\n\n\n\n<li>Ruta 291, o Avenida Bartram o Calle Segunda<\/li>\n\n\n\n<li>I-95, o autopista Vietnam Veterans Memorial<\/li>\n\n\n\n<li>Bulevar MacDade<\/li>\n\n\n\n<li>Carretera de Newtown Street\/Carretera de Palmers Mill<\/li>\n\n\n\n<li>Carretera de Bethel<\/li>\n\n\n\n<li>Calle Market\/Carretera Pennell<\/li>\n\n\n\n<li>Chester Pike\/Calle Novena<\/li>\n\n\n\n<li>Avenida Lancaster<\/li>\n<\/ul>\n\n\n\n<p>Otras carreteras colindantes a estas v\u00edas principales pueden convertirse en el escenario de un accidente en cualquier momento. Sabemos lo que es tratar de recoger los pedazos de su vida despu\u00e9s de un accidente de coche Upper Darby. Por eso investigamos a fondo, reunimos pruebas y preparamos un caso s\u00f3lido en su defensa.<\/p>\n\n\n\n<h3 class=\"wp-block-heading\">Causas comunes de accidentes de tr\u00e1fico en Upper Darby<\/h3>\n\n\n\n<p>Nadie quiere verse implicado en un accidente grave, pero puede ocurrir. Es importante que los conductores adopten medidas de seguridad en todo momento. Si has estado <a href=\"https:\/\/www.myphillylawyer.com\/es\/zonas-atendidas\/norristown\/abogados-de-accidentes-de-coche-2\/\">implicado en un accidente de coche<\/a>puede deberse a diversos factores. Es importante <a href=\"https:\/\/www.myphillylawyer.com\/es\/pongase-en-contacto-con\/\">hable con un abogado experimentado de Pensilvania<\/a> para hablar de sus pr\u00f3ximos pasos.<\/p>\n\n\n\n<p>Los tipos m\u00e1s comunes de causas de accidentes de tr\u00e1fico Upper Darby incluyen:<\/p>\n\n\n\n<ul class=\"wp-block-list\">\n<li><a href=\"https:\/\/www.myphillylawyer.com\/es\/areas-de-practica\/accidentes-de-trafico-2\/accidentes-por-conducir-ebrio\/\">DWI\/DUI<\/a><\/li>\n\n\n\n<li><a href=\"https:\/\/www.myphillylawyer.com\/es\/areas-de-practica\/accidentes-de-trafico-2\/accidentes-por-conduccion-distraida\/\">Conducci\u00f3n distra\u00edda<\/a><\/li>\n\n\n\n<li>Mensajes de texto<\/li>\n\n\n\n<li><a href=\"https:\/\/www.myphillylawyer.com\/es\/areas-de-practica\/accidentes-de-trafico-2\/accidentes-por-exceso-de-velocidad\/\">Exceso de velocidad<\/a><\/li>\n\n\n\n<li><a href=\"https:\/\/www.myphillylawyer.com\/es\/areas-de-practica\/accidentes-de-trafico-2\/accidente-de-trafico-por-conduccion-agresiva\/\">Conducci\u00f3n agresiva<\/a><\/li>\n\n\n\n<li><a href=\"https:\/\/www.myphillylawyer.com\/es\/medios-de-comunicacion\/legal-articles\/los-conductores-fatigados-cada-vez-mas-implicados-en-accidentes-mortales\/\">Fatiga\/Agotamiento<\/a><\/li>\n\n\n\n<li><a href=\"https:\/\/www.myphillylawyer.com\/es\/areas-de-practica\/accidentes-de-trafico-2\/carreteras-peligrosas-y-accidentes-en-zonas-en-obras\/\">Residuos de la carretera<\/a><\/li>\n\n\n\n<li>Mal tiempo<\/li>\n<\/ul>\n\n\n\n<p>La lista de lo que puede causar un <a href=\"https:\/\/www.myphillylawyer.com\/es\/areas-de-practica\/accidentes-de-trafico-2\/\">accidente de coche en Pennsylvania<\/a> suele ser larga y puede incluir otros motivos, como ir detr\u00e1s de alguien, la rabia al volante, saltarse sem\u00e1foros o se\u00f1ales, conducci\u00f3n nocturna, conducci\u00f3n y giros en sentido contrario y defectos del veh\u00edculo. Cada accidente es diferente. Las lesiones en cada accidente son diferentes. El resultado de cada caso tambi\u00e9n es diferente. En MyPhillyLawyer, nos enorgullecemos de trabajar con cada cliente con una historia \u00fanica y con un resultado \u00fanico.<\/p>\n\n\n\n<h3 class=\"wp-block-heading\">Lesiones comunes en un accidente de coche Upper Darby<\/h3>\n\n\n\n<p><a href=\"https:\/\/www.myphillylawyer.com\/es\/zonas-atendidas\/doylestown\/abogados-de-accidentes-de-coche-2\/\">Accidentes de tr\u00e1fico<\/a> pueden provocar lesiones graves e incluso la muerte. Aunque los implicados en una colisi\u00f3n puedan tener lesiones similares, no hay dos heridas, huesos rotos o traumatismos craneoencef\u00e1licos iguales.&nbsp;<\/p>\n\n\n\n<p>Las lesiones m\u00e1s comunes sufridas en un accidente de coche Upper Darby pueden incluir:<\/p>\n\n\n\n<ul class=\"wp-block-list\">\n<li><strong><a href=\"https:\/\/www.myphillylawyer.com\/es\/areas-de-practica\/danos-personales\/lesiones-graves\/fracturas\/\">Fracturas \u00f3seas <\/a><\/strong>- La gravedad suele estar relacionada con la fuerza, el peso y la velocidad de la colisi\u00f3n.<\/li>\n\n\n\n<li><strong><a href=\"https:\/\/www.myphillylawyer.com\/es\/areas-de-practica\/danos-personales\/lesiones-graves\/quemaduras\/\">Quemaduras y laceraciones<\/a><\/strong> - Este tipo de da\u00f1os suelen dejar cicatrices permanentes, dependiendo de la gravedad de las lesiones.<\/li>\n\n\n\n<li><strong>Traumatismo craneal <\/strong>- Los traumatismos craneoencef\u00e1licos implican da\u00f1os en el cuello y pueden variar en gravedad, como una conmoci\u00f3n cerebral leve o un <a href=\"https:\/\/www.myphillylawyer.com\/es\/areas-de-practica\/danos-personales\/lesiones-graves\/lesion-cerebral-traumatica\/\">lesi\u00f3n cerebral traum\u00e1tica<\/a>. Un diagn\u00f3stico m\u00e9dico adecuado es fundamental para garantizar que se inicie el tratamiento adecuado desde el principio.<\/li>\n\n\n\n<li><strong><a href=\"https:\/\/www.myphillylawyer.com\/es\/areas-de-practica\/danos-personales\/lesiones-graves\/lesiones-medulares\/\">Lesiones de m\u00e9dula espinal y espalda<\/a> <\/strong>- La rotura de discos, las lesiones de la columna tor\u00e1cica, las fracturas y los problemas de la columna lumbar son algunas de las lesiones m\u00e1s comunes que pueden producirse tras un accidente de tr\u00e1fico. <a href=\"https:\/\/www.myphillylawyer.com\/es\/zonas-atendidas\/arboleda-de-sauces\/abogado-de-accidente-de-coche\/\">accidente de tr\u00e1fico<\/a>. Estas lesiones pueden no manifestarse hasta el d\u00eda siguiente. Acudir inmediatamente a un servicio de urgencias o a un especialista es crucial para elaborar un plan de recuperaci\u00f3n s\u00f3lido.<\/li>\n\n\n\n<li><strong>Par\u00e1lisis <\/strong>- Las lesiones medulares pueden provocar monoplej\u00eda, que afecta a un brazo o una pierna, hemiplej\u00eda, que afecta a un brazo y una pierna del mismo lado del cuerpo, paraplej\u00eda, que afecta a ambas piernas, o tetraplej\u00eda, que afecta a ambos brazos y piernas.<\/li>\n\n\n\n<li><strong>Muerte<\/strong> - Si un <a href=\"https:\/\/www.myphillylawyer.com\/es\/areas-de-practica\/accidentes-de-trafico-2\/accidente-de-coche-mortal\/\">un ser querido muere en una colisi\u00f3n<\/a>los familiares supervivientes pueden tener derecho a una indemnizaci\u00f3n por los gastos m\u00e9dicos, los salarios perdidos y los gastos funerarios y de entierro derivados de ese fallecimiento. Es lo que se conoce como <a href=\"https:\/\/www.myphillylawyer.com\/es\/areas-de-practica\/danos-personales\/lesiones-graves\/muerte-por-negligencia\/\">reclamaci\u00f3n por muerte injusta<\/a>.<\/li>\n<\/ul>\n\n\n\n<h3 class=\"wp-block-heading\">Qu\u00e9 hacer tras un accidente de tr\u00e1fico Upper Darby<\/h3>\n\n\n\n<p>Al principio, tras un accidente, el cuerpo puede entrar en estado de shock. En el momento, puede ser dif\u00edcil <a href=\"https:\/\/www.myphillylawyer.com\/es\/areas-de-practica\/accidentes-de-trafico-2\/que-hacer-en-caso-de-accidente-de-trafico\/\">determinar los mejores pasos a seguir<\/a>. Si usted o un ser querido <a href=\"https:\/\/www.myphillylawyer.com\/es\/zonas-atendidas\/conshohocken\/abogados-de-accidentes-de-coche-2\/\">implicado en un accidente de coche<\/a>es importante que no te muevas del lugar donde te has parado. Comprueba si t\u00fa y los pasajeros est\u00e1is heridos.&nbsp;<\/p>\n\n\n\n<p>Debe permanecer en el lugar y llamar a la polic\u00eda. Despu\u00e9s, deber\u00edas:<\/p>\n\n\n\n<ol class=\"wp-block-list\">\n<li><strong>P\u00f3ngase en contacto con la polic\u00eda,<\/strong><br>Pide que redacten el atestado en el lugar del accidente. Intenta conseguir los datos de contacto y del seguro de todos los conductores presentes en el lugar del accidente. Facilita tu seguro y tus datos de contacto. \u00bfHubo testigos presenciales? Consigue sus datos.&nbsp;<br><\/li>\n\n\n\n<li><strong>Capture im\u00e1genes del lugar del accidente,<\/strong><br>Si puedes, utiliza tu tel\u00e9fono para hacer fotos del lugar del accidente. Tienes que hacer fotos de todos los dem\u00e1s veh\u00edculos implicados y de las posiciones de descanso de los veh\u00edculos. Tambi\u00e9n es necesario tomar fotos de los da\u00f1os a su veh\u00edculo, los da\u00f1os a los otros veh\u00edculos, la carretera, escombros, condiciones de la carretera, y cualquier otro elemento pertinente, como una se\u00f1al de stop oscurecida.<br><\/li>\n\n\n\n<li><strong>Hable con su compa\u00f1\u00eda de seguros,<\/strong><br>Debes ponerte en contacto con tu seguro de coche para informarles del accidente. No responda a las preguntas de \"cualquier\" perito de seguros. Espere a hablar con un abogado.<br><\/li>\n\n\n\n<li><strong>Busque atenci\u00f3n m\u00e9dica.<\/strong><br>Si no vas al hospital, acude al m\u00e9dico lo antes posible. Debes dejar constancia escrita de tus lesiones. Informa a tu m\u00e9dico de \"todas\" tus lesiones. Las lesiones leves pueden convertirse en algo peor. Haz fotos de \"todas\" tus lesiones.<\/li>\n<\/ol>\n\n\n\n<p>Si a\u00fan no ha contratado a un abogado con experiencia, es importante que lleve un registro detallado de todos los gastos relacionados con tratamientos y terapias. Obtenga todas las pruebas recomendadas por su m\u00e9dico y especialistas. Obtenga una explicaci\u00f3n detallada de todas sus lesiones. Obtenga un plan de tratamiento para seguir y posiblemente mostrar en la corte.<\/p>\n\n\n\n<h3 class=\"wp-block-heading\">P\u00f3ngase en contacto hoy mismo con MyPhillyLawyer<\/h3>\n\n\n\n<p>Si usted o un ser querido sufri\u00f3 un accidente en Upper Darby, p\u00f3ngase en contacto con el abogado de lesiones personales de Upper Darby en MyPhillyLawyer de inmediato. En MyPhillyLawyer, nuestro <a href=\"https:\/\/www.myphillylawyer.com\/es\/abogados\/\">equipo especializado de abogados especializados en lesiones personales<\/a> est\u00e1 aqu\u00ed para ayudar.<\/p>\n\n\n\n<p>Nuestra <a href=\"https:\/\/www.myphillylawyer.com\/es\/zonas-atendidas\/upper-darby\/\">Upper Darby abogados de lesiones personales<\/a> entienden c\u00f3mo desafiar a las compa\u00f1\u00edas de seguros y luchar por la indemnizaci\u00f3n que usted merece. <a href=\"tel:1-215-227-2727\">Llame al MyPhillyLawyer al 215-227-2727<\/a> o <a href=\"tel:1-(866) 352-4572\">llamada gratuita al (866) 352-4572<\/a> para discutir su caso, derechos legales y opciones. Su consulta inicial es gratuita. Sin recuperaci\u00f3n, sin honorarios ni costes, garantizado.<\/p>","protected":false},"excerpt":{"rendered":"<p>Upper Darby Abogados de Accidentes de Coche Lo peor que te puede pasar en un d\u00eda es estar dirigi\u00e9ndote a alg\u00fan sitio y verte involucrado en una colisi\u00f3n. Es aterrador. \u00bfQu\u00e9 pasa despu\u00e9s? \u00bfQu\u00e9 va a hacer usted? \u00bfDe qui\u00e9n es el seguro que va a pagar los da\u00f1os y lesiones? En MyPhillyLawyer, nuestros abogados de accidentes de coche Upper Darby tienen todos...<\/p>","protected":false},"author":9,"featured_media":11022,"parent":9871,"menu_order":0,"comment_status":"closed","ping_status":"closed","template":"","meta":{"_acf_changed":false,"jetpack_post_was_ever_published":false,"footnotes":""},"class_list":["post-9905","page","type-page","status-publish","has-post-thumbnail","hentry"],"acf":[],"jetpack_sharing_enabled":true,"_links":{"self":[{"href":"https:\/\/www.myphillylawyer.com\/es\/wp-json\/wp\/v2\/pages\/9905","targetHints":{"allow":["GET"]}}],"collection":[{"href":"https:\/\/www.myphillylawyer.com\/es\/wp-json\/wp\/v2\/pages"}],"about":[{"href":"https:\/\/www.myphillylawyer.com\/es\/wp-json\/wp\/v2\/types\/page"}],"author":[{"embeddable":true,"href":"https:\/\/www.myphillylawyer.com\/es\/wp-json\/wp\/v2\/users\/9"}],"replies":[{"embeddable":true,"href":"https:\/\/www.myphillylawyer.com\/es\/wp-json\/wp\/v2\/comments?post=9905"}],"version-history":[{"count":6,"href":"https:\/\/www.myphillylawyer.com\/es\/wp-json\/wp\/v2\/pages\/9905\/revisions"}],"predecessor-version":[{"id":14032,"href":"https:\/\/www.myphillylawyer.com\/es\/wp-json\/wp\/v2\/pages\/9905\/revisions\/14032"}],"up":[{"embeddable":true,"href":"https:\/\/www.myphillylawyer.com\/es\/wp-json\/wp\/v2\/pages\/9871"}],"wp:featuredmedia":[{"embeddable":true,"href":"https:\/\/www.myphillylawyer.com\/es\/wp-json\/wp\/v2\/media\/11022"}],"wp:attachment":[{"href":"https:\/\/www.myphillylawyer.com\/es\/wp-json\/wp\/v2\/media?parent=9905"}],"curies":[{"name":"wp","href":"https:\/\/api.w.org\/{rel}","templated":true}]}}