{"id":9908,"date":"2023-03-07T17:32:47","date_gmt":"2023-03-07T22:32:47","guid":{"rendered":"https:\/\/www.myphillylawyer.com\/?page_id=9908"},"modified":"2025-07-31T16:36:51","modified_gmt":"2025-07-31T21:36:51","slug":"abogados-de-negligencia-medica-2","status":"publish","type":"page","link":"https:\/\/www.myphillylawyer.com\/es\/zonas-atendidas\/jenkintown\/abogados-de-negligencia-medica-2\/","title":{"rendered":"Jenkintown Abogados de negligencia m\u00e9dica"},"content":{"rendered":"<h1 class=\"wp-block-heading\">Jenkintown Abogados de negligencia m\u00e9dica<\/h1>\n\n\n\n<p>En <a href=\"https:\/\/www.myphillylawyer.com\/es\/areas-de-practica\/negligencia-medica\/\">Jenkintown abogados de negligencia m\u00e9dica en MyPhillyLawyer<\/a> han obtenido los mejores resultados para los clientes que han sufrido lesiones y enfermedades debido a la negligencia m\u00e9dica de un m\u00e9dico, hospital u otro profesional m\u00e9dico. <a href=\"https:\/\/www.myphillylawyer.com\/es\/abogados\/\">Nuestros abogados<\/a> han recuperado m\u00e1s de $500 millones en nombre de v\u00edctimas de lesiones en Philadelphia y alrededores. Los abogados de nuestro equipo apoyan con orgullo a nuestros clientes durante cada paso de sus reclamaciones por lesiones, asegur\u00e1ndose de que obtienen la m\u00e1xima indemnizaci\u00f3n a la que da derecho la ley. Quienes hayan sufrido lesiones o perdido a un ser querido por negligencia de un proveedor m\u00e9dico deben <a href=\"tel:1-215-227-2727\">p\u00f3ngase en contacto con MyPhillyLawyer en el 215-227-2727<\/a> para programar una consulta gratuita con un abogado con experiencia en negligencia m\u00e9dica de nuestro equipo.<\/p>\n\n\n\n<h3 class=\"wp-block-heading\">\u00bfQu\u00e9 es la negligencia m\u00e9dica en Pensilvania?<\/h3>\n\n\n\n<p>Seg\u00fan la jurisprudencia de Pensilvania, la negligencia m\u00e9dica se refiere al tratamiento negligente o no cualificado por parte de un profesional sanitario que se desv\u00eda de las normas aceptadas de atenci\u00f3n m\u00e9dica y provoca lesiones al paciente.<\/p>\n\n\n\n<p>El sistema de negligencia m\u00e9dica cumple dos funciones principales:<\/p>\n\n\n\n<ul class=\"wp-block-list\">\n<li>Indemnizar a las v\u00edctimas de negligencias<\/li>\n\n\n\n<li>Incentivar a los profesionales sanitarios para que presten una atenci\u00f3n segura y eficaz.<\/li>\n<\/ul>\n\n\n\n<p>Las v\u00edctimas de lesiones o sus familiares que deseen presentar una demanda por negligencia m\u00e9dica en Pensilvania deben demostrar lo siguiente:<\/p>\n\n\n\n<h4 class=\"wp-block-heading\">Violaci\u00f3n de las normas de asistencia<\/h4>\n\n\n\n<p>Aunque todos los profesionales de la medicina est\u00e1n sujetos a las normas de asistencia pertinentes en la comunidad m\u00e9dica, los m\u00e9dicos pueden variar de opini\u00f3n sobre la mejor manera de tratar a un paciente. Sin embargo, su tratamiento no puede desviarse de las normas aceptables. En los casos de negligencia m\u00e9dica en Pennsylvania, la v\u00edctima mantiene la carga de demostrar una violaci\u00f3n de la norma de atenci\u00f3n. Normalmente, la v\u00edctima debe utilizar un testigo experto para cumplir este requisito.<\/p>\n\n\n\n<h4 class=\"wp-block-heading\">Causa de hecho<\/h4>\n\n\n\n<p>Despu\u00e9s de que la v\u00edctima demuestre la violaci\u00f3n de la norma de atenci\u00f3n, debe probar que la negligencia del proveedor m\u00e9dico fue la causa real del da\u00f1o de la v\u00edctima.<\/p>\n\n\n\n<h4 class=\"wp-block-heading\">Mayor riesgo de da\u00f1os<\/h4>\n\n\n\n<p>En algunos casos de negligencia m\u00e9dica, la reclamaci\u00f3n se debe a que el profesional m\u00e9dico no diagnostic\u00f3 o trat\u00f3 una enfermedad o lesi\u00f3n. En estas situaciones, demostrar que la negligencia fue la causa real del da\u00f1o puede resultar sumamente dif\u00edcil. Sin embargo, las v\u00edctimas pueden prevalecer si demuestran que la negligencia del proveedor aument\u00f3 el riesgo de lesi\u00f3n.<\/p>\n\n\n\n<h4 class=\"wp-block-heading\">Da\u00f1os y perjuicios<\/h4>\n\n\n\n<p>Las v\u00edctimas de negligencia m\u00e9dica deben demostrar que han sufrido da\u00f1os y perjuicios debido a la negligencia del profesional m\u00e9dico.<\/p>\n\n\n\n<h3 class=\"wp-block-heading\">\u00bfCu\u00e1l es el requisito para obtener el Certificado de M\u00e9rito?<\/h3>\n\n\n\n<p>Adem\u00e1s de los requisitos anteriores, Pensilvania exige que los demandantes presenten un certificado de m\u00e9ritos. El certificado de m\u00e9ritos es una declaraci\u00f3n de un \"profesional autorizado apropiado\" que verifica que el experto cree que el demandante tiene una reclamaci\u00f3n viable. El experto debe examinar la reclamaci\u00f3n y dar fe de que existe una base para determinar que la conducta del profesional m\u00e9dico no se ajust\u00f3 a las normas aplicables y contribuy\u00f3 al da\u00f1o del paciente.<\/p>\n\n\n\n<p>En los \u00faltimos 40 a\u00f1os, la negligencia m\u00e9dica se ha convertido en uno de los problemas sanitarios m\u00e1s acuciantes del pa\u00eds. La negligencia m\u00e9dica es un problema de salud p\u00fablica, ya que supone un grave riesgo de lesi\u00f3n, enfermedad, discapacidad o muerte del paciente. Las v\u00edctimas de negligencia m\u00e9dica en Jenkintown deben <a href=\"https:\/\/www.myphillylawyer.com\/es\/pongase-en-contacto-con\/\">consulte a un abogado con experiencia<\/a> para hablar de sus derechos y recursos.<\/p>\n\n\n\n<h3 class=\"wp-block-heading\">Demandas comunes por negligencia m\u00e9dica en Jenkintown<\/h3>\n\n\n\n<p>Seg\u00fan un <a href=\"https:\/\/www.hsph.harvard.edu\/news\/press-releases\/millions-harmed-each-year-from-unsafe-medical-care\/\" target=\"_blank\" rel=\"noopener\">estudio hist\u00f3rico de la Escuela de Salud P\u00fablica de Harvard (HSPH)<\/a>m\u00e1s de 43 millones de personas sufren lesiones en todo el mundo a causa de una atenci\u00f3n m\u00e9dica insegura. Adem\u00e1s, los errores m\u00e9dicos son la tercera causa de muerte en el pa\u00eds. Los errores m\u00e9dicos pueden deberse a la conducta negligente de m\u00e9dicos tratantes, cirujanos, enfermeras, auxiliares m\u00e9dicos, farmac\u00e9uticos y otros profesionales sanitarios. Adem\u00e1s, los hospitales, residencias de ancianos, centros de rehabilitaci\u00f3n y centros de asistencia a largo plazo pueden ser responsables de negligencia m\u00e9dica.<\/p>\n\n\n\n<p>Hay cerca de 90 hospitales en o cerca de Jenkintown, PA, y cientos de m\u00e9dicos individuales, centros de rehabilitaci\u00f3n y otros centros de salud. La alta concentraci\u00f3n de centros en torno a Philadelphia hace que a menudo los centros hospitalarios y las consultas privadas exijan a sus proveedores que atiendan al mayor n\u00famero posible de pacientes. Estas presiones suelen tener un coste para la atenci\u00f3n y la seguridad de los pacientes.<\/p>\n\n\n\n<p>Los principales tipos de negligencia m\u00e9dica son:<\/p>\n\n\n\n<ul class=\"wp-block-list\">\n<li><a href=\"https:\/\/www.myphillylawyer.com\/es\/areas-de-practica\/lesiones-de-nacimiento\/\">Lesiones durante el parto<\/a>,<\/li>\n\n\n\n<li><a href=\"https:\/\/www.myphillylawyer.com\/es\/areas-de-practica\/negligencia-medica\/tratamiento-diagnostico-inadecuado\/\">Retraso o ausencia de diagn\u00f3stico<\/a>,<\/li>\n\n\n\n<li>Falta de tratamiento, y<\/li>\n\n\n\n<li><a href=\"https:\/\/www.myphillylawyer.com\/es\/areas-de-practica\/negligencia-medica\/error-quirurgico\/\">Errores quir\u00fargicos<\/a>.<\/li>\n<\/ul>\n\n\n\n<h4 class=\"wp-block-heading\">Lesiones durante el parto<\/h4>\n\n\n\n<p>Las lesiones antes, durante o despu\u00e9s del parto pueden tener consecuencias para toda la vida. Las lesiones en el parto pueden deberse a:<\/p>\n\n\n\n<ul class=\"wp-block-list\">\n<li>Atenci\u00f3n prenatal deficiente;<\/li>\n\n\n\n<li>Administraci\u00f3n incorrecta de la medicaci\u00f3n;<\/li>\n\n\n\n<li>Uso inadecuado de aspiradores, f\u00f3rceps y otros instrumentos de parto; y<\/li>\n\n\n\n<li>No reconocer el sufrimiento fetal.<\/li>\n<\/ul>\n\n\n\n<p>Estos sucesos pueden provocar afecciones como las siguientes:<\/p>\n\n\n\n<ul class=\"wp-block-list\">\n<li><a href=\"https:\/\/www.myphillylawyer.com\/es\/areas-de-practica\/lesiones-de-nacimiento\/lesion-cerebral-hipoxica\/\">Da\u00f1o cerebral<\/a>,<\/li>\n\n\n\n<li><a href=\"https:\/\/www.myphillylawyer.com\/es\/areas-de-practica\/lesiones-de-nacimiento\/paralisis-cerebral\/\">Par\u00e1lisis cerebral<\/a>,<\/li>\n\n\n\n<li>Par\u00e1lisis facial, y<\/li>\n\n\n\n<li><a href=\"https:\/\/www.myphillylawyer.com\/es\/areas-de-practica\/lesiones-de-nacimiento\/distocia-de-hombros\/\">Distocia de hombros<\/a>.<\/li>\n<\/ul>\n\n\n\n<p>Seg\u00fan un informe del <a href=\"https:\/\/www.hcup-us.ahrq.gov\/reports\/statbriefs\/sb74.jsp\" target=\"_blank\" rel=\"noopener\">Agencia de Investigaci\u00f3n y Calidad Sanitarias<\/a>m\u00e1s de 155.000 lesiones de madres y reci\u00e9n nacidos ocurridas durante el parto pod\u00edan haberse evitado. Adem\u00e1s, casi 9.000 hospitalizaciones por lesiones maternas y neonatales se debieron a traumatismos en el parto o lesiones en el lactante.<\/p>\n\n\n\n<h4 class=\"wp-block-heading\">Diagn\u00f3stico tard\u00edo u omitido<\/h4>\n\n\n\n<p>Aunque los diagn\u00f3sticos retrasados y omitidos son similares, estos errores de diagn\u00f3stico var\u00edan en algunos aspectos, en particular a la luz de las leyes pertinentes sobre negligencia m\u00e9dica. Sin embargo, en cualquier caso, estos casos suelen surgir cuando el hecho de que un profesional m\u00e9dico no trate adecuadamente a un paciente hace que \u00e9ste experimente el empeoramiento o la progresi\u00f3n de una dolencia.<\/p>\n\n\n\n<h4 class=\"wp-block-heading\">Falta de tratamiento<\/h4>\n\n\n\n<p>Los profesionales m\u00e9dicos que no tratan a un paciente por una enfermedad pueden ser responsables en virtud de la legislaci\u00f3n estatal sobre negligencia m\u00e9dica. Las reclamaciones por omisi\u00f3n de tratamiento pueden derivarse de lo siguiente:<\/p>\n\n\n\n<ul class=\"wp-block-list\">\n<li>No controlar el estado del paciente;<\/li>\n\n\n\n<li>No realizar las pruebas requeridas;<\/li>\n\n\n\n<li>No aconsejar al paciente sobre los tratamientos disponibles;<\/li>\n\n\n\n<li>Falta de seguimiento despu\u00e9s de procedimientos o an\u00e1lisis de laboratorio; y<\/li>\n\n\n\n<li>Incumplimiento de las normas aceptables de atenci\u00f3n sanitaria.<\/li>\n<\/ul>\n\n\n\n<p>Los pacientes v\u00edctimas de la omisi\u00f3n de tratamiento por parte de un profesional m\u00e9dico pueden experimentar sufrimientos indebidos e invalidez o muerte de por vida.<\/p>\n\n\n\n<h4 class=\"wp-block-heading\">Errores quir\u00fargicos<\/h4>\n\n\n\n<p>Todas las cirug\u00edas entra\u00f1an alg\u00fan riesgo, pero estos riesgos se elevan al nivel de negligencia cuando un error evitable de un profesional sanitario causa lesiones o la muerte de un paciente. Un cirujano u otro profesional m\u00e9dico puede ser considerado <a href=\"https:\/\/www.myphillylawyer.com\/es\/areas-de-practica\/negligencia-medica\/error-quirurgico\/\">responsable de un error quir\u00fargico<\/a> si su incompetencia, la falta de planificaci\u00f3n preoperatoria, un proceso de trabajo inadecuado o una comunicaci\u00f3n deficiente provocan un error quir\u00fargico. Estos sucesos pueden causar al paciente lesiones involuntarias, hospitalizaci\u00f3n prolongada, discapacidad f\u00edsica o la muerte.<\/p>\n\n\n\n<p>Adem\u00e1s del inconmensurable coste del sufrimiento humano y de la profunda huella que la negligencia m\u00e9dica deja en las v\u00edctimas y sus familias, los estudios demuestran que los errores m\u00e9dicos cuestan aproximadamente 1.000 millones de euros al a\u00f1o. <a href=\"https:\/\/pubmed.ncbi.nlm.nih.gov\/29763131\/\" target=\"_blank\" rel=\"noopener\">$20 mil millones al a\u00f1o<\/a>. En consecuencia, redunda en inter\u00e9s de todas las partes que las v\u00edctimas de lesiones <a href=\"https:\/\/www.myphillylawyer.com\/es\/pongase-en-contacto-con\/\">consulte con un abogado<\/a> para determinar la mejor manera de seguir adelante con una demanda por negligencia m\u00e9dica en Jenkintown.<\/p>\n\n\n\n<h3 class=\"wp-block-heading\">\u00bfCu\u00e1l es el plazo de prescripci\u00f3n de las demandas por negligencia m\u00e9dica en Pensilvania?<\/h3>\n\n\n\n<p>El plazo de prescripci\u00f3n se refiere al tiempo de que dispone una parte para iniciar una demanda por da\u00f1os y perjuicios contra una parte negligente. En <a href=\"https:\/\/www.legis.state.pa.us\/WU01\/LI\/LI\/CT\/HTM\/42\/00.055.024.000..HTM\" target=\"_blank\" rel=\"noopener\">prescripci\u00f3n<\/a> para las demandas por negligencia m\u00e9dica en Pensilvania es de dos a\u00f1os. En consecuencia, las v\u00edctimas de negligencia m\u00e9dica deben presentar su demanda dentro de los dos a\u00f1os siguientes a la fecha en que descubrieron o razonablemente deber\u00edan haber descubierto que sus lesiones fueron consecuencia de una negligencia m\u00e9dica.<\/p>\n\n\n\n<p>Hist\u00f3ricamente, la ley de caducidad de Pensilvania en virtud de la <a href=\"https:\/\/www.health.pa.gov\/topics\/Documents\/Laws%20and%20Regulations\/Act%2013%20of%202002.pdf\" target=\"_blank\" rel=\"noopener\">Disponibilidad de asistencia m\u00e9dica y reducci\u00f3n de errores<\/a> (MCARE) imped\u00eda a las v\u00edctimas presentar una demanda por negligencia m\u00e9dica transcurridos m\u00e1s de siete a\u00f1os desde la fecha de la negligencia.<\/p>\n\n\n\n<h3 class=\"wp-block-heading\">\u00bfQu\u00e9 es la Ley de Caducidad Constitucional en Pensilvania?<\/h3>\n\n\n\n<p>A pesar de la norma de caducidad de larga data del Estado, el <a href=\"https:\/\/www.networkforphl.org\/resources\/christopher-g-yanakos-et-al-v-upmc-et-al\/\" target=\"_blank\" rel=\"noopener\">Sentencia de 2019 en <em>Yanakos contra UPMC<\/em><\/a> declar\u00f3 inconstitucional la ley de caducidad de Pensilvania. Antes del veredicto, las \u00fanicas excepciones a la prescripci\u00f3n de siete a\u00f1os de Pennsylvania eran para los menores de edad o para quienes sufrieran lesiones por objetos extra\u00f1os dejados en su cuerpo. Sin embargo, tras el caso <em>Yanakos contra UPMC<\/em>la ley de caducidad es inconstitucional y no puede utilizarse como defensa afirmativa.<\/p>\n\n\n\n<h3 class=\"wp-block-heading\">\u00bfPor qu\u00e9 elegir MyPhillyLawyer para llevar su demanda por negligencia m\u00e9dica?<\/h3>\n\n\n\n<p>Sufrir los efectos de un diagn\u00f3stico err\u00f3neo, un error quir\u00fargico o cualquier otro tipo de negligencia m\u00e9dica puede colocar a las v\u00edctimas en una situaci\u00f3n abrumadora. Y aunque usted tiene derecho a presentar una demanda por negligencia m\u00e9dica contra los proveedores responsables de sus lesiones, es posible que necesite ayuda para encontrar los mejores abogados de negligencia m\u00e9dica Jenkintown.<\/p>\n\n\n\n<p>En <a href=\"https:\/\/www.myphillylawyer.com\/es\/\">MyPhillyLawyer<\/a>, nuestro <a href=\"https:\/\/www.myphillylawyer.com\/es\/areas-de-practica\/danos-personales\/\">lesiones personales<\/a> y <a href=\"https:\/\/www.myphillylawyer.com\/es\/areas-de-practica\/negligencia-medica\/\">abogados especializados en negligencias m\u00e9dicas<\/a> est\u00e1n firmemente dedicados al bienestar de nuestros clientes y al \u00e9xito de sus casos. Tenemos una <a href=\"https:\/\/www.myphillylawyer.com\/es\/resultados\/\">un largo historial de \u00e9xitos en la obtenci\u00f3n de la m\u00e1xima indemnizaci\u00f3n<\/a> para nuestros clientes. Tambi\u00e9n nos esforzamos para que el proceso le resulte lo m\u00e1s f\u00e1cil posible. A continuaci\u00f3n se presentan algunas de nuestras victorias recientes:<\/p>\n\n\n\n<ul class=\"wp-block-list\">\n<li>$80.000.000,00 recuperados en un caso de malla transvaginal defectuosa.<\/li>\n\n\n\n<li>$20.000.000,00 recuperados tras una lesi\u00f3n de nacimiento que provoc\u00f3 importantes da\u00f1os cerebrales.<\/li>\n\n\n\n<li>$3.500.000,00 recuperados bas\u00e1ndose en que un hospital no prest\u00f3 la atenci\u00f3n m\u00e9dica adecuada en un servicio de urgencias que condujo a la <a href=\"https:\/\/www.myphillylawyer.com\/es\/zonas-atendidas\/jenkintown\/abogados-de-homicidio-culposo\/\">muerte del paciente de 48 a\u00f1os<\/a>.<\/li>\n\n\n\n<li>$2.100.000,00 recuperados en una demanda por negligencia m\u00e9dica basada en la falta de diagn\u00f3stico por parte de un proveedor de un aneurisma que provoc\u00f3 un derrame cerebral y discapacidad.<\/li>\n\n\n\n<li>$100.000,00 recuperados para un cliente cuyo cirujano no retir\u00f3 una esponja quir\u00fargica causando infecci\u00f3n, y retirada de esponja quir\u00fargica dos d\u00edas despu\u00e9s.<\/li>\n<\/ul>\n\n\n\n<h2 class=\"wp-block-heading\">Hable hoy mismo con un abogado especializado en negligencia m\u00e9dica Jenkintown sobre su caso<\/h2>\n\n\n\n<p>Si usted o un ser querido ha experimentado recientemente lo que cree que ha sido un incidente de <a href=\"https:\/\/www.myphillylawyer.com\/es\/areas-de-practica\/negligencia-medica\/\">negligencia m\u00e9dica<\/a>p\u00f3ngase en contacto con MyPhillyLawyer para obtener ayuda inmediata. Tenemos un abogado esperando, esperando para discutir su caso con usted y proporcionar una visi\u00f3n honesta y respuestas a sus preguntas. Nosotros <a href=\"https:\/\/www.myphillylawyer.com\/es\/zonas-atendidas\/jenkintown\/\">representamos con orgullo a clientes en Jenkintown<\/a> y <a href=\"https:\/\/www.myphillylawyer.com\/es\/zonas-atendidas\/\">en toda la zona Philadelphia<\/a>. Para obtener m\u00e1s informaci\u00f3n y programar una consulta gratuita con uno de nuestros abogados de lesiones, <a href=\"tel:1-215-227-2727\">llame al 215-227-2727<\/a>. Tambi\u00e9n puede <a href=\"https:\/\/www.myphillylawyer.com\/es\/pongase-en-contacto-con\/\">p\u00f3ngase en contacto con nosotros a trav\u00e9s de nuestro formulario de contacto en l\u00ednea<\/a>.<\/p>","protected":false},"excerpt":{"rendered":"<p>Jenkintown Abogados de negligencia m\u00e9dica Los Jenkintown abogados de negligencia m\u00e9dica en MyPhillyLawyer han asegurado los mejores resultados para los clientes que han sufrido lesiones y enfermedades debido a la negligencia m\u00e9dica de un m\u00e9dico, hospital u otro profesional m\u00e9dico. Nuestros abogados han recuperado m\u00e1s de $500 millones en nombre de v\u00edctimas de lesiones en Philadelphia y sus alrededores. Los abogados de nuestro...<\/p>","protected":false},"author":9,"featured_media":11006,"parent":9890,"menu_order":0,"comment_status":"closed","ping_status":"closed","template":"","meta":{"_acf_changed":false,"jetpack_post_was_ever_published":false,"footnotes":""},"class_list":["post-9908","page","type-page","status-publish","has-post-thumbnail","hentry"],"acf":[],"jetpack_sharing_enabled":true,"_links":{"self":[{"href":"https:\/\/www.myphillylawyer.com\/es\/wp-json\/wp\/v2\/pages\/9908","targetHints":{"allow":["GET"]}}],"collection":[{"href":"https:\/\/www.myphillylawyer.com\/es\/wp-json\/wp\/v2\/pages"}],"about":[{"href":"https:\/\/www.myphillylawyer.com\/es\/wp-json\/wp\/v2\/types\/page"}],"author":[{"embeddable":true,"href":"https:\/\/www.myphillylawyer.com\/es\/wp-json\/wp\/v2\/users\/9"}],"replies":[{"embeddable":true,"href":"https:\/\/www.myphillylawyer.com\/es\/wp-json\/wp\/v2\/comments?post=9908"}],"version-history":[{"count":10,"href":"https:\/\/www.myphillylawyer.com\/es\/wp-json\/wp\/v2\/pages\/9908\/revisions"}],"predecessor-version":[{"id":13886,"href":"https:\/\/www.myphillylawyer.com\/es\/wp-json\/wp\/v2\/pages\/9908\/revisions\/13886"}],"up":[{"embeddable":true,"href":"https:\/\/www.myphillylawyer.com\/es\/wp-json\/wp\/v2\/pages\/9890"}],"wp:featuredmedia":[{"embeddable":true,"href":"https:\/\/www.myphillylawyer.com\/es\/wp-json\/wp\/v2\/media\/11006"}],"wp:attachment":[{"href":"https:\/\/www.myphillylawyer.com\/es\/wp-json\/wp\/v2\/media?parent=9908"}],"curies":[{"name":"wp","href":"https:\/\/api.w.org\/{rel}","templated":true}]}}