{"id":9914,"date":"2023-03-07T18:00:47","date_gmt":"2023-03-07T23:00:47","guid":{"rendered":"https:\/\/www.myphillylawyer.com\/?page_id=9914"},"modified":"2025-09-30T18:24:14","modified_gmt":"2025-09-30T23:24:14","slug":"abogados-de-accidentes-de-coche-2","status":"publish","type":"page","link":"https:\/\/www.myphillylawyer.com\/es\/zonas-atendidas\/doylestown\/abogados-de-accidentes-de-coche-2\/","title":{"rendered":"Doylestown Abogados de accidentes de coche"},"content":{"rendered":"<h1 class=\"wp-block-heading\">Doylestown Abogados de accidentes de coche<\/h1>\n\n\n\n<p>A <a href=\"https:\/\/www.myphillylawyer.com\/es\/areas-de-practica\/accidentes-de-trafico-2\/\">Doylestown accidente de coche<\/a> es una de las experiencias m\u00e1s inquietantes y aterradoras que puede vivir. Puede que empiece a preguntarse: \u00bfqui\u00e9n va a pagar sus lesiones? \u00bfCu\u00e1nto tiempo estar\u00e1 de baja? \u00bfY las reparaciones del coche? \u00bfPuedo obtener ayuda para mis lesiones? \u00bfCu\u00e1ndo podr\u00e9 volver al trabajo? \u00bfDe qui\u00e9n fue la culpa?<\/p>\n\n\n\n<p>En <a href=\"https:\/\/www.myphillylawyer.com\/es\/\">MyPhillyLawyer<\/a>Tenemos las respuestas a esas preguntas porque hemos ayudado a cientos de personas que han resultado heridas en accidentes de coche en Pennsylvania. <a href=\"https:\/\/www.myphillylawyer.com\/es\/abogados\/\">Nuestros abogados de accidentes de coche Doylestown<\/a> llevan a\u00f1os ayudando a los supervivientes de accidentes. Entendemos el estr\u00e9s al que se enfrentan las familias, especialmente si se ha producido una muerte por negligencia debido a un accidente de coche en Doylestown o en otra ciudad cercana. Acompa\u00f1amos a nuestros clientes en cada paso del camino hacia un acuerdo justo.<\/p>\n\n\n\n<p>Aunque no puede controlar las circunstancias de un accidente ni c\u00f3mo le afectar\u00e1n las secuelas, s\u00ed puede recoger los pedazos. Perm\u00edtanos ayudarle a reunirlos. Lucharemos por la indemnizaci\u00f3n que se merece.<\/p>\n\n\n\n<h3 class=\"wp-block-heading\">Carreteras en Doylestown propensas a accidentes de tr\u00e1fico<\/h3>\n\n\n\n<p>Doylestown, en el condado de Bucks, est\u00e1 a s\u00f3lo veinticinco millas de Philadelphia. Como residentes, vemos y o\u00edmos hablar de accidentes graves debido a las malas carreteras de la zona. Algunas carreteras tienen mala reputaci\u00f3n, tales como:<\/p>\n\n\n\n<ul class=\"wp-block-list\">\n<li><strong>La autopista de Delaware <\/strong>- La hora punta en esta carretera pone los pelos de punta.<\/li>\n\n\n\n<li><strong>Calle Ancha <\/strong>- una arteria principal con un importante volumen de tr\u00e1fico y muchos accidentes mortales.<\/li>\n\n\n\n<li><strong>Bulevar Roosevelt <\/strong>- PennDot califica este tramo de 11 millas como la carretera m\u00e1s mort\u00edfera del estado.<\/li>\n\n\n\n<li><strong>Bustleton Avenue<\/strong> - esta carretera atraviesa directamente el noreste Philadelphia y es un lugar frecuente de colisiones graves.<\/li>\n\n\n\n<li><strong>Autopista Schuylkill<\/strong> - otro tramo bullicioso de carretera, considerado muy peligroso.<\/li>\n<\/ul>\n\n\n\n<p><a href=\"https:\/\/www.myphillylawyer.com\/es\/areas-de-practica\/accidentes-de-trafico-2\/las-intersecciones-y-carreteras-mas-peligrosas-de-filadelfia\/\">En la ciudad de Philadelphia, hay m\u00faltiples intersecciones peligrosas<\/a> con un historial de colisiones frecuentes. Entre ellos est\u00e1n:<\/p>\n\n\n\n<ul class=\"wp-block-list\">\n<li><strong>Southwest 49th Street y Grant Avenue<\/strong> - una intersecci\u00f3n con gran volumen de tr\u00e1fico y propensa a los accidentes.<\/li>\n\n\n\n<li><strong>Roosevelt Boulevard y Grant Avenue<\/strong> - catalogado como uno de los cruces m\u00e1s peligrosos durante varios a\u00f1os. Se instalaron c\u00e1maras de sem\u00e1foro en rojo. A\u00fan se est\u00e1n evaluando los resultados.<\/li>\n\n\n\n<li><strong>Roosevelt Boulevard y Red Lion Road<\/strong> - la intersecci\u00f3n de este lugar est\u00e1 en constante movimiento y es testigo de m\u00faltiples accidentes al a\u00f1o.<\/li>\n<\/ul>\n\n\n\n<p>No importa d\u00f3nde usted conduce en Pennsylvania, ya sea hacia o desde Philadelphia y Doylestown, puede ser <a href=\"https:\/\/www.myphillylawyer.com\/es\/zonas-atendidas\/upper-darby\/abogados-de-accidentes-de-coche-2\/\">implicado en un grave accidente de coche<\/a>. No dude en <a href=\"https:\/\/www.myphillylawyer.com\/es\/pongase-en-contacto-con\/\">contacto MyPhillyLawyer<\/a> para obtener asesoramiento jur\u00eddico y discutir los pasos para presentar una <a href=\"https:\/\/www.myphillylawyer.com\/es\/zonas-atendidas\/bensalem\/abogado-de-accidente-de-coche\/\">caso de accidente de coche<\/a>.<\/p>\n\n\n\n<h3 class=\"wp-block-heading\">Causas de los accidentes de tr\u00e1fico Doylestown<\/h3>\n\n\n\n<p><a href=\"https:\/\/www.myphillylawyer.com\/es\/zonas-atendidas\/norristown\/abogados-de-accidentes-de-coche-2\/\">Accidentes de tr\u00e1fico<\/a> puede deberse a multitud de razones. Las principales causas son:<\/p>\n\n\n\n<ul class=\"wp-block-list\">\n<li><a href=\"https:\/\/www.myphillylawyer.com\/es\/areas-de-practica\/accidentes-de-trafico-2\/accidentes-por-conduccion-distraida\/\">Conducci\u00f3n distra\u00edda<\/a><\/li>\n\n\n\n<li><a href=\"https:\/\/www.myphillylawyer.com\/es\/areas-de-practica\/accidentes-de-trafico-2\/accidentes-por-conducir-ebrio\/\">DUI\/DWI<\/a><\/li>\n\n\n\n<li><a href=\"https:\/\/www.myphillylawyer.com\/es\/areas-de-practica\/accidentes-de-trafico-2\/accidentes-por-exceso-de-velocidad\/\">Exceso de velocidad<\/a><\/li>\n\n\n\n<li>Conducci\u00f3n temeraria<\/li>\n\n\n\n<li>Se\u00f1ales de tr\u00e1fico<\/li>\n\n\n\n<li>Cruces en marcha<\/li>\n\n\n\n<li>Cambios de carril inseguros<\/li>\n\n\n\n<li><a href=\"https:\/\/www.myphillylawyer.com\/es\/areas-de-practica\/danos-personales\/responsabilidad-del-producto\/\">Defectos de dise\u00f1o del veh\u00edculo<\/a><\/li>\n\n\n\n<li>Conducci\u00f3n en direcci\u00f3n contraria<\/li>\n\n\n\n<li>Giros inadecuados<\/li>\n\n\n\n<li>Tailgating<\/li>\n\n\n\n<li><a href=\"https:\/\/www.myphillylawyer.com\/es\/areas-de-practica\/accidentes-de-trafico-2\/carreteras-peligrosas-y-accidentes-en-zonas-en-obras\/\">Mantenimiento deficiente de las carreteras<\/a><\/li>\n\n\n\n<li>Mantenimiento deficiente del veh\u00edculo<\/li>\n\n\n\n<li>Mal tiempo<\/li>\n\n\n\n<li><a href=\"https:\/\/www.myphillylawyer.com\/es\/areas-de-practica\/accidentes-de-trafico-2\/carreteras-peligrosas-y-accidentes-en-zonas-en-obras\/\">Accidentes en zonas de obras<\/a><\/li>\n\n\n\n<li>Se\u00f1ales de tr\u00e1fico defectuosas\/se\u00f1ales ausentes<\/li>\n\n\n\n<li><a href=\"https:\/\/www.myphillylawyer.com\/es\/medios-de-comunicacion\/legal-articles\/los-conductores-fatigados-cada-vez-mas-implicados-en-accidentes-mortales\/\">Conducir con fatiga<\/a><\/li>\n\n\n\n<li><a href=\"https:\/\/www.myphillylawyer.com\/es\/areas-de-practica\/accidentes-de-trafico-2\/accidente-de-coche-con-cabeza\/\">Colisiones frontales<\/a><\/li>\n\n\n\n<li>Conducci\u00f3n en direcci\u00f3n contraria<\/li>\n\n\n\n<li>Colisiones laterales<\/li>\n\n\n\n<li><a href=\"https:\/\/www.myphillylawyer.com\/es\/areas-de-practica\/accidentes-de-trafico-2\/vuelco-de-suv\/\">Accidentes por vuelco<\/a><\/li>\n\n\n\n<li><a href=\"https:\/\/www.myphillylawyer.com\/es\/areas-de-practica\/accidentes-de-trafico-2\/accidentes-oseos\/\">Colisiones en T<\/a><\/li>\n<\/ul>\n\n\n\n<h3 class=\"wp-block-heading\">Tipos de lesiones sufridas en accidentes de tr\u00e1fico Doylestown<\/h3>\n\n\n\n<p><a href=\"https:\/\/www.myphillylawyer.com\/es\/zonas-atendidas\/wayne\/abogados-de-accidentes-de-coche-2\/\">Accidentes de tr\u00e1fico<\/a> provocan lesiones devastadoras. No s\u00f3lo pueden afectar a una persona a corto plazo, sino que pueden tener efectos a largo plazo. Las lesiones m\u00e1s comunes sufridas por pasajeros y conductores en un accidente de tr\u00e1fico Doylestown incluyen las siguientes:<\/p>\n\n\n\n<ul class=\"wp-block-list\">\n<li><a href=\"https:\/\/www.myphillylawyer.com\/es\/areas-de-practica\/danos-personales\/lesiones-graves\/lesiones-medulares\/\">Lesiones medulares<\/a><\/li>\n\n\n\n<li><a href=\"https:\/\/www.myphillylawyer.com\/es\/areas-de-practica\/danos-personales\/lesiones-graves\/lesion-cerebral-traumatica\/\">Lesiones cerebrales traum\u00e1ticas<\/a><\/li>\n\n\n\n<li>Conmociones cerebrales<\/li>\n\n\n\n<li><a href=\"https:\/\/www.myphillylawyer.com\/es\/areas-de-practica\/danos-personales\/lesiones-graves\/cicatrices-desfiguracion\/\">Desfiguraci\u00f3n facial<\/a><\/li>\n\n\n\n<li><a href=\"https:\/\/www.myphillylawyer.com\/es\/areas-de-practica\/danos-personales\/lesiones-graves\/amputaciones\/\">Amputaciones<\/a><\/li>\n\n\n\n<li>Lesiones por aplastamiento<\/li>\n\n\n\n<li><a href=\"https:\/\/www.myphillylawyer.com\/es\/areas-de-practica\/danos-personales\/lesiones-graves\/fracturas\/\">Fracturas \u00f3seas<\/a><\/li>\n\n\n\n<li><a href=\"https:\/\/www.myphillylawyer.com\/es\/areas-de-practica\/danos-personales\/lesiones-graves\/fracturas\/\">Huesos rotos<\/a><\/li>\n\n\n\n<li>Lesiones por airbag<\/li>\n\n\n\n<li><a href=\"https:\/\/www.myphillylawyer.com\/es\/areas-de-practica\/danos-personales\/lesiones-graves\/quemaduras\/\">Quemaduras<\/a>, <a href=\"https:\/\/www.myphillylawyer.com\/es\/areas-de-practica\/danos-personales\/lesiones-graves\/cicatrices-desfiguracion\/\">laceraciones, cicatrices<\/a><\/li>\n\n\n\n<li>Traumatismo cervical<\/li>\n\n\n\n<li><a href=\"https:\/\/www.myphillylawyer.com\/es\/areas-de-practica\/danos-personales\/lesiones-graves\/lesiones-de-espalda-y-cuello\/\">Trauma de espalda<\/a><\/li>\n\n\n\n<li>Par\u00e1lisis parcial o total<\/li>\n\n\n\n<li>Lesiones internas<\/li>\n\n\n\n<li><a href=\"https:\/\/www.myphillylawyer.com\/es\/areas-de-practica\/danos-personales\/lesiones-graves\/dano-a-los-organos\/\">Da\u00f1os en los \u00f3rganos<\/a><\/li>\n\n\n\n<li><a href=\"https:\/\/www.myphillylawyer.com\/es\/areas-de-practica\/danos-personales\/lesiones-graves\/latigazo-cervical-y-lesiones-de-tejidos-blandos\/\">Latigazo cervical<\/a><\/li>\n\n\n\n<li><a href=\"https:\/\/www.myphillylawyer.com\/es\/areas-de-practica\/danos-personales\/lesiones-graves\/lesiones-articulares-y-ligamentosas-de-la-rodilla\/\">Lesiones de rodilla<\/a><\/li>\n\n\n\n<li>Lesiones de tobillo y pie<\/li>\n\n\n\n<li>Lesiones de mano y mu\u00f1eca<\/li>\n\n\n\n<li>TEPT<\/li>\n<\/ul>\n\n\n\n<p>Como conductor Philly, no se le debe dejar para soportar los costos financieros y f\u00edsicos por su cuenta. Si la negligencia de otra persona le caus\u00f3 lesiones que le han impedido vivir, debe buscar la orientaci\u00f3n de un abogado experto en accidentes de tr\u00e1fico Doylestown. En MyPhillyLawyer, nuestros abogados de accidentes de coche Doylestown est\u00e1n aqu\u00ed para ayudarle a buscar la compensaci\u00f3n que se merece.<\/p>\n\n\n\n<h3 class=\"wp-block-heading\">\u00bfQu\u00e9 significa un sistema de No-Fault en Pennsylvania<\/h3>\n\n\n\n<p>Es esencial saber que Pennsylvania es un estado de \"elecci\u00f3n\" sin culpa en lo que respecta al seguro de accidentes de coche. Eso significa que cuando usted compra un seguro de coche y elige una p\u00f3liza sin culpa, debe presentar una reclamaci\u00f3n a su compa\u00f1\u00eda de seguros de acuerdo a su <a href=\"https:\/\/www.myphillylawyer.com\/es\/areas-de-practica\/accidentes-de-trafico-2\/proteccion-por-danos-personales\/\">cobertura de protecci\u00f3n contra lesiones personales (PIP)<\/a>. Esto le proporciona una indemnizaci\u00f3n por las facturas m\u00e9dicas y otros gastos, independientemente de qui\u00e9n haya tenido la culpa de la colisi\u00f3n.<\/p>\n\n\n\n<p>Aunque es bueno tener esta cobertura, las facturas, otros gastos relacionados, o una p\u00e9rdida de trabajo debido a las lesiones, pueden ser m\u00e1s costosos que su l\u00edmite PIP. Esto trae la regla de la culpa comparativa modificada, donde los da\u00f1os concedidos pueden ser reducidos por un porcentaje de culpa a cada parte involucrada.<\/p>\n\n\n\n<p>Si la v\u00edctima de un accidente es considerada culpable en m\u00e1s de un cincuenta por ciento, es posible que no pueda recuperar los da\u00f1os. Los peritos de las aseguradoras tambi\u00e9n utilizan este enfoque para repartir la culpa en un accidente y reducir el importe de la indemnizaci\u00f3n de la v\u00edctima.<\/p>\n\n\n\n<h3 class=\"wp-block-heading\">Lo que debe saber sobre el seguro de accidentes de coche Doylestown<\/h3>\n\n\n\n<p>Si usted es propietario de un veh\u00edculo en Doylestown, debe tener una p\u00f3liza de seguro que cubra al menos $15.000 en responsabilidad por lesiones corporales. Sin embargo, no todos los conductores de Doylestown tienen ese tipo de cobertura, o su cobertura m\u00ednima no es suficiente para cubrir los gastos del accidente. Si \u00e9se es el caso de su accidente, puede haber otras opciones, como:<\/p>\n\n\n\n<ul class=\"wp-block-list\">\n<li><strong>Cobertura de motorista no asegurado (UM) <\/strong>- este seguro se activa cuando el conductor responsable de la colisi\u00f3n no tiene seguro del veh\u00edculo. O si el conductor atropella y huye del lugar de los hechos. <a href=\"https:\/\/www.myphillylawyer.com\/es\/areas-de-practica\/accidentes-de-trafico-2\/seguro\/seguro-de-motorista-sin-seguro\/\">UM es una opci\u00f3n en su seguro de coche<\/a>. Se puede renunciar a ella, no es cara y utilizarla no aumenta las tarifas de su seguro.<\/li>\n\n\n\n<li><strong>Motorista con seguro insuficiente (UIM)<\/strong> - En algunos casos, el conductor negligente puede tener un seguro de veh\u00edculo. Sin embargo, el coste de sus lesiones supera el m\u00ednimo de $15.000. Este tipo de cobertura tambi\u00e9n es una opci\u00f3n en tu seguro y puede cubrir la diferencia econ\u00f3mica si sufres lesiones graves.&nbsp;<\/li>\n\n\n\n<li><strong>Apilado <\/strong>- si tiene varios veh\u00edculos, puede elegir una opci\u00f3n de acumulaci\u00f3n que le permita cobrar de m\u00e1s de una p\u00f3liza de seguro si resulta herido tras una colisi\u00f3n.<\/li>\n\n\n\n<li><strong>Protecci\u00f3n contra la p\u00e9rdida de ingresos <\/strong>- algunas p\u00f3lizas ofrecen una cl\u00e1usula que le indemniza por una parte de los ingresos perdidos mientras se recupera de sus lesiones.&nbsp;<\/li>\n<\/ul>\n\n\n\n<h2 class=\"wp-block-heading\">Contacto MyPhillyLawyer para su accidente de coche Doylestown<\/h2>\n\n\n\n<p>Si tiene <a href=\"https:\/\/www.myphillylawyer.com\/es\/areas-de-practica\/accidentes-de-trafico-2\/accidente-de-coche-mortal\/\">perdi\u00f3 a un ser querido en un accidente de coche<\/a> debido a la negligencia de otros o de una entidad, tiene un aliado en la <a href=\"https:\/\/www.myphillylawyer.com\/es\/areas-de-practica\/accidentes-de-trafico-2\/\">Doylestown abogados de accidentes de coche en MyPhillyLawyer<\/a>. De perjuicio general a <a href=\"https:\/\/www.myphillylawyer.com\/es\/areas-de-practica\/danos-personales\/lesiones-graves\/muerte-por-negligencia\/\">reclamaciones por muerte por negligencia<\/a>Le ofrecemos un asesoramiento jur\u00eddico s\u00f3lido y la orientaci\u00f3n de abogados experimentados. Nos comprometemos a marcar una diferencia significativa en el resultado de su caso.<\/p>","protected":false},"excerpt":{"rendered":"<p>Doylestown Abogados de accidentes de coche Un accidente de coche Doylestown es una de las experiencias m\u00e1s inquietantes y aterradoras que podr\u00eda tener. Usted puede comenzar a preguntarse, \u00bfqui\u00e9n va a pagar por sus lesiones? \u00bfCu\u00e1nto tiempo va a estar fuera del trabajo? \u00bfY las reparaciones del coche? \u00bfPuedo obtener ayuda para mis lesiones? Cuando...<\/p>","protected":false},"author":9,"featured_media":10993,"parent":9874,"menu_order":0,"comment_status":"closed","ping_status":"closed","template":"","meta":{"_acf_changed":false,"jetpack_post_was_ever_published":false,"footnotes":""},"class_list":["post-9914","page","type-page","status-publish","has-post-thumbnail","hentry"],"acf":[],"jetpack_sharing_enabled":true,"_links":{"self":[{"href":"https:\/\/www.myphillylawyer.com\/es\/wp-json\/wp\/v2\/pages\/9914","targetHints":{"allow":["GET"]}}],"collection":[{"href":"https:\/\/www.myphillylawyer.com\/es\/wp-json\/wp\/v2\/pages"}],"about":[{"href":"https:\/\/www.myphillylawyer.com\/es\/wp-json\/wp\/v2\/types\/page"}],"author":[{"embeddable":true,"href":"https:\/\/www.myphillylawyer.com\/es\/wp-json\/wp\/v2\/users\/9"}],"replies":[{"embeddable":true,"href":"https:\/\/www.myphillylawyer.com\/es\/wp-json\/wp\/v2\/comments?post=9914"}],"version-history":[{"count":7,"href":"https:\/\/www.myphillylawyer.com\/es\/wp-json\/wp\/v2\/pages\/9914\/revisions"}],"predecessor-version":[{"id":14028,"href":"https:\/\/www.myphillylawyer.com\/es\/wp-json\/wp\/v2\/pages\/9914\/revisions\/14028"}],"up":[{"embeddable":true,"href":"https:\/\/www.myphillylawyer.com\/es\/wp-json\/wp\/v2\/pages\/9874"}],"wp:featuredmedia":[{"embeddable":true,"href":"https:\/\/www.myphillylawyer.com\/es\/wp-json\/wp\/v2\/media\/10993"}],"wp:attachment":[{"href":"https:\/\/www.myphillylawyer.com\/es\/wp-json\/wp\/v2\/media?parent=9914"}],"curies":[{"name":"wp","href":"https:\/\/api.w.org\/{rel}","templated":true}]}}