{"id":9989,"date":"2023-04-11T14:24:30","date_gmt":"2023-04-11T19:24:30","guid":{"rendered":"https:\/\/www.myphillylawyer.com\/?page_id=9989"},"modified":"2026-03-26T17:20:46","modified_gmt":"2026-03-26T22:20:46","slug":"abogados-de-accidentes-de-coche-2","status":"publish","type":"page","link":"https:\/\/www.myphillylawyer.com\/es\/zonas-atendidas\/wayne\/abogados-de-accidentes-de-coche-2\/","title":{"rendered":"Wayne Abogados de accidentes de tr\u00e1fico"},"content":{"rendered":"<p>Seg\u00fan la Administraci\u00f3n Nacional de Seguridad del Tr\u00e1fico en Carretera (NHTSA), <a href=\"https:\/\/www.myphillylawyer.com\/es\/areas-de-practica\/accidentes-de-trafico-2\/accidentes-por-conduccion-distraida\/\">conducci\u00f3n distra\u00edda<\/a> es una de las principales causas de accidentes de tr\u00e1fico en EE.UU. Cada d\u00eda mueren 28 estadounidenses en accidentes de tr\u00e1fico. <a href=\"https:\/\/www.myphillylawyer.com\/es\/areas-de-practica\/accidentes-de-trafico-2\/accidentes-por-conducir-ebrio\/\">accidentes por conducir ebrio<\/a>o una persona cada 52 minutos. El exceso de velocidad es otro h\u00e1bito peligroso y agresivo al volante, que mata aproximadamente a 10.000 personas cada a\u00f1o. <\/p>\n\n\n\n<p><a href=\"https:\/\/www.myphillylawyer.com\/es\/areas-de-practica\/accidentes-de-trafico-2\/seguro\/\">Estamos aqu\u00ed para ayudarle a tratar con las compa\u00f1\u00edas de seguros<\/a>. Van a estar hablando con usted incluso antes de que se haya recuperado de sus lesiones. Har\u00e1n todo lo posible por investigar el accidente para ver si hay alguna forma de reducir o denegar su reclamaci\u00f3n. No son tus amigos. Su principal objetivo es conseguir que aceptes un acuerdo bajo.<\/p>\n\n\n\n<p>En <a href=\"https:\/\/www.myphillylawyer.com\/es\/\">MyPhillyLawyer<\/a>le cubrimos las espaldas. Si se ha visto implicado en un accidente de tr\u00e1fico en el condado de Wayne, hable con <a href=\"https:\/\/www.myphillylawyer.com\/es\/abogados\/\">uno de nuestros abogados de accidentes de coche Wayne<\/a> para conocer sus derechos legales, c\u00f3mo presentar una reclamaci\u00f3n y qu\u00e9 puede esperar.&nbsp;<\/p>\n\n\n\n<h3 class=\"wp-block-heading\">Por qu\u00e9 buscar atenci\u00f3n m\u00e9dica es crucial para un caso de accidente de coche Wayne<\/h3>\n\n\n\n<p>Es esencial comprender que los da\u00f1os y perjuicios en un accidente de tr\u00e1fico Wayne no se refieren s\u00f3lo a sus gastos m\u00e9dicos y de otro tipo actuales, sino tambi\u00e9n a los que puedan surgir en el futuro. Por ejemplo, si sufres un traumatismo craneoencef\u00e1lico, el camino hasta la recuperaci\u00f3n puede ser largo. <a href=\"https:\/\/www.myphillylawyer.com\/es\/areas-de-practica\/danos-personales\/lesiones-graves\/lesion-cerebral-traumatica\/\">Lesiones cerebrales traum\u00e1ticas<\/a> puede significar hacer frente a una enorme deuda en el futuro.<\/p>\n\n\n\n<p>La consideraci\u00f3n m\u00e1s crucial en cualquier <a href=\"https:\/\/www.myphillylawyer.com\/es\/zonas-atendidas\/upper-darby\/abogados-de-accidentes-de-coche-2\/\">accidente de tr\u00e1fico<\/a> son las lesiones no sentidas, no vistas y desconocidas que pueden convertirse en algo m\u00e1s tarde si no buscas asistencia m\u00e9dica para crear un rastro documental. Cuando se est\u00e1 en estado de shock tras el accidente, es habitual no sentir el alcance total de las lesiones. Adem\u00e1s, algunas lesiones pueden no manifestarse hasta d\u00edas o meses despu\u00e9s. Sea proactivo para proteger sus derechos legales y mantenga un registro detallado de todas sus lesiones desde el principio, justo despu\u00e9s del accidente.<\/p>\n\n\n\n<p>Si decide aceptar una indemnizaci\u00f3n baja de una compa\u00f1\u00eda de seguros, tendr\u00e1 que pagar sus gastos m\u00e9dicos por su cuenta. En <a href=\"https:\/\/www.myphillylawyer.com\/es\/\">MyPhillyLawyer<\/a>le damos una visi\u00f3n completa de c\u00f3mo su vida se ha visto afectada por su accidente de tr\u00e1fico Wayne. Esbozamos el posible valor total de su reclamaci\u00f3n y discutimos los da\u00f1os, tanto econ\u00f3micos como no econ\u00f3micos. Pintamos el cuadro completo para que pueda tomar una decisi\u00f3n informada sobre lo que quiere hacer.<\/p>\n\n\n\n<h3 class=\"wp-block-heading\">Tipos de lesiones de un accidente de coche Wayne<\/h3>\n\n\n\n<p><a href=\"https:\/\/www.myphillylawyer.com\/es\/areas-de-practica\/accidentes-de-trafico-2\/\">Los accidentes de tr\u00e1fico pueden provocar lesiones corporales graves<\/a> o <a href=\"https:\/\/www.myphillylawyer.com\/es\/areas-de-practica\/accidentes-de-trafico-2\/accidente-de-coche-mortal\/\">muerte por negligencia<\/a>. Las lesiones m\u00e1s comunes sufridas en un accidente de coche Wayne incluyen:<\/p>\n\n\n\n<ul class=\"wp-block-list\">\n<li><a href=\"https:\/\/www.myphillylawyer.com\/es\/areas-de-practica\/danos-personales\/lesiones-graves\/quemaduras\/\">Quemaduras<\/a>, <a href=\"https:\/\/www.myphillylawyer.com\/es\/areas-de-practica\/danos-personales\/lesiones-graves\/cicatrices-desfiguracion\/\">laceraciones y cicatrices<\/a><\/li>\n\n\n\n<li><a href=\"https:\/\/www.myphillylawyer.com\/es\/areas-de-practica\/danos-personales\/lesiones-graves\/lesiones-de-espalda-y-cuello\/\">Traumatismos de espalda y cuello<\/a><\/li>\n\n\n\n<li><a href=\"https:\/\/www.myphillylawyer.com\/es\/areas-de-practica\/danos-personales\/lesiones-graves\/lesiones-medulares\/\">Lesiones medulares<\/a><\/li>\n\n\n\n<li>Hernias discales<\/li>\n\n\n\n<li><a href=\"https:\/\/www.myphillylawyer.com\/es\/areas-de-practica\/danos-personales\/lesiones-graves\/amputaciones\/\">Amputaciones<\/a><\/li>\n\n\n\n<li><a href=\"https:\/\/www.myphillylawyer.com\/es\/areas-de-practica\/danos-personales\/lesiones-graves\/latigazo-cervical-y-lesiones-de-tejidos-blandos\/\">Lesiones de tejidos blandos<\/a><\/li>\n\n\n\n<li>Lesiones de tobillo y pie<\/li>\n\n\n\n<li>Lesiones de mano y mu\u00f1eca<\/li>\n\n\n\n<li>Lesiones por aplastamiento<\/li>\n\n\n\n<li><a href=\"https:\/\/www.myphillylawyer.com\/es\/areas-de-practica\/danos-personales\/lesiones-graves\/fracturas\/\">Fractura o rotura de huesos<\/a><\/li>\n\n\n\n<li>Lesiones por airbag<\/li>\n\n\n\n<li>Par\u00e1lisis parcial o total<\/li>\n\n\n\n<li>Lesiones internas<\/li>\n\n\n\n<li><a href=\"https:\/\/www.myphillylawyer.com\/es\/areas-de-practica\/danos-personales\/lesiones-graves\/lesion-cerebral-traumatica\/\">Lesiones cerebrales traum\u00e1ticas y conmociones cerebrales<\/a><\/li>\n\n\n\n<li><a href=\"https:\/\/www.myphillylawyer.com\/es\/areas-de-practica\/danos-personales\/lesiones-graves\/cicatrices-desfiguracion\/\">Desfiguraci\u00f3n facial<\/a><\/li>\n\n\n\n<li><a href=\"https:\/\/www.myphillylawyer.com\/es\/areas-de-practica\/danos-personales\/lesiones-graves\/latigazo-cervical-y-lesiones-de-tejidos-blandos\/\">Latigazo cervical<\/a><\/li>\n\n\n\n<li><a href=\"https:\/\/www.myphillylawyer.com\/es\/areas-de-practica\/danos-personales\/lesiones-graves\/lesiones-articulares-y-ligamentosas-de-la-rodilla\/\">Lesiones de rodilla<\/a><\/li>\n<\/ul>\n\n\n\n<p>En MyPhillyLawyer, nuestro <a href=\"https:\/\/www.myphillylawyer.com\/es\/zonas-atendidas\/wayne\/\">Wayne abogados de accidentes de coche<\/a> saben exactamente c\u00f3mo ayudarle a navegar por las secuelas de un <a href=\"https:\/\/www.myphillylawyer.com\/es\/areas-de-practica\/accidentes-de-trafico-2\/las-intersecciones-y-carreteras-mas-peligrosas-de-filadelfia\/\">accidente grave en una calle, carretera o intersecci\u00f3n<\/a>. Analizaremos los detalles de su caso y le ayudaremos a buscar la indemnizaci\u00f3n que se merece.<\/p>\n\n\n\n<h3 class=\"wp-block-heading\">Pasos a seguir tras un accidente de tr\u00e1fico Wayne<\/h3>\n\n\n\n<p>Lo primero que hay que hacer tras un accidente de tr\u00e1fico es asegurarse de que usted y sus pasajeros, si los hay, necesitan atenci\u00f3n m\u00e9dica y, a continuaci\u00f3n, llamar a la polic\u00eda. Hay otras cosas que hacer que incluyen:<\/p>\n\n\n\n<ul class=\"wp-block-list\">\n<li>Llame a su compa\u00f1\u00eda de seguros.<\/li>\n\n\n\n<li>Garantizarle copias de todos los historiales m\u00e9dicos.<\/li>\n\n\n\n<li>Facilite una copia del informe policial.<\/li>\n\n\n\n<li>Haz un seguimiento de todos los gastos relacionados con tu accidente, incluidas las lesiones, los gastos m\u00e9dicos y la reparaci\u00f3n de tu veh\u00edculo.<\/li>\n\n\n\n<li>Conserve todos los recibos relacionados con el accidente.<\/li>\n\n\n\n<li>Facilitar recibos y registros de las recetas.<\/li>\n\n\n\n<li>Acude a todas las citas de terapia, rehabilitaci\u00f3n y con el m\u00e9dico.<\/li>\n\n\n\n<li>Siga su plan de tratamiento al pie de la letra.<\/li>\n\n\n\n<li>En ning\u00fan caso deben hacer una declaraci\u00f3n grabada a las aseguradoras.<\/li>\n\n\n\n<li>Deje las reparaciones del coche para m\u00e1s tarde, ya que el veh\u00edculo da\u00f1ado es una prueba valiosa.<\/li>\n\n\n\n<li>Re\u00fana cualquier otra prueba o informaci\u00f3n que considere valiosa.<\/li>\n\n\n\n<li>No publiques nada, ni siquiera fotos, en las redes sociales.<\/li>\n\n\n\n<li>Nunca admita la culpa ante el otro conductor, la polic\u00eda o la compa\u00f1\u00eda de seguros. Mantenga esta conversaci\u00f3n \u00fanicamente con su abogado especializado en accidentes de tr\u00e1fico Wayne.<\/li>\n<\/ul>\n\n\n\n<p>Reunir todas estas pruebas del accidente en s\u00ed y de los tratamientos posteriores ayuda a probar su caso y que experiment\u00f3 dolor y sufrimiento tras el accidente. Para ello, tambi\u00e9n es \u00fatil aportar pruebas de los salarios perdidos porque no puedes trabajar, pero puedes aportar documentaci\u00f3n de tu empresa que lo demuestre.<\/p>\n\n\n\n<p>Aseg\u00farate de tener fotos no s\u00f3lo del accidente y del lugar del accidente, sino tambi\u00e9n de tus lesiones. Incluye esas fotos en el diario que lleves a diario tras el accidente para documentar c\u00f3mo han afectado tus lesiones a tu vida. Tambi\u00e9n es una buena idea pedir a amigos y familiares sus observaciones por escrito sobre c\u00f3mo el accidente ha afectado a tu vida.<\/p>\n\n\n\n<h3 class=\"wp-block-heading\">Causas comunes de accidentes de tr\u00e1fico Wayne<\/h3>\n\n\n\n<p>Hay muchas razones por las que ocurre un accidente de coche Wayne. Las causas principales t\u00edpicas de accidentes automovil\u00edsticos graves en Pennsylvania incluyen:<\/p>\n\n\n\n<ul class=\"wp-block-list\">\n<li><a href=\"https:\/\/www.myphillylawyer.com\/es\/areas-de-practica\/accidentes-de-trafico-2\/vuelco-de-suv\/\">Accidentes por vuelco<\/a><\/li>\n\n\n\n<li>Error humano<\/li>\n\n\n\n<li><a href=\"https:\/\/www.myphillylawyer.com\/es\/areas-de-practica\/accidentes-de-trafico-2\/accidentes-oseos\/\">Colisiones en T<\/a><\/li>\n\n\n\n<li>Se\u00f1ales de tr\u00e1fico defectuosas\/se\u00f1ales ausentes<\/li>\n\n\n\n<li><a href=\"https:\/\/www.myphillylawyer.com\/es\/medios-de-comunicacion\/legal-articles\/los-conductores-fatigados-cada-vez-mas-implicados-en-accidentes-mortales\/\">Conducir con fatiga<\/a><\/li>\n\n\n\n<li><a href=\"https:\/\/www.myphillylawyer.com\/es\/areas-de-practica\/accidentes-de-trafico-2\/accidentes-por-exceso-de-velocidad\/\">Exceso de velocidad<\/a><\/li>\n\n\n\n<li>Conducci\u00f3n temeraria<\/li>\n\n\n\n<li>Se\u00f1ales de tr\u00e1fico<\/li>\n\n\n\n<li>Cruces en marcha<\/li>\n\n\n\n<li>Cambios de carril inseguros<\/li>\n\n\n\n<li>Defectos de dise\u00f1o del veh\u00edculo<\/li>\n\n\n\n<li>Conducci\u00f3n en direcci\u00f3n contraria<\/li>\n\n\n\n<li>Mantenimiento deficiente de las carreteras<\/li>\n\n\n\n<li>Mantenimiento deficiente del veh\u00edculo<\/li>\n\n\n\n<li>Mal tiempo<\/li>\n\n\n\n<li><a href=\"https:\/\/www.myphillylawyer.com\/es\/areas-de-practica\/accidentes-de-trafico-2\/carreteras-peligrosas-y-accidentes-en-zonas-en-obras\/\">Accidentes en zonas de obras<\/a><\/li>\n\n\n\n<li><a href=\"https:\/\/www.myphillylawyer.com\/es\/areas-de-practica\/accidentes-de-trafico-2\/accidentes-por-conduccion-distraida\/\">Conducci\u00f3n distra\u00edda<\/a><\/li>\n\n\n\n<li><a href=\"https:\/\/www.myphillylawyer.com\/es\/areas-de-practica\/accidentes-de-trafico-2\/accidentes-por-conducir-ebrio\/\">DUI\/DWI<\/a><\/li>\n\n\n\n<li><a href=\"https:\/\/www.myphillylawyer.com\/es\/areas-de-practica\/accidentes-de-trafico-2\/accidente-de-coche-con-cabeza\/\">Colisiones frontales<\/a><\/li>\n\n\n\n<li>Colisiones laterales<\/li>\n\n\n\n<li>Giros inadecuados<\/li>\n\n\n\n<li>Tailgating<\/li>\n<\/ul>\n\n\n\n<h3 class=\"wp-block-heading\">Por qu\u00e9 debe contratar a un abogado de accidentes de coche Wayne<\/h3>\n\n\n\n<p>Si ha resultado gravemente herido por un <a href=\"https:\/\/www.myphillylawyer.com\/es\/zonas-atendidas\/bensalem\/abogado-de-accidente-de-coche\/\">accidente de coche reciente<\/a>lo mejor ser\u00eda <a href=\"https:\/\/www.myphillylawyer.com\/es\/pongase-en-contacto-con\/\">hablar con un abogado de accidente de coche Wayne en MyPhillyLawyer<\/a>.<\/p>\n\n\n\n<p>No importa lo peque\u00f1o que te parezca el <a href=\"https:\/\/www.myphillylawyer.com\/es\/zonas-atendidas\/norristown\/abogados-de-accidentes-de-coche-2\/\">accidente de tr\u00e1fico<\/a> puede ser, incluso un choque aparentemente poco aparatoso puede provocar un latigazo cervical, una conmoci\u00f3n cerebral, una lesi\u00f3n cerebral traum\u00e1tica o graves da\u00f1os faciales debido al despliegue del airbag, la rotura de un cristal del parabrisas o el impacto de piezas contra el coche. Busque siempre una evaluaci\u00f3n m\u00e9dica profesional. Esto le ayudar\u00e1 a usted y a su abogado a construir un caso s\u00f3lido.<\/p>\n\n\n\n<p>Si usted ha tratado de negociar con una compa\u00f1\u00eda de seguros, pero negaron su reclamo, usted puede sentirse confundido y derrotado. Hable con nuestros abogados de accidentes de coche Wayne en MyPhillyLawyer para que podamos aclarar las cosas.<\/p>\n\n\n\n<p>Si el accidente no fue culpa suya, y el otro conductor fue negligente, usted puede tener un <a href=\"https:\/\/www.myphillylawyer.com\/es\/zonas-atendidas\/wayne\/abogados-de-accidentes-de-coche-2\/\">caso de accidente de coche fuerte<\/a>. Usted necesita un abogado de accidente de coche Wayne para ayudarle a navegar por el sistema legal y hacer frente a la compa\u00f1\u00eda de seguros.<\/p>\n\n\n\n<h3 class=\"wp-block-heading\">Tipos de da\u00f1os disponibles despu\u00e9s de una colisi\u00f3n de coche Wayne<\/h3>\n\n\n\n<p>Pensilvania es un Estado sin culpa. Seguro sin culpa significa que cada parte involucrada en un <a href=\"https:\/\/www.myphillylawyer.com\/es\/zonas-atendidas\/doylestown\/abogados-de-accidentes-de-coche-2\/\">accidente de tr\u00e1fico<\/a>, independientemente de qui\u00e9n haya sido el culpable, suele poder obtener una indemnizaci\u00f3n por lesiones y otras p\u00e9rdidas de <a href=\"https:\/\/www.myphillylawyer.com\/es\/areas-de-practica\/accidentes-de-trafico-2\/seguro\/guia-sobre-el-seguro-de-automovil-en-pensilvania\/\">su propia compa\u00f1\u00eda de seguros<\/a>. La decisi\u00f3n de contratar un seguro de autom\u00f3vil con o sin culpa se toma en el momento de contratar el seguro.<\/p>\n\n\n\n<p>El seguro sin culpa y con elecci\u00f3n tambi\u00e9n se denomina <a href=\"https:\/\/www.myphillylawyer.com\/es\/areas-de-practica\/accidentes-de-trafico-2\/seguro\/agravio-completo\/\">agravio completo<\/a> y responsabilidad civil limitada. La responsabilidad civil limitada es relativamente popular porque las primas suelen ser m\u00e1s baratas. Aunque es una opci\u00f3n que pueden elegir los conductores de Pennsylvania, la cobertura de responsabilidad civil limitada limita la posibilidad de que los conductores reciban una indemnizaci\u00f3n completa por sus lesiones.<\/p>\n\n\n\n<p><strong>Los da\u00f1os t\u00edpicos por los que puede luchar un conductor o pasajero lesionado se dividen en dos categor\u00edas:<\/strong><\/p>\n\n\n\n<h4 class=\"wp-block-heading\">Da\u00f1os econ\u00f3micos<\/h4>\n\n\n\n<ul class=\"wp-block-list\">\n<li>Mayores costes de vida debido a las lesiones.<\/li>\n\n\n\n<li>Si no puede reincorporarse al trabajo, el total de los salarios perdidos y de los ingresos futuros ser\u00e1.<\/li>\n\n\n\n<li>Equipo m\u00e9dico en caso necesario.<\/li>\n\n\n\n<li>Todos los gastos m\u00e9dicos en el momento del accidente y en el futuro.<\/li>\n<\/ul>\n\n\n\n<h4 class=\"wp-block-heading\">Da\u00f1os no econ\u00f3micos<\/h4>\n\n\n\n<ul class=\"wp-block-list\">\n<li>Desfiguraci\u00f3n por el accidente.<\/li>\n\n\n\n<li>Dolor y sufrimiento pasados y futuros.<\/li>\n\n\n\n<li>P\u00e9rdida del disfrute de la vida.<\/li>\n\n\n\n<li>La p\u00e9rdida de consorcio para el c\u00f3nyuge de un superviviente de accidente de tr\u00e1fico lesionado se traduce en la imposibilidad de mantener relaciones \u00edntimas.<\/li>\n<\/ul>\n\n\n\n<h2 class=\"wp-block-heading\">P\u00f3ngase en contacto con los abogados de accidentes de coche Wayne en MyPhillyLawyer hoy<\/h2>\n\n\n\n<p><a href=\"https:\/\/www.myphillylawyer.com\/es\/pongase-en-contacto-con\/\">P\u00f3ngase en contacto con los abogados de accidentes de coche Wayne en MyPhillyLawyer<\/a> hoy para discutir su caso de accidente de coche. <a href=\"tel:1-215-227-2727\">Llame al MyPhillyLawyer al 215-227-2727<\/a> o <a href=\"tel:1-866-352-4572\">llamada gratuita al 866-352-4572<\/a> para hablar de su caso, derechos legales y opciones.<\/p>\n\n\n\n<p>Nuestra <a href=\"https:\/\/www.myphillylawyer.com\/es\/zonas-atendidas\/wayne\/\">Wayne abogados accidente de coche<\/a> entienden c\u00f3mo desafiar a las compa\u00f1\u00edas de seguros y luchar por la compensaci\u00f3n que se merece. Su consulta inicial es gratuita. Sin recuperaci\u00f3n, sin honorarios ni costes, garantizado.<\/p>","protected":false},"excerpt":{"rendered":"<p>Seg\u00fan la National Highway Traffic Safety Administration (NHTSA), la conducci\u00f3n distra\u00edda es una de las principales causas de accidentes de tr\u00e1fico en EE.UU. Cada d\u00eda mueren unos 28 estadounidenses en accidentes provocados por la conducci\u00f3n bajo los efectos del alcohol, es decir, una persona cada 52 minutos. El exceso de velocidad es otro h\u00e1bito peligroso y agresivo al volante, que mata aproximadamente a 10.000 personas cada a\u00f1o. Estamos aqu\u00ed para ayudarle...<\/p>","protected":false},"author":9,"featured_media":0,"parent":9603,"menu_order":0,"comment_status":"closed","ping_status":"closed","template":"","meta":{"_acf_changed":false,"footnotes":""},"class_list":["post-9989","page","type-page","status-publish","hentry"],"acf":[],"jetpack_sharing_enabled":true,"_links":{"self":[{"href":"https:\/\/www.myphillylawyer.com\/es\/wp-json\/wp\/v2\/pages\/9989","targetHints":{"allow":["GET"]}}],"collection":[{"href":"https:\/\/www.myphillylawyer.com\/es\/wp-json\/wp\/v2\/pages"}],"about":[{"href":"https:\/\/www.myphillylawyer.com\/es\/wp-json\/wp\/v2\/types\/page"}],"author":[{"embeddable":true,"href":"https:\/\/www.myphillylawyer.com\/es\/wp-json\/wp\/v2\/users\/9"}],"replies":[{"embeddable":true,"href":"https:\/\/www.myphillylawyer.com\/es\/wp-json\/wp\/v2\/comments?post=9989"}],"version-history":[{"count":8,"href":"https:\/\/www.myphillylawyer.com\/es\/wp-json\/wp\/v2\/pages\/9989\/revisions"}],"predecessor-version":[{"id":15620,"href":"https:\/\/www.myphillylawyer.com\/es\/wp-json\/wp\/v2\/pages\/9989\/revisions\/15620"}],"up":[{"embeddable":true,"href":"https:\/\/www.myphillylawyer.com\/es\/wp-json\/wp\/v2\/pages\/9603"}],"wp:attachment":[{"href":"https:\/\/www.myphillylawyer.com\/es\/wp-json\/wp\/v2\/media?parent=9989"}],"curies":[{"name":"wp","href":"https:\/\/api.w.org\/{rel}","templated":true}]}}