{"id":4363,"date":"2017-01-25T22:18:28","date_gmt":"2017-01-26T03:18:28","guid":{"rendered":"https:\/\/www.myphillylawyer.com\/?page_id=4363"},"modified":"2021-02-12T18:05:12","modified_gmt":"2021-02-12T23:05:12","slug":"%e8%8f%b2%e6%8b%89%e5%be%b7%e5%b0%94%e8%8f%b2%e4%ba%9a%e6%b1%bd%e8%bd%a6%e4%ba%8b%e6%95%85%e5%be%8b%e5%b8%88%e4%ba%8b%e5%8a%a1%e6%89%80","status":"publish","type":"page","link":"https:\/\/www.myphillylawyer.com\/zh\/espanol\/%e8%8f%b2%e6%8b%89%e5%be%b7%e5%b0%94%e8%8f%b2%e4%ba%9a%e6%b1%bd%e8%bd%a6%e4%ba%8b%e6%95%85%e5%be%8b%e5%b8%88%e4%ba%8b%e5%8a%a1%e6%89%80\/","title":{"rendered":"Filadelphia \u6c7d\u8f66\u4e8b\u6545\u5f8b\u5e08"},"content":{"rendered":"<div class=\"container-column-main\">\n<div class=\"column-main\">\n<div class=\"column-main-content-container\">\n<article id=\"content\" class=\"content\">\n<h3><strong>\u83f2\u62c9\u5fb7\u5c14\u83f2\u4e9a\u6c7d\u8f66\u4e8b\u6545<\/strong><\/h3>\n<p><strong>Filadelfia \u6c7d\u8f66\u4e8b\u6545\u5f8b\u5e08\u4e8b\u52a1\u6240<\/strong><\/p>\n<p>\u6bcf\u5e74\uff0c\u7f8e\u56fd\u56fd\u5bb6\u516c\u8def\u4ea4\u901a\u5b89\u5168\u7ba1\u7406\u5c40\u90fd\u4f1a\u901a\u62a5\u5bbe\u5915\u6cd5\u5c3c\u4e9a\u5dde\u56e0\u673a\u52a8\u8f66\u4e8b\u6545\u9020\u6210\u7684\u6b7b\u4ea1\u4eba\u6570\u8d85\u8fc7 1,500 \u4eba\u3002\u6b7b\u4ea1\u4eba\u6570\u66f4\u591a\u3002<\/p>\n<p>\u5982\u679c\u60a8\u6216\u60a8\u7684\u670b\u53cb\u5728 Filadelfia \u53d1\u751f\u7684\u6c7d\u8f66\u4e8b\u6545\u4e2d\u53d7\u4f24\uff0c\u6216\u8005\u60a8\u7684\u670b\u53cb\u5df2\u7ecf\u6b7b\u4ea1\uff0c\u8bf7\u8054\u7cfb MyPhillyLawyer \u8fdb\u884c\u514d\u8d39\u54a8\u8be2\u3002Nuestro abogados de accidentes de veh\u00edculos automotores en Filadelfia tienen m\u00e1s de 100 a\u00f1os de experiencia combinada representando a clientes y ayudarles a maximizar la compensaci\u00f3n que reciben.<\/p>\n<h3><strong>\u5bbe\u5915\u6cd5\u5c3c\u4e9a\u5dde\u6c7d\u8f66\u4e8b\u6545\u5b9e\u9a8c\u5f8b\u5e08<\/strong><\/h3>\n<p>Nuestro abogados de accidentes de vehculos automotores en Filadelfia han manejado miles de graves y mortales accidentes de vehculos automotores, incluyendo\uff1a<\/p>\n<ul>\n<li>\u6c7d\u8f66\u4e8b\u6545<\/li>\n<li>\u91ce\u8425\u4e8b\u6545<\/li>\n<li>\u6c7d\u8f66\u4e8b\u6545<\/li>\n<li>\u4e30\u7530\u6c7d\u8f66<\/li>\n<li>\u81ea\u884c\u8f66\u4e8b\u6545\u548c\u5c71\u5730\u8f66\u4e8b\u6545<\/li>\n<li>\u6c7d\u8f66\u548c\u8fc7\u5883\u4e8b\u6545<\/li>\n<li>\u6c7d\u8f66\u7206\u70b8\u4e8b\u6545<\/li>\n<li class=\"last-child\">\u4e25\u91cd\u6c7d\u8f66\u4e8b\u6545\u7684\u7535\u51fb\u7ed3\u679c<\/li>\n<\/ul>\n<p>\u6211\u4eec\u77e5\u9053\u5982\u4f55\u901a\u8fc7\u521b\u9020\u6709\u529b\u7684\u6848\u4f8b\uff0c\u660e\u786e\u8bf4\u660e\u4e3a\u4f55\u9700\u8981\u5bf9\u91d1\u878d\u635f\u5931\u8fdb\u884c\u8d54\u507f\u3002\u6211\u4eec\u4ee5\u5177\u6709\u8bf4\u670d\u529b\u548c\u4ee4\u4eba\u4fe1\u670d\u7684\u65b9\u5f0f\u5411\u6211\u4eec\u7684\u5ba2\u6237\u8bb2\u8ff0\u5386\u53f2\uff0c\u5f3a\u8c03\u5728\u5176\u751f\u547d\u7684\u8f6c\u6298\u70b9\u4e0a\u9020\u6210\u7684\u533b\u7597\u548c\u8d22\u52a1\u635f\u5931\u3002Nuestro enfoque nos ha ayudado a recuperar millones de d\u00f3lares en concepto de indemnizaci\u00f3n por accidente de auto las v\u00edctimas sufren de lesiones en la cabeza, las lesiones de la m\u00e9dula espinal y otras lesiones graves.<\/p>\n<h3><strong>\u6c7d\u8f66\u4e8b\u6545\u6848\u4f8b\u7684\u654f\u6377\u5206\u6790<\/strong><\/h3>\n<p>El primer paso en un accidente de auto o Filadelfia otros accidentes de veh\u00edculos de motor es determinar c\u00f3mo y por qu\u00e9 se produjo el accidente.MyPhillyLawyer \u5c06\u7ee7\u7eed\u52aa\u529b\u56de\u7b54\u8fd9\u4e9b\u95ee\u9898\u3002\u6211\u4eec\u5c06\u7acb\u5373\u91cd\u805a\u5e76\u4fdd\u5b58\u8fd9\u4e9b\u6d4b\u8bd5\u7ed3\u679c\uff0c\u4ee5\u4fbf\u4ee5\u4ed6\u4eec\u7684\u540d\u4e49\u63d0\u51fa\u66f4\u597d\u7684\u8bba\u636e\u3002\u5fc5\u8981\u65f6\uff0c\u6211\u4eec\u4f1a\u54a8\u8be2\u4e8b\u6545\u4e13\u5bb6\u548c\u533b\u5b66\u4e13\u5bb6\uff0c\u5e2e\u52a9\u6211\u4eec\u4e86\u89e3\u60a3\u8005\u7684\u60c5\u51b5\u548c\u4e25\u91cd\u7a0b\u5ea6\u3002<\/p>\n<p>\u6b64\u5916\uff0c\u6211\u4eec\u8fd8\u4e3a\u6240\u6709\u6848\u4ef6\u505a\u597d\u4e86\u51c6\u5907\uff0c\u5c31\u50cf\u8981\u63d0\u8d77\u8bc9\u8bbc\u4e00\u6837\u3002\u56e0\u6b64\uff0c\u5982\u679c\u4e00\u5bb6\u4fdd\u9669\u516c\u53f8\u4e0d\u5411\u6211\u4eec\u63d0\u4f9b\u6240\u9700\u7684\u670d\u52a1\uff0c\u6211\u4eec\u53ef\u4ee5\u5f88\u5bb9\u6613\u5730\u5728\u6cd5\u5ead\u4e0a\u627e\u5230\u6240\u9700\u7684\u670d\u52a1\u3002<\/p>\n<h3><strong>\u4e86\u89e3\u6c7d\u8f66\u4e8b\u6545\u540e\u7684\u6743\u5229<\/strong><\/h3>\n<p>\u5982\u9700\u4e86\u89e3\u6c7d\u8f66\u4e8b\u6545\u540e\u7684\u6cd5\u5f8b\u6743\u5229\u548c\u9009\u62e9\uff0c\u8bf7\u514d\u8d39\u62e8\u6253 MyPhillyLawyer \u7535\u8bdd (866) 352-4572\u3002\u60a8\u4e5f\u53ef\u4ee5\u514d\u8d39\u5411\u4eba\u8eab\u4f24\u5bb3\u5f8b\u5e08\u8fdb\u884c\u6b63\u5f0f\u54a8\u8be2\u3002<\/p>\n<p><strong>\u6ca1\u6709\u6062\u590d......\u6ca1\u6709\u8d39\u7528......\u4fdd\u8bc1\u3002<\/strong><\/p>\n<\/article>\n<\/div>\n<\/div>\n<\/div>\n<div class=\"column-side\"><\/div>","protected":false},"excerpt":{"rendered":"<p>Accidentes de Auto en Filadelfia Abogados de Accidentes Automovil\u00edsticos en Filadelfia Cada a\u00f1o, la Administraci\u00f3n Nacional de Seguridad del Tr\u00e1fico por carretera les informas alrededor de 1,500 muertes en Pennsylvania debido a accidentes de vehculos de motor.\u4e25\u91cd\u6b7b\u4ea1\u4eba\u6570\u66f4\u591a\u3002\u5982\u679c\u60a8\u6216\u60a8\u7684\u4eb2\u4eba\u5728\u4e8b\u6545\u4e2d\u53d7\u4f24\uff0c\u8bf7\u8054\u7cfb\u6211\u4eec\u3002<\/p>","protected":false},"author":9,"featured_media":0,"parent":4361,"menu_order":0,"comment_status":"closed","ping_status":"closed","template":"","meta":{"_acf_changed":false,"jetpack_post_was_ever_published":false,"footnotes":""},"class_list":["post-4363","page","type-page","status-publish","hentry"],"acf":[],"jetpack_sharing_enabled":true,"_links":{"self":[{"href":"https:\/\/www.myphillylawyer.com\/zh\/wp-json\/wp\/v2\/pages\/4363","targetHints":{"allow":["GET"]}}],"collection":[{"href":"https:\/\/www.myphillylawyer.com\/zh\/wp-json\/wp\/v2\/pages"}],"about":[{"href":"https:\/\/www.myphillylawyer.com\/zh\/wp-json\/wp\/v2\/types\/page"}],"author":[{"embeddable":true,"href":"https:\/\/www.myphillylawyer.com\/zh\/wp-json\/wp\/v2\/users\/9"}],"replies":[{"embeddable":true,"href":"https:\/\/www.myphillylawyer.com\/zh\/wp-json\/wp\/v2\/comments?post=4363"}],"version-history":[{"count":3,"href":"https:\/\/www.myphillylawyer.com\/zh\/wp-json\/wp\/v2\/pages\/4363\/revisions"}],"predecessor-version":[{"id":8773,"href":"https:\/\/www.myphillylawyer.com\/zh\/wp-json\/wp\/v2\/pages\/4363\/revisions\/8773"}],"up":[{"embeddable":true,"href":"https:\/\/www.myphillylawyer.com\/zh\/wp-json\/wp\/v2\/pages\/4361"}],"wp:attachment":[{"href":"https:\/\/www.myphillylawyer.com\/zh\/wp-json\/wp\/v2\/media?parent=4363"}],"curies":[{"name":"wp","href":"https:\/\/api.w.org\/{rel}","templated":true}]}}