{"id":4368,"date":"2017-01-25T22:24:14","date_gmt":"2017-01-26T03:24:14","guid":{"rendered":"https:\/\/www.myphillylawyer.com\/?page_id=4368"},"modified":"2021-02-12T18:21:47","modified_gmt":"2021-02-12T23:21:47","slug":"abogado-de-philadelphia-de-lesiones-personales","status":"publish","type":"page","link":"https:\/\/www.myphillylawyer.com\/zh\/espanol\/abogado-de-philadelphia-de-lesiones-personales\/","title":{"rendered":"Abogado de Philadelphia de Lesiones Personales"},"content":{"rendered":"<div class=\"container-column-main\">\n<div class=\"column-main\">\n<div class=\"column-main-content-container\">\n<article id=\"content\" class=\"content\"><strong>\u8d62\u5f97\u66f4\u91cd\u8981<\/strong><\/p>\n<p><strong>Abogados de Philadelphia de Lesiones Personales<\/strong><\/p>\n<p>MyPhillyLawyer es un establecido bufete de abogados en Philadelphia de lesiones personales con m\u00e1s de 100 a\u00f1os de experiencia combinada entre nuestros abogados.\u6211\u4eec Philadelphia \u7684\u5f8b\u5e08\u4ee3\u8868\u56e0\u758f\u5ffd\u800c\u906d\u53d7\u635f\u5bb3\u7684\u5ba2\u6237\u3002\u6b64\u5916\uff0c\u6211\u4eec\u8fd8\u4ee3\u8868\u56e0\u4ed6\u4eba\u8fc7\u5931\u9020\u6210\u610f\u5916\u6b7b\u4ea1\u800c\u63d0\u51fa\u975e\u6cd5\u6b7b\u4ea1\u8981\u6c42\u7684\u5bb6\u5ead\u3002\u6211\u4eec\u81f4\u529b\u4e8e\u4e3a\u5ba2\u6237\u63d0\u4f9b\u4e13\u4e1a\u7684\u6cd5\u5f8b\u4ee3\u7406\uff0c\u4ee5\u4fbf\u4e3a\u5ba2\u6237\u4e89\u53d6\u6700\u5927\u7684\u8d54\u507f\u3002<\/p>\n<p>\u5982\u679c\u60a8\u56e0\u4ed6\u4eba\u7684\u758f\u5ffd\u800c\u906d\u53d7\u4e86\u67d0\u4e9b\u635f\u5931\uff0c\u8bf7\u7acb\u5373\u8054\u7cfb\u6211\u4eec\u516c\u53f8\u7684 Philadelphia \u4eba\u8eab\u4f24\u5bb3\u5f8b\u5e08\u3002<\/p>\n<p>Nosotros manejamos los casos de lesiones de accidente de\uff1a<\/p>\n<ul>\n<li>\u673a\u52a8\u8f66\u4e8b\u6545\n<ul>\n<li>\u6c7d\u8f66\u4e8b\u6545<\/li>\n<li>\u610f\u5916\u4e8b\u6545<\/li>\n<li class=\"last-child\">\u6469\u6258\u8f66\u4e8b\u6545<\/li>\n<\/ul>\n<\/li>\n<li>\u5de5\u4f24\u4e8b\u6545<\/li>\n<li>\u533b\u7597\u758f\u5ffd\n<ul>\n<li class=\"last-child\">\u5728\u8001\u4eba\u5c45\u4f4f\u533a\u7684\u8650\u5f85\u884c\u4e3a<\/li>\n<\/ul>\n<\/li>\n<li>\u65b0\u751f\u513f\u75be\u75c5<\/li>\n<li>\u5730\u65b9\u8d23\u4efb<\/li>\n<li>\u4e25\u91cd\u635f\u4f24<\/li>\n<li class=\"last-child\">\u6709\u5bb3\u548c\u6709\u7f3a\u9677\u7684\u533b\u7597\u4ea7\u54c1<\/li>\n<\/ul>\n<p><strong>\u4e3a\u4ec0\u4e48\u4e0e\u5bbe\u5915\u6cd5\u5c3c\u4e9a\u5dde\u7684\u4e8b\u6545\u5f8b\u5e08\u4e8b\u52a1\u6240\u7b7e\u7ea6\uff1f<\/strong><\/p>\n<p>\u5728\u6bcf\u4e00\u8d77\u4eba\u8eab\u4f24\u5bb3\u4e8b\u6545\u4e2d\uff0c\u4e3a\u5ba2\u6237\u63d0\u4f9b\u4f18\u8d28\u670d\u52a1\u662f\u6211\u4eec\u7684\u9996\u8981\u4efb\u52a1\u3002\u5982\u679c\u60a8\u7684\u5bb6\u5ead\u6210\u5458\u56e0\u610f\u5916\u4e8b\u6545\u6216\u5c45\u4f4f\u5730\u7684\u8001\u4eba\u56e0\u533b\u7597\u758f\u5ffd\u800c\u53d7\u4f24\uff0c\u6211\u4eec Philadelphia \u7684\u5f8b\u5e08\u4f1a\u53ca\u65f6\u901a\u77e5\u60a8\u3002\u60a8\u53ef\u4ee5\u4e86\u89e3\u81ea\u5df1\u7684\u6848\u4ef6\u60c5\u51b5\u3002\u60a8\u53ef\u4ee5\u786e\u4fe1\u6211\u4eec\u6b63\u5728\u52aa\u529b\u786e\u4fdd\u60a8\u5f97\u5230\u9002\u5f53\u7684\u8d54\u507f\u3002<\/p>\n<p>\u4e0e\u6211\u4eec\u7684 Filadelfia \u5f8b\u5e08\u4e8b\u52a1\u6240\u7b7e\u7ea6\u7684\u5176\u4ed6\u7406\u7531\u5305\u62ec<\/p>\n<ul>\n<li>\u6211\u4eec\u5bbe\u5915\u6cd5\u5c3c\u4e9a\u5dde\u7684\u5f8b\u5e08\u62e5\u6709\u8d85\u8fc7 100 \u5e74\u7684\u4e30\u5bcc\u7ecf\u9a8c\u3002<\/li>\n<li>\u4e0e\u4e2a\u6027\u5316\u670d\u52a1\u76f8\u7ed3\u5408\u7684\u4ee3\u7406\u670d\u52a1\u3002<\/li>\n<li>\u6211\u4eec\u7684\u516c\u53f8\u5728\u6b96\u6c11\u5730\u548c\u6cd5\u5b98\u5224\u51b3\u65b9\u9762\u4eab\u6709\u76db\u8a89\u3002<\/li>\n<li>Las lesiones personales y muerte injusta se tramitan los casos sobre la base de honorarios contingentes, lo que significa es que si no hay recuperaci\u00f3n, no hay honorarios.<\/li>\n<li>A pesar de que proporcionamos servicios limitados en defensa criminal y planificaci\u00f3n de bienes ra\u00edces, nuestro inter\u00e9s principal es ley de lesi\u00f3n personal.Sabemos como impugnar las t\u00e1cticas de una compa\u00f1\u00eda de seguros los ajustadores o abogados defensores de los seguros.<\/li>\n<li class=\"last-child\">\u5982\u679c\u5f97\u4e0d\u5230\u73b0\u5b9e\u7684\u89e3\u51b3\u65b9\u6848\uff0c\u4e5f\u4e0d\u8981\u541d\u60dc\u5c06\u6848\u4ef6\u8bc9\u8bf8\u6cd5\u5f8b\u3002<\/li>\n<\/ul>\n<p>\u8bf7\u7acb\u5373\u4e0e\u6211\u4eec\u7684\u5f8b\u5e08\u4e8b\u52a1\u6240\u8054\u7cfb\uff0c\u4ee5\u4fbf\u514d\u8d39\u54a8\u8be2 Filadelfia de lesiones personales \u7684\u4ee3\u7406\u5f8b\u5e08\u3002<\/p>\n<p>\u8bf7\u67e5\u9605\u6211\u4eec\u7684 \"\u4eba\u8eab\u4f24\u5bb3\u4fe1\u606f\u4e2d\u5fc3\"\uff08Lesiones Personales Centro de Informaci\u00f3n\uff09\uff0c\u4ee5\u83b7\u53d6\u6709\u5173\u60a8\u53ef\u9009\u62e9\u7684\u6cd5\u5f8b\u9014\u5f84\u7684\u95ee\u9898\u89e3\u7b54\u548c\u91cd\u8981\u4fe1\u606f\u3002<\/p>\n<p><strong>\u5982\u679c\u6ca1\u6709\u6062\u590d......\u6ca1\u6709\u4efb\u4f55\u8d39\u7528......\u4fdd\u8bc1\u3002<\/strong><\/p>\n<\/article>\n<\/div>\n<\/div>\n<\/div>","protected":false},"excerpt":{"rendered":"<p>Cuando ganar importa m\u00e1s Abogados de Philadelphia de Lesiones Personales MyPhillyLawyer es un establecido bufete de abogados en Philadelphia de lesiones personales con m\u00e1s de 100 a\u00f1os de experiencia combinada entre nuestros abogados.\u6211\u4eec Philadelphia \u7684\u5f8b\u5e08\u4ee3\u8868\u56e0\u758f\u5ffd\u800c\u906d\u53d7\u635f\u5bb3\u7684\u5ba2\u6237\u3002\u6211\u4eec\u8fd8\u4ee3\u8868\u56e0\u758f\u5ffd\u800c\u53d7\u5230\u4f24\u5bb3\u7684\u5bb6\u5ead\u3002<\/p>","protected":false},"author":9,"featured_media":0,"parent":4361,"menu_order":0,"comment_status":"closed","ping_status":"closed","template":"","meta":{"_acf_changed":false,"jetpack_post_was_ever_published":false,"footnotes":""},"class_list":["post-4368","page","type-page","status-publish","hentry"],"acf":[],"jetpack_sharing_enabled":true,"_links":{"self":[{"href":"https:\/\/www.myphillylawyer.com\/zh\/wp-json\/wp\/v2\/pages\/4368","targetHints":{"allow":["GET"]}}],"collection":[{"href":"https:\/\/www.myphillylawyer.com\/zh\/wp-json\/wp\/v2\/pages"}],"about":[{"href":"https:\/\/www.myphillylawyer.com\/zh\/wp-json\/wp\/v2\/types\/page"}],"author":[{"embeddable":true,"href":"https:\/\/www.myphillylawyer.com\/zh\/wp-json\/wp\/v2\/users\/9"}],"replies":[{"embeddable":true,"href":"https:\/\/www.myphillylawyer.com\/zh\/wp-json\/wp\/v2\/comments?post=4368"}],"version-history":[{"count":3,"href":"https:\/\/www.myphillylawyer.com\/zh\/wp-json\/wp\/v2\/pages\/4368\/revisions"}],"predecessor-version":[{"id":8774,"href":"https:\/\/www.myphillylawyer.com\/zh\/wp-json\/wp\/v2\/pages\/4368\/revisions\/8774"}],"up":[{"embeddable":true,"href":"https:\/\/www.myphillylawyer.com\/zh\/wp-json\/wp\/v2\/pages\/4361"}],"wp:attachment":[{"href":"https:\/\/www.myphillylawyer.com\/zh\/wp-json\/wp\/v2\/media?parent=4368"}],"curies":[{"name":"wp","href":"https:\/\/api.w.org\/{rel}","templated":true}]}}