{"id":4371,"date":"2017-01-26T12:16:25","date_gmt":"2017-01-26T17:16:25","guid":{"rendered":"https:\/\/www.myphillylawyer.com\/?page_id=4371"},"modified":"2021-02-12T18:23:33","modified_gmt":"2021-02-12T23:23:33","slug":"philadelphia-abogados-planificacion-de-sucesiones","status":"publish","type":"page","link":"https:\/\/www.myphillylawyer.com\/zh\/espanol\/philadelphia-abogados-planificacion-de-sucesiones\/","title":{"rendered":"Philadelphia Abogados planificaci\u00f3n de sucesiones"},"content":{"rendered":"<p><strong>Philadelphia Planificaci\u00f3n de sucesiones<\/strong><\/p>\n<p><strong>Philadelphia Abogados planificaci\u00f3n de sucesiones<\/strong><\/p>\n<p>\u5728 MyPhillyLawyer\uff0c\u4e3a\u5ba2\u6237\u63d0\u4f9b\u4f18\u8d28\u670d\u52a1\u662f\u6211\u4eec\u7684\u9996\u8981\u4efb\u52a1\u3002\u6211\u4eec\u8ba4\u8bc6\u5230\uff0c\u8bb8\u591a\u4eba\u5b81\u613f\u4e0d\u8003\u8651\u6b7b\u4ea1\u6216\u65e0\u884c\u4e3a\u80fd\u529b\u7684\u95ee\u9898\u3002\u6211\u4eec\u4e5f\u8ba4\u8bc6\u5230\u5ffd\u89c6\u8fd9\u4e9b\u95ee\u9898\u7684\u540e\u679c\u3002\u56e0\u6b64\uff0c\u6211\u4eec\u8981\u91c7\u53d6\u79ef\u6781\u4e3b\u52a8\u7684\u6001\u5ea6\u6765\u89e3\u91ca\u6cd5\u5f8b\uff0c\u544a\u77e5\u6211\u4eec\u6240\u6709\u7684\u5ba2\u6237\u4ed6\u4eec\u7684\u9009\u62e9\uff0c\u5e76\u8ba9\u4ed6\u4eec\u505a\u51fa\u660e\u667a\u7684\u51b3\u5b9a\u3002<\/p>\n<p>\u5982\u9700\u4e0e\u5f8b\u5e08\u5c31\u63a5\u73ed\u8ba1\u5212\u548c\u6d3b\u52a8\u4eba\u58eb\u4fdd\u62a4\u9700\u6c42\u8fdb\u884c\u4ea4\u6d41\uff0c\u8bf7\u81f4\u7535 (866) 352-4572 \u3002<\/p>\n<p><strong>Philadelphia \u7684\u6210\u529f\u5e73\u9762\u8d28\u91cf<\/strong><\/p>\n<p>Nestro Philadelphia Abogados planificaci\u00f3n de sucesi\u00f3n ayudar a sus clientes a comunicar sus deseos a sus seres queridos a trav\u00e9s cuidadosamente redactado planes de sucesi\u00f3n.\u8fd9\u4e9b\u8ba1\u5212\u53ef\u4ee5\u662f\u7b80\u5355\u7684\uff0c\u4e5f\u53ef\u4ee5\u662f\u5168\u9762\u7684\uff0c\u89c6\u5ba2\u6237\u7684\u9700\u8981\u800c\u5b9a\u3002\u5b9e\u7528\u7684\u6210\u529f\u8ba1\u5212\u5305\u62ec\uff1a<\/p>\n<ul>\n<li>\u9057\u5631\u548c\u534f\u8bae\uff1a\u6211\u4eec\u53ef\u4ee5\u5e2e\u52a9\u60a8\u901a\u8fc7\u6700\u540e\u7684\u81ea\u613f\u4e66\u548c\u9057\u5631\u6765\u8868\u8fbe\u60a8\u5bf9\u8d22\u4ea7\u5206\u914d\u7684\u610f\u613f\u3002\u6211\u4eec\u53ef\u4ee5\u5e2e\u52a9\u60a8\u907f\u514d\u5bb6\u5ead\u6210\u5458\u4e4b\u95f4\u7684\u4e89\u6267\uff0c\u786e\u4fdd\u5b8c\u6210\u548c\u6267\u884c\u81ea\u613f\u4e66\u7684\u7a0b\u5e8f\u662f\u5408\u6cd5\u7684\u3002<\/li>\n<li>\u751f\u547d\u9057\u4e66\uff1a\u901a\u8fc7\u751f\u547d\u9057\u4e66\uff08\u4e5f\u88ab\u79f0\u4e3a \"\u533b\u7597\u4fdd\u5065\u9884\u671f\u6307\u5bfc\"\uff09\u8868\u8fbe\u81ea\u5df1\u5bf9\u4eb2\u4eba\u548c\u533b\u7597\u4e13 \u4e1a\u4eba\u5458\u6700\u540e\u9636\u6bb5\u7684\u51b3\u5b9a\u3002<\/li>\n<li>\u4ee3\u8868\u6743\uff1a\u533b\u7597\u4fdd\u5065\u4ee3\u8868\u6743\u5141\u8bb8\u6307\u5b9a\u4e00\u4e2a\u4eba\u5c31\u533b\u7597\u4fdd\u5065\u95ee\u9898\u4f5c\u51fa\u51b3\u5b9a\uff0c\u8be5\u4eba\u5fc5\u987b\u6709\u80fd\u529b \u4f5c\u51fa\u8fd9\u4e9b\u51b3\u5b9a\u3002<\/li>\n<li>\u5047\u60c5\u62a5\uff1a\u4eba\u4eec\u5728\u5176\u6210\u529f\u8ba1\u5212\u4e2d\u4f7f\u7528\u4fe1\u6258\u57fa\u91d1\u7684\u7406\u7531\u5404\u4e0d\u76f8\u540c\uff0c\u6709\u7684\u662f\u51fa\u4e8e\u5173\u7231\uff0c\u6709\u7684\u662f\u51fa\u4e8e\u63a7\u5236\uff0c\u6709\u7684\u662f\u4e3a\u4e86\u907f\u514d\u5408\u6cd5\u5316\uff0c\u8fd8\u6709\u8bb8\u591a\u5176\u4ed6\u539f\u56e0\u3002\u6211\u4eec\u5c06\u5e2e\u52a9\u60a8\u8bc4\u4f30\u81ea\u5df1\u7684\u9700\u6c42\uff0c\u5e76\u786e\u5b9a\u5bb6\u5ead\u7406\u8d22\u662f\u5426\u662f\u9002\u5408\u60a8\u7684\u6210\u529f\u8ba1\u5212\u7684\u5de5\u5177\u3002<\/li>\n<li class=\"last-child\">\u79bb\u5a5a\u540e\u7684\u6210\u529f\u8ba1\u5212\u670d\u52a1\uff1a\u79bb\u5a5a\u540e\u7684\u6210\u529f\u8ba1\u5212\u53ef\u80fd\u65e0\u6cd5\u53cd\u6620\u5f53\u524d\u7684\u9700\u6c42\uff0c\u5c24\u5176\u662f\u79bb\u5a5a\u540e\u7684\u9700\u6c42\u3002\u6211\u4eec\u53ef\u4ee5\u5e2e\u52a9\u60a8\u4fee\u6539\u6210\u529f\u8ba1\u5212\uff0c\u6216\u5728\u5bb6\u5ead\u53d1\u751f\u53d8\u5316\u540e\u5236\u5b9a\u65b0\u7684\u6210\u529f\u8ba1\u5212\u3002<\/li>\n<\/ul>\n<p><strong>\u7ee7\u627f\u8bc9\u8bbc\u548c\u7ee7\u627f\u7ba1\u7406\u8bc9\u8bbc<\/strong><\/p>\n<p>\u5728\u8d22\u4ea7\u53ef\u4ee5\u5206\u914d\u7ed9\u7ee7\u627f\u4eba\u6216\u53d7\u76ca\u4eba\u4e4b\u524d\uff0c\u5fc5\u987b\u8fdb\u884c\u4e00\u9879\u91cd\u8981\u7684\u7a0b\u5e8f\uff0c\u5373\u6cd5\u5b9a\u9057\u5631\u6216\u7ee7\u627f\u7ba1\u7406\u7a0b\u5e8f\u3002\u8be5\u7a0b\u5e8f\u5305\u62ec\uff1a<\/p>\n<ul>\n<li>\u81ea\u613f\u9a8c\u8bc1<\/li>\n<li>\u6210\u529f\u9884\u544a\u548c\u91cd\u65b0\u83b7\u5f97\u6fc0\u6d3b\u4fe1\u606f<\/li>\n<li>\u89e3\u51b3\u4e89\u8bae<\/li>\n<li>\u7f34\u7eb3\u7a0e\u6b3e<\/li>\n<li class=\"last-child\">\u6309\u7167\u9057\u4ea7\u7ee7\u627f\u4eba\u6216\u53d7\u76ca\u4eba\u7684\u81ea\u613f\u6216\u610f\u5411\uff0c\u5c06\u5269\u4f59\u7684\u9057\u4ea7\u5206\u914d\u7ed9\u4ed6\u4eec<\/li>\n<\/ul>\n<p>\u6211\u4eec\u53ef\u4ee5\u901a\u8fc7\u9057\u5631\u548c\u9057\u4ea7\u7ba1\u7406\u7a0b\u5e8f\u4e3a\u5ba2\u6237\u5bb6\u5ead\u63d0\u4f9b\u5e2e\u52a9\u3002\u6b64\u5916\uff0c\u5982\u679c\u5b58\u5728\u4e89\u8bae\uff0c\u6211\u4eec\u8fd8\u5728\u7ee7\u627f\u8bc9\u8bbc\u4e2d\u4ee3\u8868\u5ba2\u6237\u3002<\/p>\n<p><strong>\u5bbe\u5915\u6cd5\u5c3c\u4e9a\u5dde\u5f8b\u5e08\u81ea\u613f\u4f5c\u8bc1\u548c\u9057\u5631\u516c\u8bc1<\/strong><\/p>\n<p>\u6b32\u4e86\u89e3\u66f4\u591a\u6709\u5173\u5bbe\u5915\u6cd5\u5c3c\u4e9a\u5dde\u9057\u4ea7\u89c4\u5212\u548c\u5408\u6cd5\u5316\u670d\u52a1\u7684\u4fe1\u606f\uff0c\u6216\u8ba1\u5212\u54a8\u8be2 Philadelphia \u5f8b\u5e08\u9057\u5631\u548c\u516c\u8bc1\u4e13\u5bb6\uff0c\u8bf7\u4e0e\u6211\u4eec\u7684\u5f8b\u5e08\u4e8b\u52a1\u6240\u8054\u7cfb\u3002<\/p>","protected":false},"excerpt":{"rendered":"<p>Philadelphia planificaci\u00f3n de sucesiones Philadelphia Abogados planificaci\u00f3n de sucesiones En MyPhillyLawyer, ofrecer un serviceicio de calidad a nuestros clientes es una prioridad.\u6211\u4eec\u8ba4\u8bc6\u5230\uff0c\u8bb8\u591a\u4eba\u5b81\u613f\u4e0d\u8003\u8651\u6b7b\u4ea1\u6216\u65e0\u884c\u4e3a\u80fd\u529b\u65b9\u9762\u7684\u95ee\u9898\u3002\u6211\u4eec\u4e5f\u8ba4\u8bc6\u5230\u5ffd\u89c6\u8fd9\u4e9b\u95ee\u9898\u7684\u540e\u679c\u3002\u56e0\u6b64\uff0c\u91c7\u53d6\u79ef\u6781\u4e3b\u52a8\u7684\u6001\u5ea6\u6765\u89e3\u91ca\u6b7b\u4ea1\u6216\u65e0\u884c\u4e3a\u80fd\u529b\u7684\u95ee\u9898\u662f\u975e\u5e38\u91cd\u8981\u7684\u3002<\/p>","protected":false},"author":9,"featured_media":0,"parent":4361,"menu_order":0,"comment_status":"closed","ping_status":"closed","template":"","meta":{"_acf_changed":false,"jetpack_post_was_ever_published":false,"footnotes":""},"class_list":["post-4371","page","type-page","status-publish","hentry"],"acf":[],"jetpack_sharing_enabled":true,"_links":{"self":[{"href":"https:\/\/www.myphillylawyer.com\/zh\/wp-json\/wp\/v2\/pages\/4371","targetHints":{"allow":["GET"]}}],"collection":[{"href":"https:\/\/www.myphillylawyer.com\/zh\/wp-json\/wp\/v2\/pages"}],"about":[{"href":"https:\/\/www.myphillylawyer.com\/zh\/wp-json\/wp\/v2\/types\/page"}],"author":[{"embeddable":true,"href":"https:\/\/www.myphillylawyer.com\/zh\/wp-json\/wp\/v2\/users\/9"}],"replies":[{"embeddable":true,"href":"https:\/\/www.myphillylawyer.com\/zh\/wp-json\/wp\/v2\/comments?post=4371"}],"version-history":[{"count":2,"href":"https:\/\/www.myphillylawyer.com\/zh\/wp-json\/wp\/v2\/pages\/4371\/revisions"}],"predecessor-version":[{"id":5771,"href":"https:\/\/www.myphillylawyer.com\/zh\/wp-json\/wp\/v2\/pages\/4371\/revisions\/5771"}],"up":[{"embeddable":true,"href":"https:\/\/www.myphillylawyer.com\/zh\/wp-json\/wp\/v2\/pages\/4361"}],"wp:attachment":[{"href":"https:\/\/www.myphillylawyer.com\/zh\/wp-json\/wp\/v2\/media?parent=4371"}],"curies":[{"name":"wp","href":"https:\/\/api.w.org\/{rel}","templated":true}]}}